{"id":27652,"date":"2025-05-11T00:24:36","date_gmt":"2025-05-10T21:24:36","guid":{"rendered":"https:\/\/tasarim.yusufkecici.com.tr\/urun\/crochet-side-tie-mesh-top-with-vibrant-color-handmade-crochet-bib-sweater-crochet-ribbed-vest-sunny-side-up-tank-top-festival-top\/"},"modified":"2025-08-10T16:01:06","modified_gmt":"2025-08-10T13:01:06","slug":"yandan-baglamali-suveter","status":"publish","type":"product","link":"https:\/\/tuffhandicraft.com\/ru\/magaza\/yelek\/yandan-baglamali-suveter\/","title":{"rendered":"\u0421\u0432\u0438\u0442\u0435\u0440 \u0441 \u0437\u0430\u0432\u044f\u0437\u043a\u0430\u043c\u0438 \u043f\u043e \u0431\u043e\u043a\u0430\u043c \u2014 \u0443\u043d\u0438\u043a\u0430\u043b\u044c\u043d\u044b\u0439 \u0441\u0442\u0438\u043b\u044c \u0438 \u0440\u0435\u0433\u0443\u043b\u0438\u0440\u0443\u0435\u043c\u044b\u0439 \u0434\u0438\u0437\u0430\u0439\u043d"},"content":{"rendered":"<h3 data-start=\"153\" data-end=\"226\">\ud83e\uddf6 <strong data-start=\"160\" data-end=\"226\">\u0421\u0432\u0438\u0442\u0435\u0440 \u0441 \u0437\u0430\u0432\u044f\u0437\u043a\u0430\u043c\u0438 \u043f\u043e \u0431\u043e\u043a\u0430\u043c \u2014 \u0443\u043d\u0438\u043a\u0430\u043b\u044c\u043d\u044b\u0439 \u0441\u0442\u0438\u043b\u044c \u0438 \u0440\u0435\u0433\u0443\u043b\u0438\u0440\u0443\u0435\u043c\u044b\u0439 \u0434\u0438\u0437\u0430\u0439\u043d<\/strong><\/h3>\n<p data-start=\"228\" data-end=\"536\">Bu el yap\u0131m\u0131 yandan ba\u011flamal\u0131 s\u00fcveter, \u00f6zg\u00fcn file dokusu ve enerjik renk ge\u00e7i\u015fleriyle yaz aylar\u0131n\u0131n en dikkat \u00e7ekici par\u00e7alar\u0131ndan biri. V\u00fccudu saran ya da daha rahat bir form isteyenler i\u00e7in ayarlanabilir ba\u011flama detay\u0131 sunar. Boho, retro ya da festival ruhunu ta\u015f\u0131yan kombinlerde rahatl\u0131kla kullan\u0131labilir.<\/p>\n<hr data-start=\"538\" data-end=\"541\" \/>\n<h3 data-start=\"543\" data-end=\"571\">\ud83e\uddf5 <strong data-start=\"550\" data-end=\"569\">\u0421\u0443\u0449\u0435\u0441\u0442\u0432\u0435\u043d\u043d\u0430\u044f \u0438\u043d\u0444\u043e\u0440\u043c\u0430\u0446\u0438\u044f<\/strong><img loading=\"lazy\" decoding=\"async\" class=\"wd-lazy-fade size-full wp-image-28000 alignright\" style=\"color: #333333; font-size: 16px;\" src=\"https:\/\/tuffhandicraft.com\/wp-content\/themes\/woodmart\/images\/lazy.svg\" data-src=\"https:\/\/tuffhandicraft.com\/wp-content\/uploads\/2021\/08\/footer-logo-1.png\" alt=\"Yandan Ba\u011flamal\u0131 S\u00fcveter \" width=\"220\" height=\"40\" title=\"\" srcset=\"\" data-srcset=\"https:\/\/tuffhandicraft.com\/wp-content\/uploads\/2021\/08\/footer-logo-1.png 220w, https:\/\/tuffhandicraft.com\/wp-content\/uploads\/2021\/08\/footer-logo-1-150x27.png 150w\" sizes=\"auto, (max-width: 220px) 100vw, 220px\" \/><\/h3>\n<p data-start=\"572\" data-end=\"801\">Pamuklu ipliklerle el \u00f6rg\u00fcs\u00fc olarak \u00fcretilmi\u015ftir. File dokusu sayesinde nefes al\u0131r, s\u0131cak havalarda cildi serin tutar. Hafif ve esnek yap\u0131s\u0131yla konforlu bir deneyim sunar. Cilt dostudur, sentetik i\u00e7erik bar\u0131nd\u0131rmaz.<\/p>\n<hr data-start=\"803\" data-end=\"806\" \/>\n<h3 data-start=\"808\" data-end=\"845\">\u2600\ufe0f <strong data-start=\"815\" data-end=\"843\">\u041e\u0431\u043b\u0430\u0441\u0442\u044c \u043f\u0440\u0438\u043c\u0435\u043d\u0435\u043d\u0438\u044f \u0438 \u043a\u043e\u043c\u0444\u043e\u0440\u0442<\/strong><\/h3>\n<ul data-start=\"846\" data-end=\"1137\">\n<li data-start=\"846\" data-end=\"912\">\n<p data-start=\"848\" data-end=\"912\">Yandan ba\u011flamal\u0131 yap\u0131s\u0131 sayesinde farkl\u0131 bedenlere uyum sa\u011flar<\/p>\n<\/li>\n<li data-start=\"913\" data-end=\"994\">\n<p data-start=\"915\" data-end=\"994\">Plaj, <a href=\"https:\/\/tuffhandicraft.com\/ru\/%d0%bf%d1%80%d0%be%d0%b4%d1%83%d0%ba%d1%82\/denizkizi-rave-crop-top\/\">festival,<\/a> brunch veya \u015fehirde g\u00fcnl\u00fck kombinlerde rahat\u00e7a kullan\u0131labilir<\/p>\n<\/li>\n<li data-start=\"995\" data-end=\"1082\">\n<p data-start=\"997\" data-end=\"1082\">Bralet, bikini ya da i\u00e7 \u00e7ama\u015f\u0131r\u0131 \u00fczerine giyilerek cesur ve \u00f6zg\u00fcn bir g\u00f6r\u00fcn\u00fcm sunar<\/p>\n<\/li>\n<li data-start=\"1083\" data-end=\"1137\">\n<p data-start=\"1085\" data-end=\"1137\">Yaz ve bahar mevsiminde hafifli\u011fiyle konfor sa\u011flar<\/p>\n<\/li>\n<\/ul>\n<hr data-start=\"1139\" data-end=\"1142\" \/>\n<h3 data-start=\"1144\" data-end=\"1169\">\ud83c\udfa8 <strong data-start=\"1151\" data-end=\"1167\">\u041f\u0440\u0435\u0434\u043b\u043e\u0436\u0435\u043d\u0438\u0435 \u0441\u0442\u0438\u043b\u044f<\/strong><\/h3>\n<p data-start=\"1170\" data-end=\"1482\">Y\u00fcksek bel jean \u015fort, geni\u015f pa\u00e7a pantolon ya da mini eteklerle kombinlendi\u011finde \u00f6zg\u00fcn bir boho-festival g\u00f6r\u00fcn\u00fcm\u00fc yakalayabilirsin. \u0130\u00e7ine n\u00f6tr tonlarda bralet veya renkli bir bikini giyerek \u00e7ok katmanl\u0131 bir stil yaratmak m\u00fcmk\u00fcn. Renkli aksesuarlar ve \u00f6rg\u00fc \u00e7antalarla tamamlayarak uyumlu bir tarz elde edebilirsin.<\/p>\n<p data-start=\"1415\" data-end=\"1691\">\u0414\u043b\u044f \u0434\u0440\u0443\u0433\u0438\u0445 \u043c\u043e\u0434\u0435\u043b\u0435\u0439, \u043a\u043e\u0442\u043e\u0440\u044b\u0435 \u043c\u043e\u0433\u0443\u0442 \u043f\u043e\u0434\u043e\u0439\u0442\u0438 \u0432\u0430\u0448\u0435\u043c\u0443 \u0441\u0442\u0438\u043b\u044e \u0438 \u043d\u0435 \u0442\u043e\u043b\u044c\u043a\u043e, \u043f\u043e\u0441\u0435\u0442\u0438\u0442\u0435 Tuff\u00a0<a href=\"https:\/\/www.pinterest.com\/TuffHandicraft01\/\" target=\"_blank\" rel=\"noopener\">\u041f\u0438\u043d\u0442\u0435\u0440\u0435\u0441\u0442<\/a>\u00a0\u043f\u043e\u0441\u0435\u0442\u0438\u0442\u0435 \u043c\u0438\u0440.<\/p>\n<hr data-start=\"1484\" data-end=\"1487\" \/>\n<h3 data-start=\"1489\" data-end=\"1533\">\u267b\ufe0f <strong data-start=\"1496\" data-end=\"1531\">\u0420\u0443\u0447\u043d\u0430\u044f \u0440\u0430\u0431\u043e\u0442\u0430 \u0438 \u044d\u043a\u043e\u043b\u043e\u0433\u0438\u0447\u043d\u0430\u044f \u043c\u043e\u0434\u0430<\/strong><\/h3>\n<p data-start=\"1534\" data-end=\"1756\">Bu yandan ba\u011flamal\u0131 s\u00fcveter, yava\u015f moda felsefesiyle ve etik \u00fcretim anlay\u0131\u015f\u0131yla elde \u00f6r\u00fclm\u00fc\u015ft\u00fcr. Her bir par\u00e7a farkl\u0131 dokunu\u015flara sahip oldu\u011fu i\u00e7in benzersizdir. Seri \u00fcretimden uzak, do\u011faya ve eme\u011fe sayg\u0131l\u0131 bir \u00fcretim s\u00fcrecinden ge\u00e7mi\u015ftir.<\/p>\n<hr data-start=\"1758\" data-end=\"1761\" \/>\n<h3 data-start=\"1763\" data-end=\"1793\">\ud83e\uddfc <strong data-start=\"1770\" data-end=\"1791\">\u0418\u043d\u0441\u0442\u0440\u0443\u043a\u0446\u0438\u0438 \u043f\u043e \u0443\u0445\u043e\u0434\u0443<\/strong><\/h3>\n<p data-start=\"1794\" data-end=\"1952\">So\u011fuk suda elde y\u0131kay\u0131n\u0131z. Makinede y\u0131kama veya s\u0131kma \u00f6nerilmez. D\u00fcz zeminde sererek kurutman\u0131z \u00fcr\u00fcn\u00fcn formunu ve dokusunu uzun s\u00fcre koruman\u0131za yard\u0131mc\u0131 olur.<\/p>\n<hr data-start=\"1954\" data-end=\"1957\" \/>\n<h3 data-start=\"1959\" data-end=\"2008\">\u2728 <strong data-start=\"1965\" data-end=\"2006\">Neden Bu S\u00fcveteri Tercih Etmelisiniz?<\/strong><\/h3>\n<ul data-start=\"2009\" data-end=\"2246\">\n<li data-start=\"2009\" data-end=\"2058\">\n<p data-start=\"2011\" data-end=\"2058\">%100 el \u00f6rg\u00fcs\u00fc, etik ve s\u00fcrd\u00fcr\u00fclebilir \u00fcretim<\/p>\n<\/li>\n<li data-start=\"2059\" data-end=\"2095\">\n<p data-start=\"2061\" data-end=\"2095\">Ayarlanabilir yan ba\u011flama detay\u0131<\/p>\n<\/li>\n<li data-start=\"2096\" data-end=\"2137\">\n<p data-start=\"2098\" data-end=\"2137\">File dokulu, hafif ve nefes alan yap\u0131<\/p>\n<\/li>\n<li data-start=\"2138\" data-end=\"2169\">\n<p data-start=\"2140\" data-end=\"2169\">Bohem, \u00f6zg\u00fcn ve modern stil<\/p>\n<\/li>\n<li data-start=\"2170\" data-end=\"2211\">\n<p data-start=\"2172\" data-end=\"2211\">Yazl\u0131k kombinlere kolayca uyum sa\u011flar<\/p>\n<\/li>\n<li data-start=\"2212\" data-end=\"2246\">\n<p data-start=\"2214\" data-end=\"2246\">Do\u011fa dostu ve zamans\u0131z tasar\u0131m<\/p>\n<\/li>\n<\/ul>\n<hr data-start=\"2248\" data-end=\"2251\" \/>","protected":false},"excerpt":{"rendered":"<p data-start=\"178\" data-end=\"356\">Yandan ba\u011flamal\u0131 s\u00fcveter, hafif file dokusu ve renkli tasar\u0131m\u0131yla yaz kombinlerine hareket ve \u00f6zg\u00fcnl\u00fck kat\u0131yor. Ayarlanabilir yap\u0131s\u0131yla farkl\u0131 bedenlere uyum sa\u011flar.<\/p>","protected":false},"featured_media":28234,"comment_status":"open","ping_status":"closed","template":"","meta":[],"product_brand":[691],"product_cat":[690],"product_tag":[1017,1015,1012,1001,1016,769,1019,1018,1014,762,1013,1011,861],"class_list":{"0":"post-27652","1":"product","2":"type-product","3":"status-publish","4":"has-post-thumbnail","6":"product_brand-tuffhandicraft","7":"product_cat-yelek","8":"product_tag-ayarlanabilir-suveter","9":"product_tag-boho-tarz-suveter","10":"product_tag-el-orgusu-suveter","11":"product_tag-el-yapimi-ust","12":"product_tag-festival-kombini","13":"product_tag-hediye-fikirleri","14":"product_tag-kadin-tig-isi-suveter","15":"product_tag-nefes-alan-file-bluz","16":"product_tag-renkli-file-ust","17":"product_tag-surdurulebilir-moda","18":"product_tag-tig-isi-yazlik-ust","19":"product_tag-yandan-baglamali-suveter","20":"product_tag-yazlik-tig-isi-bluz","22":"first","23":"instock","24":"taxable","25":"shipping-taxable","26":"purchasable","27":"product-type-variable"},"_links":{"self":[{"href":"https:\/\/tuffhandicraft.com\/ru\/wp-json\/wp\/v2\/product\/27652","targetHints":{"allow":["GET"]}}],"collection":[{"href":"https:\/\/tuffhandicraft.com\/ru\/wp-json\/wp\/v2\/product"}],"about":[{"href":"https:\/\/tuffhandicraft.com\/ru\/wp-json\/wp\/v2\/types\/product"}],"replies":[{"embeddable":true,"href":"https:\/\/tuffhandicraft.com\/ru\/wp-json\/wp\/v2\/comments?post=27652"}],"version-history":[{"count":0,"href":"https:\/\/tuffhandicraft.com\/ru\/wp-json\/wp\/v2\/product\/27652\/revisions"}],"wp:featuredmedia":[{"embeddable":true,"href":"https:\/\/tuffhandicraft.com\/ru\/wp-json\/wp\/v2\/media\/28234"}],"wp:attachment":[{"href":"https:\/\/tuffhandicraft.com\/ru\/wp-json\/wp\/v2\/media?parent=27652"}],"wp:term":[{"taxonomy":"product_brand","embeddable":true,"href":"https:\/\/tuffhandicraft.com\/ru\/wp-json\/wp\/v2\/product_brand?post=27652"},{"taxonomy":"product_cat","embeddable":true,"href":"https:\/\/tuffhandicraft.com\/ru\/wp-json\/wp\/v2\/product_cat?post=27652"},{"taxonomy":"product_tag","embeddable":true,"href":"https:\/\/tuffhandicraft.com\/ru\/wp-json\/wp\/v2\/product_tag?post=27652"}],"curies":[{"name":"wp","href":"https:\/\/api.w.org\/{rel}","templated":true}]}}