{"id":27654,"date":"2025-05-11T00:24:38","date_gmt":"2025-05-10T21:24:38","guid":{"rendered":"https:\/\/tasarim.yusufkecici.com.tr\/urun\/drawstring-raffia-bag-hand-knitted-tote-bag-eco-friendly-shoulder-bag-straw-summer-bag-pouch-bag-for-woman-gift-for-her\/"},"modified":"2025-08-21T17:36:45","modified_gmt":"2025-08-21T14:36:45","slug":"kagit-ip-buzgulu-omuz-cantasi","status":"publish","type":"product","link":"https:\/\/tuffhandicraft.com\/ru\/magaza\/canta\/omuz-cantasi\/kagit-ip-buzgulu-omuz-cantasi\/","title":{"rendered":"\u0421\u0443\u043c\u043a\u0430 \u0447\u0435\u0440\u0435\u0437 \u043f\u043b\u0435\u0447\u043e \u0441 \u0431\u0443\u043c\u0430\u0436\u043d\u043e\u0439 \u043d\u0438\u0442\u044c\u044e \u0438 \u0437\u0430\u0432\u044f\u0437\u043a\u043e\u0439 | 26 \u0447\u0430\u0441\u043e\u0432 \u0440\u0443\u043a\u043e\u0434\u0435\u043b\u0438\u044f"},"content":{"rendered":"<h1>\u0421\u0443\u043c\u043a\u0430 \u0447\u0435\u0440\u0435\u0437 \u043f\u043b\u0435\u0447\u043e \u0441 \u0431\u0443\u043c\u0430\u0436\u043d\u043e\u0439 \u043d\u0438\u0442\u044c\u044e \u0438 \u0437\u0430\u0432\u044f\u0437\u043a\u043e\u0439 \u2013 \u0440\u0443\u0447\u043d\u0430\u044f \u0440\u0430\u0431\u043e\u0442\u0430, \u043b\u0435\u0433\u043a\u0430\u044f \u0438 \u044d\u043a\u043e\u043b\u043e\u0433\u0438\u0447\u043d\u0430\u044f \u043a\u043e\u043d\u0441\u0442\u0440\u0443\u043a\u0446\u0438\u044f<\/h1>\n<h2>\u0421\u043e\u0437\u0434\u0430\u0439\u0442\u0435 \u044d\u043b\u0435\u0433\u0430\u043d\u0442\u043d\u043e\u0441\u0442\u044c \u0441 \u043f\u043e\u043c\u043e\u0449\u044c\u044e \u043d\u0430\u0442\u0443\u0440\u0430\u043b\u044c\u043d\u044b\u0445 \u0442\u0435\u043a\u0441\u0442\u0443\u0440<\/h2>\n<p>\u0413\u0434\u0435 \u0432\u0441\u0442\u0440\u0435\u0447\u0430\u044e\u0442\u0441\u044f \u044d\u043b\u0435\u0433\u0430\u043d\u0442\u043d\u043e\u0441\u0442\u044c \u0438 \u044d\u043a\u043e\u043b\u043e\u0433\u0438\u0447\u0435\u0441\u043a\u0438 \u0447\u0438\u0441\u0442\u044b\u0435 \u043c\u0430\u0442\u0435\u0440\u0438\u0430\u043b\u044b <strong>\u0421\u0443\u043c\u043a\u0430 \u0447\u0435\u0440\u0435\u0437 \u043f\u043b\u0435\u0447\u043e \u0441 \u0437\u0430\u0432\u044f\u0437\u043a\u043e\u0439 \u0438\u0437 \u0431\u0443\u043c\u0430\u0436\u043d\u043e\u0439 \u043d\u0438\u0442\u0438<\/strong>, \u0441\u0442\u0430\u043d\u0435\u0442 \u043d\u0435\u0437\u0430\u043c\u0435\u043d\u0438\u043c\u043e\u0439 \u0447\u0430\u0441\u0442\u044c\u044e \u0432\u0430\u0448\u0435\u0433\u043e \u043b\u0435\u0442\u043d\u0435\u0433\u043e \u043e\u0431\u0440\u0430\u0437\u0430. \u042d\u0442\u0430 \u0441\u0443\u043c\u043a\u0430 \u0438\u0434\u0435\u0430\u043b\u044c\u043d\u043e \u043f\u043e\u0434\u0445\u043e\u0434\u0438\u0442 \u0434\u043b\u044f \u0435\u0436\u0435\u0434\u043d\u0435\u0432\u043d\u043e\u0433\u043e \u0438\u0441\u043f\u043e\u043b\u044c\u0437\u043e\u0432\u0430\u043d\u0438\u044f, \u0430 \u0431\u043b\u0430\u0433\u043e\u0434\u0430\u0440\u044f \u043b\u0451\u0433\u043a\u043e\u043c\u0443 \u0438 \u043f\u0440\u0430\u043a\u0442\u0438\u0447\u043d\u043e\u043c\u0443 \u0434\u0438\u0437\u0430\u0439\u043d\u0443 \u0438\u0434\u0435\u0430\u043b\u044c\u043d\u043e \u043f\u043e\u0434\u043e\u0439\u0434\u0451\u0442 \u043a\u0430\u043a \u0434\u043b\u044f \u0433\u043e\u0440\u043e\u0434\u0441\u043a\u043e\u0439 \u0436\u0438\u0437\u043d\u0438, \u0442\u0430\u043a \u0438 \u0434\u043b\u044f \u043e\u0442\u043f\u0443\u0441\u043a\u0430.<\/p>\n<h2>\u0421\u0443\u0449\u0435\u0441\u0442\u0432\u0435\u043d\u043d\u0430\u044f \u0438\u043d\u0444\u043e\u0440\u043c\u0430\u0446\u0438\u044f<\/h2>\n<p><strong>%100 ka\u011f\u0131t ip<\/strong> \u042d\u0442\u0430 \u0441\u0443\u043c\u043a\u0430, \u0442\u0449\u0430\u0442\u0435\u043b\u044c\u043d\u043e \u0441\u0432\u044f\u0437\u0430\u043d\u043d\u0430\u044f \u0438\u0437 \u043d\u0430\u0442\u0443\u0440\u0430\u043b\u044c\u043d\u044b\u0445 \u0432\u043e\u043b\u043e\u043a\u043e\u043d, \u043f\u0440\u0435\u0434\u043b\u0430\u0433\u0430\u0435\u0442 \u044d\u043a\u043e\u043b\u043e\u0433\u0438\u0447\u043d\u0443\u044e \u0430\u043b\u044c\u0442\u0435\u0440\u043d\u0430\u0442\u0438\u0432\u0443. \u0417\u0430\u0441\u0442\u0451\u0436\u043a\u0430 \u043d\u0430 \u0448\u043d\u0443\u0440\u043e\u043a \u043e\u0431\u0435\u0441\u043f\u0435\u0447\u0438\u0432\u0430\u0435\u0442 \u043a\u0430\u043a \u044d\u0441\u0442\u0435\u0442\u0438\u0447\u043d\u044b\u0439 \u0432\u0438\u0434, \u0442\u0430\u043a \u0438 \u0431\u0435\u0437\u043e\u043f\u0430\u0441\u043d\u043e\u0441\u0442\u044c. \u0412\u043d\u0443\u0442\u0440\u0435\u043d\u043d\u0435\u0435 \u043f\u0440\u043e\u0441\u0442\u0440\u0430\u043d\u0441\u0442\u0432\u043e \u0434\u043e\u0441\u0442\u0430\u0442\u043e\u0447\u043d\u043e \u043f\u0440\u043e\u0441\u0442\u043e\u0440\u043d\u043e\u0435, \u0447\u0442\u043e\u0431\u044b \u0441 \u043a\u043e\u043c\u0444\u043e\u0440\u0442\u043e\u043c \u0440\u0430\u0437\u043c\u0435\u0441\u0442\u0438\u0442\u044c \u0432\u0441\u0435 \u043d\u0435\u043e\u0431\u0445\u043e\u0434\u0438\u043c\u044b\u0435 \u0435\u0436\u0435\u0434\u043d\u0435\u0432\u043d\u044b\u0435 \u0432\u0435\u0449\u0438.<\/p>\n<h2>\u041e\u0431\u043b\u0430\u0441\u0442\u044c \u043f\u0440\u0438\u043c\u0435\u043d\u0435\u043d\u0438\u044f \u0438 \u043a\u043e\u043c\u0444\u043e\u0440\u0442<\/h2>\n<p>\u0411\u043b\u0430\u0433\u043e\u0434\u0430\u0440\u044f \u043c\u044f\u0433\u043a\u043e\u0439 \u0442\u0435\u043a\u0441\u0442\u0443\u0440\u0435 \u0438 \u043b\u0451\u0433\u043a\u043e\u0441\u0442\u0438 \u0435\u0433\u043e \u0443\u0434\u043e\u0431\u043d\u043e \u043d\u043e\u0441\u0438\u0442\u044c \u043d\u0430 \u043f\u043b\u0435\u0447\u0435 \u0432\u0435\u0441\u044c \u0434\u0435\u043d\u044c. \u041e\u043d \u0431\u0443\u0434\u0435\u0442 \u0441 \u0432\u0430\u043c\u0438 \u043d\u0430 \u043f\u043b\u044f\u0436\u0435, \u043d\u0430 \u0440\u044b\u043d\u043a\u0435, \u043d\u0430 \u043a\u043e\u0444\u0435\u0439\u043d\u044b\u0445 \u0432\u0441\u0442\u0440\u0435\u0447\u0430\u0445 \u0438\u043b\u0438 \u0432\u043e \u0432\u0440\u0435\u043c\u044f \u043f\u0440\u043e\u0433\u0443\u043b\u043e\u043a \u043f\u043e \u0433\u043e\u0440\u043e\u0434\u0443.<\/p>\n<h2>\u041f\u0440\u0435\u0434\u043b\u043e\u0436\u0435\u043d\u0438\u0435 \u0441\u0442\u0438\u043b\u044f<\/h2>\n<p>\u0421\u043e\u043b\u043e\u043c\u0435\u043d\u043d\u044b\u0435 \u0448\u043b\u044f\u043f\u044b, \u043b\u0435\u0442\u043e <a href=\"https:\/\/tuffhandicraft.com\/ru\/%d0%ba%d0%b0%d1%82%d0%b5%d0%b3%d0%be%d1%80%d0%b8%d1%8f+%d0%bf%d1%80%d0%be%d0%b4%d1%83%d0%ba%d1%82%d0%b0\/yelek\/\">\u0436\u0438\u043b\u0435\u0442\u044b<\/a>\u0412\u044b \u043c\u043e\u0436\u0435\u0442\u0435 \u0441\u043e\u0437\u0434\u0430\u0442\u044c \u0435\u0441\u0442\u0435\u0441\u0442\u0432\u0435\u043d\u043d\u044b\u0439 \u0438 \u043d\u0435\u043f\u0440\u0438\u043d\u0443\u0436\u0434\u0435\u043d\u043d\u044b\u0439 \u043b\u0435\u0442\u043d\u0438\u0439 \u0441\u0442\u0438\u043b\u044c, \u0441\u043e\u0447\u0435\u0442\u0430\u044f \u0435\u0433\u043e \u0441 \u043f\u0440\u043e\u0441\u0442\u044b\u043c\u0438 \u0444\u0443\u0442\u0431\u043e\u043b\u043a\u0430\u043c\u0438 \u0438 \u0441\u0430\u043d\u0434\u0430\u043b\u0438\u044f\u043c\u0438.<img loading=\"lazy\" decoding=\"async\" class=\"wd-lazy-fade size-full wp-image-28000 alignright\" src=\"https:\/\/tuffhandicraft.com\/wp-content\/themes\/woodmart\/images\/lazy.svg\" data-src=\"https:\/\/tuffhandicraft.com\/wp-content\/uploads\/2021\/08\/footer-logo-1.png\" alt=\"K\u0131rm\u0131z\u0131 Kalpli \u00d6rg\u00fc Balaklava\" width=\"220\" height=\"40\" title=\"\" srcset=\"\" data-srcset=\"https:\/\/tuffhandicraft.com\/wp-content\/uploads\/2021\/08\/footer-logo-1.png 220w, https:\/\/tuffhandicraft.com\/wp-content\/uploads\/2021\/08\/footer-logo-1-150x27.png 150w\" sizes=\"auto, (max-width: 220px) 100vw, 220px\" \/><\/p>\n<h2>\u0420\u0443\u0447\u043d\u0430\u044f \u0440\u0430\u0431\u043e\u0442\u0430 \u0438 \u0443\u0441\u0442\u043e\u0439\u0447\u0438\u0432\u043e\u0435 \u0440\u0430\u0437\u0432\u0438\u0442\u0438\u0435<\/h2>\n<p>\u041a\u0430\u0436\u0434\u0430\u044f \u0441\u0443\u043c\u043a\u0430 \u0441\u0432\u044f\u0437\u0430\u043d\u0430 \u0432\u0440\u0443\u0447\u043d\u0443\u044e \u0432 \u0441\u0442\u0438\u043b\u0435 \u00ab\u043c\u0435\u0434\u043b\u0435\u043d\u043d\u043e\u0439 \u043c\u043e\u0434\u044b\u00bb, \u0447\u0442\u043e \u0434\u0435\u043b\u0430\u0435\u0442 \u0435\u0451 \u0438\u0434\u0435\u0430\u043b\u044c\u043d\u044b\u043c \u0432\u044b\u0431\u043e\u0440\u043e\u043c \u0434\u043b\u044f \u0436\u0435\u043d\u0449\u0438\u043d, \u0437\u0430\u0431\u043e\u0442\u044f\u0449\u0438\u0445\u0441\u044f \u043e\u0431 \u043e\u043a\u0440\u0443\u0436\u0430\u044e\u0449\u0435\u0439 \u0441\u0440\u0435\u0434\u0435. \u0412 \u043f\u0440\u043e\u0446\u0435\u0441\u0441\u0435 \u043f\u0440\u043e\u0438\u0437\u0432\u043e\u0434\u0441\u0442\u0432\u0430 \u043d\u0435 \u0438\u0441\u043f\u043e\u043b\u044c\u0437\u0443\u0435\u0442\u0441\u044f \u043f\u043b\u0430\u0441\u0442\u0438\u043a, \u043f\u0440\u0435\u0434\u043f\u043e\u0447\u0442\u0435\u043d\u0438\u0435 \u043e\u0442\u0434\u0430\u0451\u0442\u0441\u044f \u043f\u0435\u0440\u0435\u0440\u0430\u0431\u0430\u0442\u044b\u0432\u0430\u0435\u043c\u043e\u0439 \u0431\u0443\u043c\u0430\u0436\u043d\u043e\u0439 \u043f\u0440\u044f\u0436\u0435. \u042d\u0442\u043e \u043b\u0438\u043c\u0438\u0442\u0438\u0440\u043e\u0432\u0430\u043d\u043d\u0430\u044f \u0441\u0435\u0440\u0438\u044f, \u0430 \u043d\u0435 \u043c\u0430\u0441\u0441\u043e\u0432\u043e\u0435 \u043f\u0440\u043e\u0438\u0437\u0432\u043e\u0434\u0441\u0442\u0432\u043e, \u0441 \u0434\u0440\u0430\u0433\u043e\u0446\u0435\u043d\u043d\u044b\u043c \u043c\u0430\u0441\u0442\u0435\u0440\u0441\u0442\u0432\u043e\u043c \u0440\u0443\u0447\u043d\u043e\u0439 \u0440\u0430\u0431\u043e\u0442\u044b.<\/p>\n<h2><a href=\"https:\/\/www.hobium.com\/collections\/jut-kagit-ipler?srsltid=AfmBOooHzXpLMs8RYdx1QhV7Meprm63KfaW9OunhLRoAtqsxA8el7cZG\" target=\"_blank\" rel=\"noopener\">\u0411\u0443\u043c\u0430\u0436\u043d\u0430\u044f \u043d\u0438\u0442\u044c<\/a> \u0418\u043d\u0441\u0442\u0440\u0443\u043a\u0446\u0438\u0438 \u043f\u043e \u0443\u0445\u043e\u0434\u0443 \u0437\u0430 \u0441\u0443\u043c\u043a\u043e\u0439 \u0447\u0435\u0440\u0435\u0437 \u043f\u043b\u0435\u0447\u043e \u0441 \u0437\u0430\u0432\u044f\u0437\u043a\u043e\u0439<\/h2>\n<ul>\n<li>\u041e\u0447\u0438\u0449\u0430\u0439\u0442\u0435, \u043f\u0440\u043e\u0442\u0438\u0440\u0430\u044f \u0432\u043b\u0430\u0436\u043d\u043e\u0439 \u0442\u043a\u0430\u043d\u044c\u044e.<\/li>\n<li>\u041d\u0435 \u0441\u0442\u0438\u0440\u0430\u0442\u044c \u0432 \u0441\u0442\u0438\u0440\u0430\u043b\u044c\u043d\u043e\u0439 \u043c\u0430\u0448\u0438\u043d\u0435.<\/li>\n<li>\u0414\u043b\u044f \u0434\u043b\u0438\u0442\u0435\u043b\u044c\u043d\u043e\u0433\u043e \u0438\u0441\u043f\u043e\u043b\u044c\u0437\u043e\u0432\u0430\u043d\u0438\u044f \u0445\u0440\u0430\u043d\u0438\u0442\u044c \u0432 \u0441\u0443\u0445\u043e\u043c \u0438 \u043f\u0440\u043e\u0445\u043b\u0430\u0434\u043d\u043e\u043c \u043c\u0435\u0441\u0442\u0435.<\/li>\n<\/ul>\n<h2>\u041f\u043e\u0447\u0435\u043c\u0443 \u0432\u0430\u043c \u0441\u0442\u043e\u0438\u0442 \u0432\u044b\u0431\u0440\u0430\u0442\u044c \u044d\u0442\u0443 \u0441\u0443\u043c\u043a\u0443?<\/h2>\n<ul>\n<li>\u2714 Do\u011fa dostu %100 ka\u011f\u0131t ipten \u00fcretilmi\u015ftir.<\/li>\n<li>\u2714 \u041b\u0435\u0433\u043a\u043e \u043f\u0435\u0440\u0435\u043d\u043e\u0441\u0438\u0442\u044c \u0431\u043b\u0430\u0433\u043e\u0434\u0430\u0440\u044f \u043b\u0435\u0433\u043a\u043e\u043c\u0443 \u0438 \u044d\u0440\u0433\u043e\u043d\u043e\u043c\u0438\u0447\u043d\u043e\u043c\u0443 \u0434\u0438\u0437\u0430\u0439\u043d\u0443.<\/li>\n<li>\u2714 \u0418\u0437\u0434\u0435\u043b\u0438\u0435 \u0438\u0437\u0433\u043e\u0442\u043e\u0432\u043b\u0435\u043d\u043e \u0432\u0440\u0443\u0447\u043d\u0443\u044e \u0438 \u0438\u043c\u0435\u0435\u0442 \u043e\u0440\u0438\u0433\u0438\u043d\u0430\u043b\u044c\u043d\u044b\u0439 \u0434\u0438\u0437\u0430\u0439\u043d.<\/li>\n<li>\u2714 \u0424\u0443\u043d\u043a\u0446\u0438\u043e\u043d\u0430\u043b\u044c\u043d\u044b\u0439 \u0438 \u0441\u0442\u0438\u043b\u044c\u043d\u044b\u0439, \u0437\u0430\u0441\u0442\u0435\u0433\u0438\u0432\u0430\u0435\u0442\u0441\u044f \u043d\u0430 \u0448\u043d\u0443\u0440\u043e\u043a.<\/li>\n<li>\u2714 \u0415\u0441\u0442\u0435\u0441\u0442\u0432\u0435\u043d\u043d\u044b\u0439 \u0448\u0442\u0440\u0438\u0445, \u043a\u043e\u0442\u043e\u0440\u044b\u0439 \u0434\u043e\u043f\u043e\u043b\u043d\u0438\u0442 \u0432\u0430\u0448 \u043e\u0431\u0440\u0430\u0437 \u043b\u0435\u0442\u043e\u043c.<\/li>\n<\/ul>","protected":false},"excerpt":{"rendered":"<p>Ka\u011f\u0131t \u0130p B\u00fczg\u00fcl\u00fc Omuz \u00c7antas\u0131 \u2013 El Yap\u0131m\u0131, Hafif ve Do\u011fa Dostu Tasar\u0131m Do\u011fal dokularla \u015f\u0131kl\u0131\u011f\u0131 yakalay\u0131n \u015e\u0131kl\u0131k ve do\u011fa<\/p>","protected":false},"featured_media":28217,"comment_status":"open","ping_status":"closed","template":"","meta":[],"product_brand":[691],"product_cat":[724,686],"product_tag":[902,811,907,812,908,905,909,810,906,813,843,762,818,904,903],"class_list":{"0":"post-27654","1":"product","2":"type-product","3":"status-publish","4":"has-post-thumbnail","6":"product_brand-tuffhandicraft","7":"product_cat-omuz-cantasi","8":"product_cat-canta","9":"product_tag-buzgulu-omuz-cantasi","10":"product_tag-doga-dostu-canta","11":"product_tag-ecofriendly-canta","12":"product_tag-el-yapimi-canta","13":"product_tag-gunluk-canta","14":"product_tag-hafif-yazlik-canta","15":"product_tag-kadin-yaz-cantasi","16":"product_tag-kagit-ip-canta","17":"product_tag-keten-elbise-cantasi","18":"product_tag-orgu-canta","19":"product_tag-plaj-cantasi","20":"product_tag-surdurulebilir-moda","21":"product_tag-vegan-canta","22":"product_tag-yavas-moda-aksesuar","23":"product_tag-yazlik-omuz-cantasi","25":"first","26":"instock","27":"sale","28":"taxable","29":"shipping-taxable","30":"purchasable","31":"product-type-simple"},"_links":{"self":[{"href":"https:\/\/tuffhandicraft.com\/ru\/wp-json\/wp\/v2\/product\/27654","targetHints":{"allow":["GET"]}}],"collection":[{"href":"https:\/\/tuffhandicraft.com\/ru\/wp-json\/wp\/v2\/product"}],"about":[{"href":"https:\/\/tuffhandicraft.com\/ru\/wp-json\/wp\/v2\/types\/product"}],"replies":[{"embeddable":true,"href":"https:\/\/tuffhandicraft.com\/ru\/wp-json\/wp\/v2\/comments?post=27654"}],"version-history":[{"count":1,"href":"https:\/\/tuffhandicraft.com\/ru\/wp-json\/wp\/v2\/product\/27654\/revisions"}],"predecessor-version":[{"id":30275,"href":"https:\/\/tuffhandicraft.com\/ru\/wp-json\/wp\/v2\/product\/27654\/revisions\/30275"}],"wp:featuredmedia":[{"embeddable":true,"href":"https:\/\/tuffhandicraft.com\/ru\/wp-json\/wp\/v2\/media\/28217"}],"wp:attachment":[{"href":"https:\/\/tuffhandicraft.com\/ru\/wp-json\/wp\/v2\/media?parent=27654"}],"wp:term":[{"taxonomy":"product_brand","embeddable":true,"href":"https:\/\/tuffhandicraft.com\/ru\/wp-json\/wp\/v2\/product_brand?post=27654"},{"taxonomy":"product_cat","embeddable":true,"href":"https:\/\/tuffhandicraft.com\/ru\/wp-json\/wp\/v2\/product_cat?post=27654"},{"taxonomy":"product_tag","embeddable":true,"href":"https:\/\/tuffhandicraft.com\/ru\/wp-json\/wp\/v2\/product_tag?post=27654"}],"curies":[{"name":"wp","href":"https:\/\/api.w.org\/{rel}","templated":true}]}}