{"id":27656,"date":"2025-05-11T00:24:40","date_gmt":"2025-05-10T21:24:40","guid":{"rendered":"https:\/\/tasarim.yusufkecici.com.tr\/urun\/women-white-crochet-mesh-top-fishnet-mesh-blouse-patterned-crop-top-white-long-sleeve-transparent-top-handmade-woman-rave-top\/"},"modified":"2025-08-10T16:00:51","modified_gmt":"2025-08-10T13:00:51","slug":"uzun-kollu-beyaz-file-bluz","status":"publish","type":"product","link":"https:\/\/tuffhandicraft.com\/ru\/magaza\/crop-top\/uzun-kollu-beyaz-file-bluz\/","title":{"rendered":"\u0411\u0435\u043b\u0430\u044f \u0441\u0435\u0442\u0447\u0430\u0442\u0430\u044f \u0431\u043b\u0443\u0437\u043a\u0430 \u0441 \u0434\u043b\u0438\u043d\u043d\u044b\u043c \u0440\u0443\u043a\u0430\u0432\u043e\u043c, \u0441\u0432\u044f\u0437\u0430\u043d\u043d\u0430\u044f \u0432\u0440\u0443\u0447\u043d\u0443\u044e \u2013 \u0443\u0434\u043e\u0431\u043d\u0430\u044f \u0438 \u0434\u044b\u0448\u0430\u0449\u0430\u044f \u043a\u043e\u043d\u0441\u0442\u0440\u0443\u043a\u0446\u0438\u044f"},"content":{"rendered":"<h3 data-start=\"176\" data-end=\"253\">\ud83e\uddf6 <strong data-start=\"183\" data-end=\"253\">\u0411\u0435\u043b\u0430\u044f \u0441\u0435\u0442\u0447\u0430\u0442\u0430\u044f \u0431\u043b\u0443\u0437\u043a\u0430 \u0441 \u0434\u043b\u0438\u043d\u043d\u044b\u043c \u0440\u0443\u043a\u0430\u0432\u043e\u043c, \u0441\u0432\u044f\u0437\u0430\u043d\u043d\u0430\u044f \u0432\u0440\u0443\u0447\u043d\u0443\u044e \u2013 \u0443\u0434\u043e\u0431\u043d\u0430\u044f \u0438 \u0434\u044b\u0448\u0430\u0449\u0430\u044f \u043a\u043e\u043d\u0441\u0442\u0440\u0443\u043a\u0446\u0438\u044f<\/strong><\/h3>\n<p data-start=\"255\" data-end=\"509\">Zarif ve modern g\u00f6r\u00fcn\u00fcm\u00fcyle dikkat \u00e7eken bu el yap\u0131m\u0131 beyaz file bluz, uzun kollu yap\u0131s\u0131 ve nefes alabilen dokusuyla s\u0131cak g\u00fcnlerin kurtar\u0131c\u0131 par\u00e7as\u0131 oluyor. Hem sahil kombinlerine e\u015flik eder hem de \u015fehir hayat\u0131nda minimal ve etkileyici bir stil yarat\u0131r.<\/p>\n<hr data-start=\"511\" data-end=\"514\" \/>\n<h3 data-start=\"516\" data-end=\"544\">\ud83e\uddf5 <strong data-start=\"523\" data-end=\"542\">\u0421\u0443\u0449\u0435\u0441\u0442\u0432\u0435\u043d\u043d\u0430\u044f \u0438\u043d\u0444\u043e\u0440\u043c\u0430\u0446\u0438\u044f<\/strong><img loading=\"lazy\" decoding=\"async\" class=\"wd-lazy-fade size-full wp-image-28000 alignright\" style=\"color: #333333; font-size: 16px;\" src=\"https:\/\/tuffhandicraft.com\/wp-content\/themes\/woodmart\/images\/lazy.svg\" data-src=\"https:\/\/tuffhandicraft.com\/wp-content\/uploads\/2021\/08\/footer-logo-1.png\" alt=\"Uzun Kollu El \u00d6rg\u00fcs\u00fc Beyaz File Bluz\" width=\"220\" height=\"40\" title=\"\" srcset=\"\" data-srcset=\"https:\/\/tuffhandicraft.com\/wp-content\/uploads\/2021\/08\/footer-logo-1.png 220w, https:\/\/tuffhandicraft.com\/wp-content\/uploads\/2021\/08\/footer-logo-1-150x27.png 150w\" sizes=\"auto, (max-width: 220px) 100vw, 220px\" \/><\/h3>\n<p data-start=\"545\" data-end=\"738\">%100 el \u00f6rg\u00fcs\u00fcyle haz\u0131rlanm\u0131\u015f bu bluzda, pamuklu iplik tercih edilmi\u015ftir. Hafif ve esnek yap\u0131s\u0131 sayesinde teninize uyum sa\u011flar, cildi tahri\u015f etmez ve uzun s\u00fcre konfor sunar.<\/p>\n<hr data-start=\"740\" data-end=\"743\" \/>\n<h3 data-start=\"745\" data-end=\"782\">\ud83c\udf1e <strong data-start=\"752\" data-end=\"780\">\u041e\u0431\u043b\u0430\u0441\u0442\u044c \u043f\u0440\u0438\u043c\u0435\u043d\u0435\u043d\u0438\u044f \u0438 \u043a\u043e\u043c\u0444\u043e\u0440\u0442<\/strong><\/h3>\n<ul data-start=\"783\" data-end=\"982\">\n<li data-start=\"783\" data-end=\"828\">\n<p data-start=\"785\" data-end=\"828\">Plajda bikini\/mayonun \u00fczerine giyilebilir<\/p>\n<\/li>\n<li data-start=\"829\" data-end=\"892\">\n<p data-start=\"831\" data-end=\"892\">G\u00fcnl\u00fck kombinlerde \u015fort, etek ya da jean ile tamamlanabilir<\/p>\n<\/li>\n<li data-start=\"893\" data-end=\"946\">\n<p data-start=\"895\" data-end=\"946\">Transparan yap\u0131s\u0131yla katmanl\u0131 giyime olanak tan\u0131r<\/p>\n<\/li>\n<li data-start=\"947\" data-end=\"982\">\n<p data-start=\"949\" data-end=\"982\">Yaz ve bahar mevsimi i\u00e7in ideal<\/p>\n<\/li>\n<\/ul>\n<hr data-start=\"984\" data-end=\"987\" \/>\n<h3 data-start=\"989\" data-end=\"1014\">\ud83c\udfa8 <strong data-start=\"996\" data-end=\"1012\">\u041f\u0440\u0435\u0434\u043b\u043e\u0436\u0435\u043d\u0438\u0435 \u0441\u0442\u0438\u043b\u044f<\/strong><\/h3>\n<p data-start=\"1015\" data-end=\"1242\">\u0130\u00e7ine soft tonlarda bir bralet, straplez \u00fcst veya ince ask\u0131l\u0131 body giyerek modern bir katman efekti olu\u015fturabilirsin. Y\u00fcksek bel \u015fortlar, keten pantolonlar ya da bol eteklerle kombinleyerek \u00f6zg\u00fcn bir boho hava yakalayabilirsin.<\/p>\n<p data-start=\"1415\" data-end=\"1691\">\u0414\u043b\u044f \u0434\u0440\u0443\u0433\u0438\u0445 \u043c\u043e\u0434\u0435\u043b\u0435\u0439, \u043a\u043e\u0442\u043e\u0440\u044b\u0435 \u043c\u043e\u0433\u0443\u0442 \u043f\u043e\u0434\u043e\u0439\u0442\u0438 \u0432\u0430\u0448\u0435\u043c\u0443 \u0441\u0442\u0438\u043b\u044e \u0438 \u043d\u0435 \u0442\u043e\u043b\u044c\u043a\u043e, \u043f\u043e\u0441\u0435\u0442\u0438\u0442\u0435 Tuff\u00a0<a href=\"https:\/\/www.pinterest.com\/TuffHandicraft01\/\" target=\"_blank\" rel=\"noopener\">\u041f\u0438\u043d\u0442\u0435\u0440\u0435\u0441\u0442<\/a>\u00a0\u043f\u043e\u0441\u0435\u0442\u0438\u0442\u0435 \u043c\u0438\u0440.<\/p>\n<hr data-start=\"1244\" data-end=\"1247\" \/>\n<h3 data-start=\"1249\" data-end=\"1292\">\u267b\ufe0f <strong data-start=\"1256\" data-end=\"1290\">\u0420\u0443\u0447\u043d\u0430\u044f \u0440\u0430\u0431\u043e\u0442\u0430 \u0438 \u0443\u0441\u0442\u043e\u0439\u0447\u0438\u0432\u043e\u0435 \u0440\u0430\u0437\u0432\u0438\u0442\u0438\u0435<\/strong><\/h3>\n<p data-start=\"1293\" data-end=\"1484\">Her bir file \u00fcst, yava\u015f moda anlay\u0131\u015f\u0131yla ve etik \u00fcretim ko\u015fullar\u0131nda tek tek elde \u00f6r\u00fcl\u00fcr. Do\u011fal iplik tercih edilmesi sayesinde do\u011fa dostudur ve <a href=\"https:\/\/tuffhandicraft.com\/ru\/%d0%bf%d1%80%d0%be%d0%b4%d1%83%d0%ba%d1%82\/puskullu-rafya-clutch-canta\/\">\u0443\u0441\u0442\u043e\u0439\u0447\u0438\u0432\u044b\u0439<\/a> gard\u0131rop anlay\u0131\u015f\u0131n\u0131 destekler.<\/p>\n<hr data-start=\"1486\" data-end=\"1489\" \/>\n<h3 data-start=\"1491\" data-end=\"1521\">\ud83e\uddfc <strong data-start=\"1498\" data-end=\"1519\">\u0418\u043d\u0441\u0442\u0440\u0443\u043a\u0446\u0438\u0438 \u043f\u043e \u0443\u0445\u043e\u0434\u0443<\/strong><\/h3>\n<p data-start=\"1522\" data-end=\"1648\">So\u011fuk suda elde y\u0131kay\u0131n\u0131z. Makinede y\u0131kama ve s\u0131kma yap\u0131lmamal\u0131d\u0131r. Kurutma i\u00e7in d\u00fcz zeminde do\u011fal \u015fekilde kurumaya b\u0131rak\u0131n\u0131z.<\/p>\n<hr data-start=\"1650\" data-end=\"1653\" \/>\n<h3 data-start=\"1655\" data-end=\"1706\">\u2728 <strong data-start=\"1661\" data-end=\"1704\">Neden Bu \u00dcr\u00fcn\u00fc Tercih Etmelisiniz?<\/strong><\/h3>\n<ul data-start=\"1707\" data-end=\"1901\">\n<li data-start=\"1707\" data-end=\"1738\">\n<p data-start=\"1709\" data-end=\"1738\">%100 el \u00f6rg\u00fcs\u00fc, etik \u00fcretim<\/p>\n<\/li>\n<li data-start=\"1739\" data-end=\"1778\">\n<p data-start=\"1741\" data-end=\"1778\">Hafif, esnek ve nefes alabilen yap\u0131<\/p>\n<\/li>\n<li data-start=\"1779\" data-end=\"1816\">\n<p data-start=\"1781\" data-end=\"1816\">Plajdan soka\u011fa \u00e7ok y\u00f6nl\u00fc kullan\u0131m<\/p>\n<\/li>\n<li data-start=\"1817\" data-end=\"1856\">\n<p data-start=\"1819\" data-end=\"1856\">Modern, sade ve etkileyici bir stil<\/p>\n<\/li>\n<li data-start=\"1857\" data-end=\"1901\">\n<p data-start=\"1859\" data-end=\"1901\">Do\u011fa dostu, s\u00fcrd\u00fcr\u00fclebilir moda anlay\u0131\u015f\u0131<\/p>\n<\/li>\n<\/ul>","protected":false},"excerpt":{"rendered":"<p>El yap\u0131m\u0131 uzun kollu beyaz file bluz, hafif yap\u0131s\u0131 ve nefes alabilir dokusuyla yaz kombinlerinin do\u011fal \u015f\u0131kl\u0131\u011f\u0131n\u0131 yans\u0131t\u0131r.<\/p>","protected":false},"featured_media":28207,"comment_status":"open","ping_status":"closed","template":"","meta":[],"product_brand":[691],"product_cat":[697],"product_tag":[998,1004,920,999,1001,769,1005,1002,1003,762,911,1007,1008,1009,1010,1000,1006],"class_list":{"0":"post-27656","1":"product","2":"type-product","3":"status-publish","4":"has-post-thumbnail","6":"product_brand-tuffhandicraft","7":"product_cat-crop-top","8":"product_tag-beyaz-file-bluz","9":"product_tag-boho-stil","10":"product_tag-dogal-iplik-bluz","11":"product_tag-el-orgusu-bluz","12":"product_tag-el-yapimi-ust","13":"product_tag-hediye-fikirleri","14":"product_tag-katmanli-stil","15":"product_tag-nefes-alan-bluz","16":"product_tag-plaj-ustu","17":"product_tag-surdurulebilir-moda","18":"product_tag-tig-isi-bluz","19":"product_tag-transparan-bluz","20":"product_tag-transparan-ust","21":"product_tag-uzun-kollu","22":"product_tag-uzun-kollu-bluz","23":"product_tag-yazlik-bluz","24":"product_tag-yazlik-tig-isi-ust","26":"first","27":"instock","28":"taxable","29":"shipping-taxable","30":"purchasable","31":"product-type-variable"},"_links":{"self":[{"href":"https:\/\/tuffhandicraft.com\/ru\/wp-json\/wp\/v2\/product\/27656","targetHints":{"allow":["GET"]}}],"collection":[{"href":"https:\/\/tuffhandicraft.com\/ru\/wp-json\/wp\/v2\/product"}],"about":[{"href":"https:\/\/tuffhandicraft.com\/ru\/wp-json\/wp\/v2\/types\/product"}],"replies":[{"embeddable":true,"href":"https:\/\/tuffhandicraft.com\/ru\/wp-json\/wp\/v2\/comments?post=27656"}],"version-history":[{"count":0,"href":"https:\/\/tuffhandicraft.com\/ru\/wp-json\/wp\/v2\/product\/27656\/revisions"}],"wp:featuredmedia":[{"embeddable":true,"href":"https:\/\/tuffhandicraft.com\/ru\/wp-json\/wp\/v2\/media\/28207"}],"wp:attachment":[{"href":"https:\/\/tuffhandicraft.com\/ru\/wp-json\/wp\/v2\/media?parent=27656"}],"wp:term":[{"taxonomy":"product_brand","embeddable":true,"href":"https:\/\/tuffhandicraft.com\/ru\/wp-json\/wp\/v2\/product_brand?post=27656"},{"taxonomy":"product_cat","embeddable":true,"href":"https:\/\/tuffhandicraft.com\/ru\/wp-json\/wp\/v2\/product_cat?post=27656"},{"taxonomy":"product_tag","embeddable":true,"href":"https:\/\/tuffhandicraft.com\/ru\/wp-json\/wp\/v2\/product_tag?post=27656"}],"curies":[{"name":"wp","href":"https:\/\/api.w.org\/{rel}","templated":true}]}}