{"id":27658,"date":"2025-05-11T00:24:45","date_gmt":"2025-05-10T21:24:45","guid":{"rendered":"https:\/\/tasarim.yusufkecici.com.tr\/urun\/crochet-mermaid-crop-top-handmade-lime-boho-crop-short-sleeve-summer-top-ribbed-festival-top-with-lime-color-summer-gift-gift-for-her\/"},"modified":"2025-08-10T16:00:40","modified_gmt":"2025-08-10T13:00:40","slug":"denizkizi-rave-crop-top","status":"publish","type":"product","link":"https:\/\/tuffhandicraft.com\/ru\/magaza\/crop-top\/denizkizi-rave-crop-top\/","title":{"rendered":"\u0423\u043a\u043e\u0440\u043e\u0447\u0435\u043d\u043d\u044b\u0439 \u0442\u043e\u043f Mermaid and Rave \u2014 \u043b\u0430\u0439\u043c\u043e\u0432\u043e-\u0437\u0435\u043b\u0451\u043d\u044b\u0439, \u043e\u0440\u0438\u0433\u0438\u043d\u0430\u043b\u044c\u043d\u044b\u0439 \u0434\u0438\u0437\u0430\u0439\u043d"},"content":{"rendered":"<h3 data-start=\"110\" data-end=\"176\">\ud83e\uddf6 <strong data-start=\"117\" data-end=\"176\">\u0423\u043a\u043e\u0440\u043e\u0447\u0435\u043d\u043d\u044b\u0439 \u0442\u043e\u043f Mermaid &amp; Rave \u2013 \u043b\u0430\u0439\u043c\u043e\u0432\u043e-\u0437\u0435\u043b\u0435\u043d\u044b\u0439, \u043e\u0440\u0438\u0433\u0438\u043d\u0430\u043b\u044c\u043d\u044b\u0439 \u0434\u0438\u0437\u0430\u0439\u043d<\/strong><\/h3>\n<p data-start=\"178\" data-end=\"436\">\u042d\u0442\u043e\u0442 \u0443\u043a\u043e\u0440\u043e\u0447\u0435\u043d\u043d\u044b\u0439 \u0442\u043e\u043f \u0440\u0443\u0447\u043d\u043e\u0439 \u0440\u0430\u0431\u043e\u0442\u044b \u044f\u0440\u043a\u043e\u0433\u043e \u043b\u0430\u0439\u043c\u043e\u0432\u043e\u0433\u043e \u0446\u0432\u0435\u0442\u0430, \u0432\u0434\u043e\u0445\u043d\u043e\u0432\u043b\u0451\u043d\u043d\u044b\u0439 \u0440\u0443\u0441\u0430\u043b\u043e\u0447\u044c\u0438\u043c\u0438 \u0438 \u0440\u0435\u0439\u0432-\u0442\u0435\u043c\u0430\u043c\u0438, \u0441\u0442\u0430\u043d\u0435\u0442 \u043d\u0435\u0437\u0430\u043c\u0435\u043d\u0438\u043c\u043e\u0439 \u0432\u0435\u0449\u044c\u044e \u0432 \u0432\u0430\u0448\u0435\u043c \u043b\u0435\u0442\u043d\u0435\u043c \u0433\u0430\u0440\u0434\u0435\u0440\u043e\u0431\u0435. \u0417\u0430\u0432\u044f\u0437\u043a\u0430 \u0441\u0437\u0430\u0434\u0438 \u043e\u0431\u0435\u0441\u043f\u0435\u0447\u0438\u0432\u0430\u0435\u0442 \u0440\u0435\u0433\u0443\u043b\u0438\u0440\u0443\u0435\u043c\u044b\u0439 \u043a\u043e\u043c\u0444\u043e\u0440\u0442, \u0430 \u0432\u044f\u0437\u0430\u043d\u044b\u0439 \u043a\u0440\u044e\u0447\u043a\u043e\u043c \u0443\u0437\u043e\u0440 \u0441\u043e\u0437\u0434\u0430\u0451\u0442 \u0443\u043d\u0438\u043a\u0430\u043b\u044c\u043d\u044b\u0439 \u0441\u0442\u0438\u043b\u044c\u043d\u044b\u0439 \u043e\u0431\u0440\u0430\u0437.<\/p>\n<hr data-start=\"438\" data-end=\"441\" \/>\n<h3 data-start=\"443\" data-end=\"474\">\ud83e\uddf5 <strong data-start=\"450\" data-end=\"472\">\u041c\u0430\u0442\u0435\u0440\u0438\u0430\u043b\u044b \u0438 \u043a\u0430\u0447\u0435\u0441\u0442\u0432\u043e \u0438\u0437\u0433\u043e\u0442\u043e\u0432\u043b\u0435\u043d\u0438\u044f<\/strong><\/h3>\n<p data-start=\"475\" data-end=\"614\">\u0422\u0449\u0430\u0442\u0435\u043b\u044c\u043d\u043e \u0441\u0432\u044f\u0437\u0430\u043d\u043e \u0432\u0440\u0443\u0447\u043d\u0443\u044e \u0438\u0437 \u043c\u044f\u0433\u043a\u043e\u0439, \u0434\u044b\u0448\u0430\u0449\u0435\u0439, \u043d\u0430\u0442\u0443\u0440\u0430\u043b\u044c\u043d\u043e\u0439 \u043f\u0440\u044f\u0436\u0438. \u041a\u0430\u0436\u0434\u043e\u0435 \u0438\u0437\u0434\u0435\u043b\u0438\u0435 \u0443\u043d\u0438\u043a\u0430\u043b\u044c\u043d\u043e \u0438 \u043e\u0442\u043b\u0438\u0447\u0430\u0435\u0442\u0441\u044f \u0432\u044b\u0441\u043e\u043a\u0438\u043c \u043a\u0430\u0447\u0435\u0441\u0442\u0432\u043e\u043c \u0438\u0441\u043f\u043e\u043b\u043d\u0435\u043d\u0438\u044f.<\/p>\n<hr data-start=\"616\" data-end=\"619\" \/>\n<h3 data-start=\"621\" data-end=\"652\">\ud83c\udf89 <strong data-start=\"628\" data-end=\"650\">\u0418\u0441\u043f\u043e\u043b\u044c\u0437\u043e\u0432\u0430\u043d\u0438\u0435 \u0438 \u043a\u043e\u043c\u0444\u043e\u0440\u0442<\/strong><\/h3>\n<ul data-start=\"653\" data-end=\"842\">\n<li data-start=\"653\" data-end=\"709\">\n<p data-start=\"655\" data-end=\"709\">\u0418\u0434\u0435\u0430\u043b\u044c\u043d\u0430\u044f \u043f\u043e\u0441\u0430\u0434\u043a\u0430 \u0438 \u043a\u043e\u043c\u0444\u043e\u0440\u0442 \u0431\u043b\u0430\u0433\u043e\u0434\u0430\u0440\u044f \u0437\u0430\u0432\u044f\u0437\u043a\u0435 \u0441\u0437\u0430\u0434\u0438<\/p>\n<\/li>\n<li data-start=\"710\" data-end=\"756\">\n<p data-start=\"712\" data-end=\"756\">\u041b\u0435\u0433\u043a\u0430\u044f \u0438 \u0434\u044b\u0448\u0430\u0449\u0430\u044f \u043a\u043e\u043d\u0441\u0442\u0440\u0443\u043a\u0446\u0438\u044f \u0434\u043b\u044f \u043b\u0435\u0442\u043d\u0438\u0445 \u043c\u0435\u0441\u044f\u0446\u0435\u0432<\/p>\n<\/li>\n<li data-start=\"757\" data-end=\"805\">\n<p data-start=\"759\" data-end=\"805\"><a href=\"https:\/\/tuffhandicraft.com\/ru\/%d0%bf%d1%80%d0%be%d0%b4%d1%83%d0%ba%d1%82\/puskullu-rafya-clutch-canta\/\">\u0424\u0435\u0441\u0442\u0438\u0432\u0430\u043b\u044c<\/a>, \u0438\u0434\u0435\u0430\u043b\u044c\u043d\u043e \u043f\u043e\u0434\u0445\u043e\u0434\u0438\u0442 \u0434\u043b\u044f \u043f\u043b\u044f\u0436\u0430 \u0438\u043b\u0438 \u043f\u043e\u0432\u0441\u0435\u0434\u043d\u0435\u0432\u043d\u043e\u0433\u043e \u0441\u0442\u0438\u043b\u044f<\/p>\n<\/li>\n<li data-start=\"806\" data-end=\"842\">\n<p data-start=\"808\" data-end=\"842\">\u042d\u043d\u0435\u0440\u0433\u0438\u0447\u043d\u044b\u0439, \u043e\u0440\u0438\u0433\u0438\u043d\u0430\u043b\u044c\u043d\u044b\u0439 \u0438 \u0441\u043e\u0432\u0440\u0435\u043c\u0435\u043d\u043d\u044b\u0439 \u0434\u0438\u0437\u0430\u0439\u043d<\/p>\n<\/li>\n<\/ul>\n<hr data-start=\"844\" data-end=\"847\" \/>\n<h3 data-start=\"849\" data-end=\"876\">\ud83c\udfa8 <strong data-start=\"856\" data-end=\"874\">\u041f\u0440\u0435\u0434\u043b\u043e\u0436\u0435\u043d\u0438\u044f \u043f\u043e \u0441\u0442\u0438\u043b\u044e<\/strong><\/h3>\n<p data-start=\"877\" data-end=\"1029\">\u042d\u0442\u0430 \u043c\u043e\u0434\u0435\u043b\u044c, \u0432\u044b\u043f\u043e\u043b\u043d\u0435\u043d\u043d\u0430\u044f \u0432 \u0441\u0442\u0438\u043b\u0435 \u00ab\u0440\u0443\u0441\u0430\u043b\u043a\u0430\u00bb \u0438 \u00ab\u0440\u0435\u0439\u0432\u00bb, \u043f\u0440\u0435\u043a\u0440\u0430\u0441\u043d\u043e \u0441\u043e\u0447\u0435\u0442\u0430\u0435\u0442\u0441\u044f \u0441 \u0448\u043e\u0440\u0442\u0430\u043c\u0438, \u044e\u0431\u043a\u0430\u043c\u0438 \u0438 \u0434\u0436\u0438\u043d\u0441\u0430\u043c\u0438 \u0441 \u0432\u044b\u0441\u043e\u043a\u043e\u0439 \u0442\u0430\u043b\u0438\u0435\u0439. \u041b\u0430\u0439\u043c\u043e\u0432\u044b\u0439 \u0446\u0432\u0435\u0442 \u0434\u043e\u0431\u0430\u0432\u0438\u0442 \u044f\u0440\u043a\u043e\u0441\u0442\u0438 \u0438 \u044d\u043d\u0435\u0440\u0433\u0438\u0438 \u0432\u0430\u0448\u0435\u043c\u0443 \u043e\u0431\u0440\u0430\u0437\u0443.<\/p>\n<p data-start=\"877\" data-end=\"1029\">\u0414\u043b\u044f \u0434\u0440\u0443\u0433\u0438\u0445 \u043c\u043e\u0434\u0435\u043b\u0435\u0439, \u043a\u043e\u0442\u043e\u0440\u044b\u0435 \u043c\u043e\u0433\u0443\u0442 \u043f\u043e\u0434\u043e\u0439\u0442\u0438 \u0432\u0430\u0448\u0435\u043c\u0443 \u0441\u0442\u0438\u043b\u044e \u0438 \u043d\u0435 \u0442\u043e\u043b\u044c\u043a\u043e, \u043f\u043e\u0441\u0435\u0442\u0438\u0442\u0435 Tuff\u00a0<a href=\"https:\/\/www.pinterest.com\/TuffHandicraft01\/\" target=\"_blank\" rel=\"noopener\">\u041f\u0438\u043d\u0442\u0435\u0440\u0435\u0441\u0442<\/a>\u00a0\u043f\u043e\u0441\u0435\u0442\u0438\u0442\u0435 \u043c\u0438\u0440.<\/p>\n<hr data-start=\"1031\" data-end=\"1034\" \/>\n<h3 data-start=\"1036\" data-end=\"1080\">\u267b\ufe0f <strong data-start=\"1043\" data-end=\"1078\">\u0420\u0443\u0447\u043d\u0430\u044f \u0440\u0430\u0431\u043e\u0442\u0430 \u0438 \u044d\u043a\u043e\u043b\u043e\u0433\u0438\u0447\u043d\u0430\u044f \u043c\u043e\u0434\u0430<\/strong><\/h3>\n<p data-start=\"1081\" data-end=\"1229\">\u042d\u0442\u043e\u0442 \u0443\u043a\u043e\u0440\u043e\u0447\u0435\u043d\u043d\u044b\u0439 \u0442\u043e\u043f \u0440\u0443\u0447\u043d\u043e\u0439 \u0440\u0430\u0431\u043e\u0442\u044b, \u0438\u0437\u0433\u043e\u0442\u043e\u0432\u043b\u0435\u043d\u043d\u044b\u0439 \u044d\u0442\u0438\u0447\u043d\u043e \u0438 \u044d\u043a\u043e\u043b\u043e\u0433\u0438\u0447\u0435\u0441\u043a\u0438 \u0431\u0435\u0437\u043e\u043f\u0430\u0441\u043d\u043e \u0441 \u0438\u0441\u043f\u043e\u043b\u044c\u0437\u043e\u0432\u0430\u043d\u0438\u0435\u043c \u0444\u0438\u043b\u043e\u0441\u043e\u0444\u0438\u0438 \u043c\u0435\u0434\u043b\u0435\u043d\u043d\u043e\u0439 \u043c\u043e\u0434\u044b, \u044f\u0432\u043b\u044f\u0435\u0442\u0441\u044f \u044f\u0440\u043a\u0438\u043c \u043f\u0440\u0438\u043c\u0435\u0440\u043e\u043c \u044d\u043a\u043e\u043b\u043e\u0433\u0438\u0447\u043d\u043e\u0433\u043e \u0441\u0442\u0438\u043b\u044f.<\/p>\n<hr data-start=\"1231\" data-end=\"1234\" \/>\n<h3 data-start=\"1236\" data-end=\"1264\">\ud83e\uddfc <strong data-start=\"1243\" data-end=\"1262\">\u0420\u0435\u043a\u043e\u043c\u0435\u043d\u0434\u0430\u0446\u0438\u0438 \u043f\u043e \u0443\u0445\u043e\u0434\u0443<\/strong><\/h3>\n<p data-start=\"1265\" data-end=\"1370\">\u0420\u0435\u043a\u043e\u043c\u0435\u043d\u0434\u0443\u0435\u0442\u0441\u044f \u0440\u0443\u0447\u043d\u0430\u044f \u0441\u0442\u0438\u0440\u043a\u0430 \u0432 \u0445\u043e\u043b\u043e\u0434\u043d\u043e\u0439 \u0432\u043e\u0434\u0435. \u041d\u0435 \u0441\u0442\u0438\u0440\u0430\u0442\u044c \u0432 \u0441\u0442\u0438\u0440\u0430\u043b\u044c\u043d\u043e\u0439 \u043c\u0430\u0448\u0438\u043d\u0435 \u0438 \u043d\u0435 \u043e\u0442\u0436\u0438\u043c\u0430\u0442\u044c. \u0421\u0443\u0448\u0438\u0442\u044c \u043d\u0430 \u0440\u043e\u0432\u043d\u043e\u0439 \u043f\u043e\u0432\u0435\u0440\u0445\u043d\u043e\u0441\u0442\u0438.<\/p>\n<hr data-start=\"1372\" data-end=\"1375\" \/>\n<h3 data-start=\"1377\" data-end=\"1427\">\u2728 <strong data-start=\"1383\" data-end=\"1425\">\u041f\u043e\u0447\u0435\u043c\u0443 \u0441\u0442\u043e\u0438\u0442 \u0432\u044b\u0431\u0440\u0430\u0442\u044c \u044d\u0442\u043e\u0442 \u0443\u043a\u043e\u0440\u043e\u0447\u0435\u043d\u043d\u044b\u0439 \u0442\u043e\u043f?<\/strong><\/h3>\n<ul data-start=\"1428\" data-end=\"1612\">\n<li data-start=\"1428\" data-end=\"1461\">\n<p data-start=\"1430\" data-end=\"1461\">%100 el yap\u0131m\u0131, \u00f6zg\u00fcn tasar\u0131m<\/p>\n<\/li>\n<li data-start=\"1462\" data-end=\"1502\">\n<p data-start=\"1464\" data-end=\"1502\">\u0420\u0435\u0433\u0443\u043b\u0438\u0440\u0443\u0435\u043c\u0430\u044f \u0437\u0430\u0432\u044f\u0437\u043a\u0430 \u0441\u0437\u0430\u0434\u0438<\/p>\n<\/li>\n<li data-start=\"1503\" data-end=\"1536\">\n<p data-start=\"1505\" data-end=\"1536\">\u041b\u0435\u0433\u043a\u0438\u0439, \u0434\u044b\u0448\u0430\u0449\u0438\u0439 \u0438 \u0443\u0434\u043e\u0431\u043d\u044b\u0439<\/p>\n<\/li>\n<li data-start=\"1537\" data-end=\"1578\">\n<p data-start=\"1539\" data-end=\"1578\">\u042f\u0440\u043a\u0438\u0439 \u043b\u0430\u0439\u043c\u043e\u0432\u043e-\u0437\u0435\u043b\u0435\u043d\u044b\u0439 \u0446\u0432\u0435\u0442 \u0438 \u0441\u043e\u0432\u0440\u0435\u043c\u0435\u043d\u043d\u044b\u0439 \u0441\u0442\u0438\u043b\u044c<\/p>\n<\/li>\n<li data-start=\"1579\" data-end=\"1612\">\n<p data-start=\"1581\" data-end=\"1612\">\u0423\u0441\u0442\u043e\u0439\u0447\u0438\u0432\u043e\u0435 \u0438 \u044d\u0442\u0438\u0447\u043d\u043e\u0435 \u043f\u0440\u043e\u0438\u0437\u0432\u043e\u0434\u0441\u0442\u0432\u043e<\/p>\n<\/li>\n<\/ul>","protected":false},"excerpt":{"rendered":"<p>\u0423\u043a\u043e\u0440\u043e\u0447\u0435\u043d\u043d\u044b\u0439 \u0442\u043e\u043f \u0440\u0443\u0447\u043d\u043e\u0439 \u0440\u0430\u0431\u043e\u0442\u044b \u0432 \u0441\u0442\u0438\u043b\u0435 \u0440\u0443\u0441\u0430\u043b\u043a\u0438 \u0438 \u0440\u0435\u0439\u0432\u0430 \u043b\u0430\u0439\u043c\u043e\u0432\u043e\u0433\u043e \u0446\u0432\u0435\u0442\u0430 \u0441 \u0437\u0430\u0432\u044f\u0437\u043a\u0430\u043c\u0438 \u0441\u0437\u0430\u0434\u0438 \u043e\u0431\u0435\u0441\u043f\u0435\u0447\u0438\u0432\u0430\u0435\u0442 \u043a\u043e\u043c\u0444\u043e\u0440\u0442\u043d\u043e\u0435 \u0438 \u0441\u0442\u0438\u043b\u044c\u043d\u043e\u0435 \u0438\u0441\u043f\u043e\u043b\u044c\u0437\u043e\u0432\u0430\u043d\u0438\u0435.<\/p>","protected":false},"featured_media":28197,"comment_status":"open","ping_status":"closed","template":"","meta":[],"product_brand":[691],"product_cat":[697,714],"product_tag":[992,989,993,778,994,769,996,991,995,763,990,762,776,779,997],"class_list":{"0":"post-27658","1":"product","2":"type-product","3":"status-publish","4":"has-post-thumbnail","6":"product_brand-tuffhandicraft","7":"product_cat-crop-top","8":"product_cat-rave","9":"product_tag-arkadan-baglamali-top","10":"product_tag-denizkizi-crop-top","11":"product_tag-el-orgusu-crop-top","12":"product_tag-el-yapimi-crop-top","13":"product_tag-festival-kiyafeti","14":"product_tag-hediye-fikirleri","15":"product_tag-lime-yesili","16":"product_tag-lime-yesili-crop-top","17":"product_tag-nefes-alan-crop-top","18":"product_tag-ozgun-tasarim","19":"product_tag-rave-crop-top","20":"product_tag-surdurulebilir-moda","21":"product_tag-tig-isi-crop-top","22":"product_tag-yazlik-crop-top","23":"product_tag-yazlik-ust","25":"first","26":"instock","27":"taxable","28":"shipping-taxable","29":"purchasable","30":"product-type-variable"},"_links":{"self":[{"href":"https:\/\/tuffhandicraft.com\/ru\/wp-json\/wp\/v2\/product\/27658","targetHints":{"allow":["GET"]}}],"collection":[{"href":"https:\/\/tuffhandicraft.com\/ru\/wp-json\/wp\/v2\/product"}],"about":[{"href":"https:\/\/tuffhandicraft.com\/ru\/wp-json\/wp\/v2\/types\/product"}],"replies":[{"embeddable":true,"href":"https:\/\/tuffhandicraft.com\/ru\/wp-json\/wp\/v2\/comments?post=27658"}],"version-history":[{"count":0,"href":"https:\/\/tuffhandicraft.com\/ru\/wp-json\/wp\/v2\/product\/27658\/revisions"}],"wp:featuredmedia":[{"embeddable":true,"href":"https:\/\/tuffhandicraft.com\/ru\/wp-json\/wp\/v2\/media\/28197"}],"wp:attachment":[{"href":"https:\/\/tuffhandicraft.com\/ru\/wp-json\/wp\/v2\/media?parent=27658"}],"wp:term":[{"taxonomy":"product_brand","embeddable":true,"href":"https:\/\/tuffhandicraft.com\/ru\/wp-json\/wp\/v2\/product_brand?post=27658"},{"taxonomy":"product_cat","embeddable":true,"href":"https:\/\/tuffhandicraft.com\/ru\/wp-json\/wp\/v2\/product_cat?post=27658"},{"taxonomy":"product_tag","embeddable":true,"href":"https:\/\/tuffhandicraft.com\/ru\/wp-json\/wp\/v2\/product_tag?post=27658"}],"curies":[{"name":"wp","href":"https:\/\/api.w.org\/{rel}","templated":true}]}}