{"id":27660,"date":"2025-05-11T00:24:47","date_gmt":"2025-05-10T21:24:47","guid":{"rendered":"https:\/\/tasarim.yusufkecici.com.tr\/urun\/masterpiece-color-raffia-clutch-bag-hand-knitted-pouch-bag-with-chain-woven-cloud-bag-useful-purse-with-fringe-boho-bag-special-gift\/"},"modified":"2025-08-21T17:36:20","modified_gmt":"2025-08-21T14:36:20","slug":"puskullu-rafya-clutch-canta","status":"publish","type":"product","link":"https:\/\/tuffhandicraft.com\/ru\/magaza\/canta\/el-cantasi\/puskullu-rafya-clutch-canta\/","title":{"rendered":"\u0421\u0443\u043c\u043a\u0430-\u043a\u043b\u0430\u0442\u0447 \u0440\u0443\u0447\u043d\u043e\u0439 \u0440\u0430\u0431\u043e\u0442\u044b \u0438\u0437 \u0446\u0432\u0435\u0442\u043d\u043e\u0439 \u0440\u0430\u0444\u0438\u0438 \u0441 \u043a\u0438\u0441\u0442\u043e\u0447\u043a\u0430\u043c\u0438 \u2013 \u0432 \u0431\u043e\u0433\u0435\u043c\u043d\u043e\u043c \u0438 \u0435\u0441\u0442\u0435\u0441\u0442\u0432\u0435\u043d\u043d\u043e\u043c \u0441\u0442\u0438\u043b\u0435"},"content":{"rendered":"<h3 data-start=\"77\" data-end=\"154\">\ud83d\udc5c <strong data-start=\"84\" data-end=\"154\">\u0421\u0443\u043c\u043a\u0430-\u043a\u043b\u0430\u0442\u0447 \u0440\u0443\u0447\u043d\u043e\u0439 \u0440\u0430\u0431\u043e\u0442\u044b \u0438\u0437 \u0446\u0432\u0435\u0442\u043d\u043e\u0439 \u0440\u0430\u0444\u0438\u0438 \u0441 \u043a\u0438\u0441\u0442\u043e\u0447\u043a\u0430\u043c\u0438 \u2013 \u0432 \u0431\u043e\u0433\u0435\u043c\u043d\u043e\u043c \u0438 \u0435\u0441\u0442\u0435\u0441\u0442\u0432\u0435\u043d\u043d\u043e\u043c \u0441\u0442\u0438\u043b\u0435<\/strong><\/h3>\n<p data-start=\"156\" data-end=\"532\">\u042d\u0442\u0430 \u043a\u0440\u0430\u0441\u043e\u0447\u043d\u0430\u044f \u0441\u0443\u043c\u043e\u0447\u043a\u0430-\u043a\u043b\u0430\u0442\u0447, \u0438\u0441\u043a\u0443\u0441\u043d\u043e \u0438\u0437\u0433\u043e\u0442\u043e\u0432\u043b\u0435\u043d\u043d\u0430\u044f \u0432\u0440\u0443\u0447\u043d\u0443\u044e \u0438\u0437 \u043d\u0430\u0442\u0443\u0440\u0430\u043b\u044c\u043d\u044b\u0445 \u0448\u043d\u0443\u0440\u043e\u0432 \u0438\u0437 \u0440\u0430\u0444\u0438\u0438, \u0438\u0437\u043b\u0443\u0447\u0430\u0435\u0442 \u0431\u043e\u0433\u0435\u043c\u043d\u044b\u0439 \u0448\u0438\u043a \u0438 \u044d\u043d\u0435\u0440\u0433\u0438\u044e \u0431\u043b\u0430\u0433\u043e\u0434\u0430\u0440\u044f \u043a\u0438\u0441\u0442\u043e\u0447\u043a\u0430\u043c. \u041b\u0451\u0433\u043a\u0430\u044f \u0438 \u043f\u0440\u043e\u0447\u043d\u0430\u044f, \u043e\u043d\u0430 \u0438\u0434\u0435\u0430\u043b\u044c\u043d\u043e \u043f\u043e\u0434\u0445\u043e\u0434\u0438\u0442 \u043a\u0430\u043a \u0434\u043b\u044f \u043f\u043e\u0432\u0441\u0435\u0434\u043d\u0435\u0432\u043d\u043e\u0433\u043e \u0438\u0441\u043f\u043e\u043b\u044c\u0437\u043e\u0432\u0430\u043d\u0438\u044f, \u0442\u0430\u043a \u0438 \u0434\u043b\u044f \u043e\u0441\u043e\u0431\u044b\u0445 \u0441\u043b\u0443\u0447\u0430\u0435\u0432. \u0415\u0451 \u043d\u0430\u0442\u0443\u0440\u0430\u043b\u044c\u043d\u0430\u044f \u0442\u0435\u043a\u0441\u0442\u0443\u0440\u0430 \u0438 \u044f\u0440\u043a\u0438\u0435 \u0446\u0432\u0435\u0442\u0430 \u0434\u043e\u0431\u0430\u0432\u044f\u0442 \u0442\u0435\u043f\u043b\u0430 \u0432\u0430\u0448\u0435\u043c\u0443 \u043e\u0431\u0440\u0430\u0437\u0443. \u0421\u0442\u0438\u043b\u044c\u043d\u044b\u0439 \u0438 \u043f\u0440\u0430\u043a\u0442\u0438\u0447\u043d\u044b\u0439 \u043c\u0435\u0442\u0430\u043b\u043b\u0438\u0447\u0435\u0441\u043a\u0438\u0439 \u0440\u0435\u043c\u0435\u0448\u043e\u043a \u043f\u043e\u0437\u0432\u043e\u043b\u044f\u0435\u0442 \u043d\u043e\u0441\u0438\u0442\u044c \u0441\u0443\u043c\u043a\u0443 \u043d\u0430 \u043f\u043b\u0435\u0447\u0435 \u0438\u043b\u0438 \u0447\u0435\u0440\u0435\u0437 \u043f\u043b\u0435\u0447\u043e.<\/p>\n<hr data-start=\"534\" data-end=\"537\" \/>\n<h3 data-start=\"539\" data-end=\"570\">\ud83e\uddf5 <strong data-start=\"546\" data-end=\"568\">\u041c\u0430\u0442\u0435\u0440\u0438\u0430\u043b\u044b \u0438 \u043a\u0430\u0447\u0435\u0441\u0442\u0432\u043e \u0438\u0437\u0433\u043e\u0442\u043e\u0432\u043b\u0435\u043d\u0438\u044f<\/strong><img loading=\"lazy\" decoding=\"async\" class=\"wd-lazy-fade size-full wp-image-28000 alignright\" style=\"color: #333333; font-size: 16px;\" src=\"https:\/\/tuffhandicraft.com\/wp-content\/themes\/woodmart\/images\/lazy.svg\" data-src=\"https:\/\/tuffhandicraft.com\/wp-content\/uploads\/2021\/08\/footer-logo-1.png\" alt=\"P\u00fcsk\u00fcll\u00fc Renkli Rafya Clutch \u00c7anta\" width=\"220\" height=\"40\" title=\"\" srcset=\"\" data-srcset=\"https:\/\/tuffhandicraft.com\/wp-content\/uploads\/2021\/08\/footer-logo-1.png 220w, https:\/\/tuffhandicraft.com\/wp-content\/uploads\/2021\/08\/footer-logo-1-150x27.png 150w\" sizes=\"auto, (max-width: 220px) 100vw, 220px\" \/><\/h3>\n<p data-start=\"571\" data-end=\"791\">%100 do\u011fal rafya ipi kullan\u0131larak tamamen el \u00f6rg\u00fcs\u00fc teknikleriyle \u00fcretilmi\u015ftir. <a href=\"https:\/\/tuffhandicraft.com\/ru\/%d0%bf%d1%80%d0%be%d0%b4%d1%83%d0%ba%d1%82\/rave-stili-tig-isi-ust\/\">\u041a\u0438\u0441\u0442\u043e\u0447\u043a\u0438<\/a>, \u0434\u043e\u0431\u0430\u0432\u043b\u044f\u0435\u0442 \u0441\u0443\u043c\u043a\u0435 \u0434\u0438\u043d\u0430\u043c\u0438\u043a\u0438 \u0438 \u0438\u043d\u0434\u0438\u0432\u0438\u0434\u0443\u0430\u043b\u044c\u043d\u043e\u0441\u0442\u0438. \u041c\u0435\u0442\u0430\u043b\u043b\u0438\u0447\u0435\u0441\u043a\u0438\u0439 \u0440\u0435\u043c\u0435\u0448\u043e\u043a \u043e\u0431\u0435\u0441\u043f\u0435\u0447\u0438\u0432\u0430\u0435\u0442 \u043f\u0440\u043e\u0447\u043d\u043e\u0441\u0442\u044c \u0438 \u0441\u0442\u0438\u043b\u044c\u043d\u044b\u0439 \u0432\u0438\u0434. \u041a\u0430\u0436\u0434\u0430\u044f \u0434\u0435\u0442\u0430\u043b\u044c \u0442\u0449\u0430\u0442\u0435\u043b\u044c\u043d\u043e \u043f\u0440\u043e\u0434\u0443\u043c\u0430\u043d\u0430.<\/p>\n<hr data-start=\"793\" data-end=\"796\" \/>\n<h3 data-start=\"798\" data-end=\"829\">\ud83c\udf3f <strong data-start=\"805\" data-end=\"827\">\u0418\u0441\u043f\u043e\u043b\u044c\u0437\u043e\u0432\u0430\u043d\u0438\u0435 \u0438 \u043a\u043e\u043c\u0444\u043e\u0440\u0442<\/strong><\/h3>\n<ul data-start=\"830\" data-end=\"1025\">\n<li data-start=\"830\" data-end=\"857\">\n<p data-start=\"832\" data-end=\"857\">\u041b\u0435\u0433\u043a\u0438\u0439 \u0438 \u0443\u0434\u043e\u0431\u043d\u044b\u0439 \u0434\u043b\u044f \u043f\u0435\u0440\u0435\u043d\u043e\u0441\u043a\u0438<\/p>\n<\/li>\n<li data-start=\"858\" data-end=\"909\">\n<p data-start=\"860\" data-end=\"909\">\u041c\u0435\u0442\u0430\u043b\u043b\u0438\u0447\u0435\u0441\u043a\u0438\u0439 \u0440\u0435\u043c\u0435\u043d\u044c \u0434\u043b\u044f \u043d\u043e\u0448\u0435\u043d\u0438\u044f \u043d\u0430 \u043f\u043b\u0435\u0447\u0435 \u0438 \u0447\u0435\u0440\u0435\u0437 \u043f\u043b\u0435\u0447\u043e<\/p>\n<\/li>\n<li data-start=\"910\" data-end=\"945\">\n<p data-start=\"912\" data-end=\"945\">\u0418\u0434\u0435\u0430\u043b\u044c\u043d\u043e \u043f\u043e\u0434\u0445\u043e\u0434\u0438\u0442 \u0434\u043b\u044f \u043b\u0435\u0442\u043d\u0435\u0433\u043e \u0438 \u0432\u0435\u0441\u0435\u043d\u043d\u0435\u0433\u043e \u0441\u0435\u0437\u043e\u043d\u043e\u0432.<\/p>\n<\/li>\n<li data-start=\"946\" data-end=\"991\">\n<p data-start=\"948\" data-end=\"991\">\u0418\u0434\u0435\u0430\u043b\u044c\u043d\u043e \u043f\u043e\u0434\u0445\u043e\u0434\u0438\u0442 \u0434\u043b\u044f \u043f\u043e\u0432\u0441\u0435\u0434\u043d\u0435\u0432\u043d\u043e\u0439 \u044d\u043b\u0435\u0433\u0430\u043d\u0442\u043d\u043e\u0441\u0442\u0438 \u0438 \u043e\u0441\u043e\u0431\u044b\u0445 \u0441\u043b\u0443\u0447\u0430\u0435\u0432.<\/p>\n<\/li>\n<li data-start=\"992\" data-end=\"1025\">\n<p data-start=\"994\" data-end=\"1025\">\u0411\u043e\u0433\u0435\u043c\u043d\u044b\u0439, \u0435\u0441\u0442\u0435\u0441\u0442\u0432\u0435\u043d\u043d\u044b\u0439 \u0438 \u043e\u0440\u0438\u0433\u0438\u043d\u0430\u043b\u044c\u043d\u044b\u0439 \u0434\u0438\u0437\u0430\u0439\u043d<\/p>\n<\/li>\n<\/ul>\n<hr data-start=\"1027\" data-end=\"1030\" \/>\n<h3 data-start=\"1032\" data-end=\"1059\">\ud83c\udfa8 <strong data-start=\"1039\" data-end=\"1057\">\u041f\u0440\u0435\u0434\u043b\u043e\u0436\u0435\u043d\u0438\u044f \u043f\u043e \u0441\u0442\u0438\u043b\u044e<\/strong><\/h3>\n<p data-start=\"1060\" data-end=\"1256\">\u042d\u0442\u043e\u0442 \u044f\u0440\u043a\u0438\u0439 \u043a\u043b\u0430\u0442\u0447 \u0441 \u043a\u0438\u0441\u0442\u043e\u0447\u043a\u0430\u043c\u0438 \u0438\u0434\u0435\u0430\u043b\u044c\u043d\u043e \u0441\u043e\u0447\u0435\u0442\u0430\u0435\u0442\u0441\u044f \u0441 \u043f\u0440\u043e\u0441\u0442\u044b\u043c\u0438 \u043f\u043b\u0430\u0442\u044c\u044f\u043c\u0438, \u043b\u044c\u043d\u044f\u043d\u044b\u043c\u0438 \u0431\u0440\u044e\u043a\u0430\u043c\u0438 \u0438 \u043f\u043e\u0432\u0441\u0435\u0434\u043d\u0435\u0432\u043d\u044b\u043c\u0438 \u0442\u043e\u043f\u0430\u043c\u0438. \u041e\u0442\u043b\u0438\u0447\u043d\u044b\u0439 \u0432\u044b\u0431\u043e\u0440 \u0434\u043b\u044f \u0442\u0435\u0445, \u043a\u0442\u043e \u0445\u043e\u0447\u0435\u0442 \u0432\u044b\u0433\u043b\u044f\u0434\u0435\u0442\u044c \u044d\u043d\u0435\u0440\u0433\u0438\u0447\u043d\u043e \u0438 \u043d\u0435\u043e\u0431\u044b\u0447\u043d\u043e \u043b\u0435\u0442\u043d\u0438\u043c\u0438 \u0432\u0435\u0447\u0435\u0440\u0430\u043c\u0438 \u0438\u043b\u0438 \u043d\u0430 \u0444\u0435\u0441\u0442\u0438\u0432\u0430\u043b\u044f\u0445.<\/p>\n<p data-start=\"1415\" data-end=\"1691\">\u0414\u043b\u044f \u0434\u0440\u0443\u0433\u0438\u0445 \u043c\u043e\u0434\u0435\u043b\u0435\u0439, \u043a\u043e\u0442\u043e\u0440\u044b\u0435 \u043c\u043e\u0433\u0443\u0442 \u043f\u043e\u0434\u043e\u0439\u0442\u0438 \u0432\u0430\u0448\u0435\u043c\u0443 \u0441\u0442\u0438\u043b\u044e \u0438 \u043d\u0435 \u0442\u043e\u043b\u044c\u043a\u043e, \u043f\u043e\u0441\u0435\u0442\u0438\u0442\u0435 Tuff\u00a0<a href=\"https:\/\/www.pinterest.com\/TuffHandicraft01\/\" target=\"_blank\" rel=\"noopener\">\u041f\u0438\u043d\u0442\u0435\u0440\u0435\u0441\u0442<\/a>\u00a0\u043f\u043e\u0441\u0435\u0442\u0438\u0442\u0435 \u043c\u0438\u0440.<\/p>\n<hr data-start=\"1258\" data-end=\"1261\" \/>\n<h3 data-start=\"1263\" data-end=\"1307\">\u267b\ufe0f <strong data-start=\"1270\" data-end=\"1305\">\u0420\u0443\u0447\u043d\u0430\u044f \u0440\u0430\u0431\u043e\u0442\u0430 \u0438 \u044d\u043a\u043e\u043b\u043e\u0433\u0438\u0447\u043d\u0430\u044f \u043c\u043e\u0434\u0430<\/strong><\/h3>\n<p data-start=\"1308\" data-end=\"1488\">\u0421\u0434\u0435\u043b\u0430\u043d\u043e \u044d\u0442\u0438\u0447\u043d\u043e, \u0438\u0437 \u044d\u043a\u043e\u043b\u043e\u0433\u0438\u0447\u043d\u044b\u0445 \u043c\u0430\u0442\u0435\u0440\u0438\u0430\u043b\u043e\u0432, \u0441 \u0430\u043a\u0446\u0435\u043d\u0442\u043e\u043c \u043d\u0430 \u043f\u0440\u0438\u043d\u0446\u0438\u043f \u00ab\u043c\u0435\u0434\u043b\u0435\u043d\u043d\u043e\u0439 \u043c\u043e\u0434\u044b\u00bb. \u041a\u0430\u0436\u0434\u043e\u0435 \u0438\u0437\u0434\u0435\u043b\u0438\u0435 \u0443\u043d\u0438\u043a\u0430\u043b\u044c\u043d\u043e \u0438 \u0441\u0442\u0430\u043d\u0435\u0442 \u0443\u043d\u0438\u043a\u0430\u043b\u044c\u043d\u044b\u043c \u0434\u043e\u043f\u043e\u043b\u043d\u0435\u043d\u0438\u0435\u043c \u043a \u0432\u0430\u0448\u0435\u043c\u0443 \u044d\u043a\u043e\u043b\u043e\u0433\u0438\u0447\u043d\u043e\u043c\u0443 \u0433\u0430\u0440\u0434\u0435\u0440\u043e\u0431\u0443.<\/p>\n<hr data-start=\"1490\" data-end=\"1493\" \/>\n<h3 data-start=\"1495\" data-end=\"1523\">\ud83e\uddfc <strong data-start=\"1502\" data-end=\"1521\">\u0420\u0435\u043a\u043e\u043c\u0435\u043d\u0434\u0430\u0446\u0438\u0438 \u043f\u043e \u0443\u0445\u043e\u0434\u0443<\/strong><\/h3>\n<p data-start=\"1524\" data-end=\"1642\">\u0410\u043a\u043a\u0443\u0440\u0430\u0442\u043d\u043e \u043f\u0440\u043e\u0442\u0438\u0440\u0430\u0439\u0442\u0435 \u0432\u043b\u0430\u0436\u043d\u043e\u0439 \u0442\u043a\u0430\u043d\u044c\u044e. \u0418\u0437\u0431\u0435\u0433\u0430\u0439\u0442\u0435 \u0438\u0441\u043f\u043e\u043b\u044c\u0437\u043e\u0432\u0430\u043d\u0438\u044f \u0445\u0438\u043c\u0438\u0447\u0435\u0441\u043a\u0438\u0445 \u0447\u0438\u0441\u0442\u044f\u0449\u0438\u0445 \u0441\u0440\u0435\u0434\u0441\u0442\u0432. \u041d\u0435 \u043e\u0441\u0442\u0430\u0432\u043b\u044f\u0439\u0442\u0435 \u043f\u043e\u0434 \u043f\u0440\u044f\u043c\u044b\u043c\u0438 \u0441\u043e\u043b\u043d\u0435\u0447\u043d\u044b\u043c\u0438 \u043b\u0443\u0447\u0430\u043c\u0438 \u043d\u0430 \u0434\u043b\u0438\u0442\u0435\u043b\u044c\u043d\u043e\u0435 \u0432\u0440\u0435\u043c\u044f.<\/p>\n<hr data-start=\"1644\" data-end=\"1647\" \/>\n<h3 data-start=\"1649\" data-end=\"1714\">\u2728 <strong data-start=\"1655\" data-end=\"1712\">\u041f\u043e\u0447\u0435\u043c\u0443 \u0441\u0442\u043e\u0438\u0442 \u0432\u044b\u0431\u0440\u0430\u0442\u044c \u044d\u0442\u0443 \u043a\u0440\u0430\u0441\u043e\u0447\u043d\u0443\u044e \u0441\u0443\u043c\u043a\u0443 \u0438\u0437 \u0440\u0430\u0444\u0438\u0438?<\/strong><\/h3>\n<ul data-start=\"1715\" data-end=\"1925\">\n<li data-start=\"1715\" data-end=\"1748\">\n<p data-start=\"1717\" data-end=\"1748\">%100 el yap\u0131m\u0131, \u00f6zg\u00fcn tasar\u0131m<\/p>\n<\/li>\n<li data-start=\"1749\" data-end=\"1786\">\n<p data-start=\"1751\" data-end=\"1786\">\u041d\u0430\u0442\u0443\u0440\u0430\u043b\u044c\u043d\u0430\u044f \u0440\u0430\u0444\u0438\u044f \u0438 \u043f\u0440\u043e\u0447\u043d\u0430\u044f \u043a\u043e\u043d\u0441\u0442\u0440\u0443\u043a\u0446\u0438\u044f<\/p>\n<\/li>\n<li data-start=\"1787\" data-end=\"1833\">\n<p data-start=\"1789\" data-end=\"1833\">\u042f\u0440\u043a\u0438\u0435 \u0446\u0432\u0435\u0442\u0430 \u0438 \u044f\u0440\u043a\u0438\u0435 \u0434\u0435\u0442\u0430\u043b\u0438 \u0432 \u0432\u0438\u0434\u0435 \u043a\u0438\u0441\u0442\u043e\u0447\u0435\u043a<\/p>\n<\/li>\n<li data-start=\"1834\" data-end=\"1866\">\n<p data-start=\"1836\" data-end=\"1866\">\u0421\u0442\u0438\u043b\u044c\u043d\u0430\u044f \u0438 \u0443\u0434\u043e\u0431\u043d\u0430\u044f \u043c\u0435\u0442\u0430\u043b\u043b\u0438\u0447\u0435\u0441\u043a\u0430\u044f \u0432\u0435\u0448\u0430\u043b\u043a\u0430.<\/p>\n<\/li>\n<li data-start=\"1867\" data-end=\"1891\">\n<p data-start=\"1869\" data-end=\"1891\">\u041b\u0435\u0433\u043a\u0438\u0439 \u0438 \u0444\u0443\u043d\u043a\u0446\u0438\u043e\u043d\u0430\u043b\u044c\u043d\u044b\u0439<\/p>\n<\/li>\n<li data-start=\"1892\" data-end=\"1925\">\n<p data-start=\"1894\" data-end=\"1925\">\u0423\u0441\u0442\u043e\u0439\u0447\u0438\u0432\u043e\u0435 \u0438 \u044d\u0442\u0438\u0447\u043d\u043e\u0435 \u043f\u0440\u043e\u0438\u0437\u0432\u043e\u0434\u0441\u0442\u0432\u043e<\/p>\n<\/li>\n<\/ul>","protected":false},"excerpt":{"rendered":"<p>\u0421\u0443\u043c\u043a\u0430-\u043a\u043b\u0430\u0442\u0447 \u0440\u0443\u0447\u043d\u043e\u0439 \u0440\u0430\u0431\u043e\u0442\u044b \u0438\u0437 \u0446\u0432\u0435\u0442\u043d\u043e\u0439 \u0440\u0430\u0444\u0438\u0438 \u0441 \u043a\u0438\u0441\u0442\u043e\u0447\u043a\u0430\u043c\u0438 \u0438 \u0441\u0442\u0438\u043b\u044c\u043d\u044b\u043c \u043c\u0435\u0442\u0430\u043b\u043b\u0438\u0447\u0435\u0441\u043a\u0438\u043c \u0440\u0435\u043c\u0435\u0448\u043a\u043e\u043c \u2014 \u043b\u0435\u0433\u043a\u0438\u0439 \u0438 \u043f\u0440\u043e\u0447\u043d\u044b\u0439 \u0430\u043a\u0441\u0435\u0441\u0441\u0443\u0430\u0440, \u043f\u043e\u0434\u0445\u043e\u0434\u044f\u0449\u0438\u0439 \u0434\u043b\u044f \u043f\u043e\u0432\u0441\u0435\u0434\u043d\u0435\u0432\u043d\u043e\u0433\u043e \u0438 \u043e\u0441\u043e\u0431\u043e\u0433\u043e \u0438\u0441\u043f\u043e\u043b\u044c\u0437\u043e\u0432\u0430\u043d\u0438\u044f.<\/p>","protected":false},"featured_media":28182,"comment_status":"open","ping_status":"closed","template":"","meta":[],"product_brand":[691],"product_cat":[728,686],"product_tag":[986,987,821,819,812,908,815,769,985,763,988,982,983,984,762,816],"class_list":{"0":"post-27660","1":"product","2":"type-product","3":"status-publish","4":"has-post-thumbnail","6":"product_brand-tuffhandicraft","7":"product_cat-el-cantasi","8":"product_cat-canta","9":"product_tag-bohem-aksesuar","10":"product_tag-clutch-canta","11":"product_tag-dogal-malzeme-canta","12":"product_tag-el-orgusu-canta","13":"product_tag-el-yapimi-canta","14":"product_tag-gunluk-canta","15":"product_tag-hafif-canta","16":"product_tag-hediye-fikirleri","17":"product_tag-metal-askili-canta","18":"product_tag-ozgun-tasarim","19":"product_tag-puskullu-canta","20":"product_tag-puskullu-clutch","21":"product_tag-rafya-canta","22":"product_tag-renkli-clutch","23":"product_tag-surdurulebilir-moda","24":"product_tag-yazlik-canta","26":"first","27":"instock","28":"sale","29":"taxable","30":"shipping-taxable","31":"purchasable","32":"product-type-simple"},"_links":{"self":[{"href":"https:\/\/tuffhandicraft.com\/ru\/wp-json\/wp\/v2\/product\/27660","targetHints":{"allow":["GET"]}}],"collection":[{"href":"https:\/\/tuffhandicraft.com\/ru\/wp-json\/wp\/v2\/product"}],"about":[{"href":"https:\/\/tuffhandicraft.com\/ru\/wp-json\/wp\/v2\/types\/product"}],"replies":[{"embeddable":true,"href":"https:\/\/tuffhandicraft.com\/ru\/wp-json\/wp\/v2\/comments?post=27660"}],"version-history":[{"count":1,"href":"https:\/\/tuffhandicraft.com\/ru\/wp-json\/wp\/v2\/product\/27660\/revisions"}],"predecessor-version":[{"id":30274,"href":"https:\/\/tuffhandicraft.com\/ru\/wp-json\/wp\/v2\/product\/27660\/revisions\/30274"}],"wp:featuredmedia":[{"embeddable":true,"href":"https:\/\/tuffhandicraft.com\/ru\/wp-json\/wp\/v2\/media\/28182"}],"wp:attachment":[{"href":"https:\/\/tuffhandicraft.com\/ru\/wp-json\/wp\/v2\/media?parent=27660"}],"wp:term":[{"taxonomy":"product_brand","embeddable":true,"href":"https:\/\/tuffhandicraft.com\/ru\/wp-json\/wp\/v2\/product_brand?post=27660"},{"taxonomy":"product_cat","embeddable":true,"href":"https:\/\/tuffhandicraft.com\/ru\/wp-json\/wp\/v2\/product_cat?post=27660"},{"taxonomy":"product_tag","embeddable":true,"href":"https:\/\/tuffhandicraft.com\/ru\/wp-json\/wp\/v2\/product_tag?post=27660"}],"curies":[{"name":"wp","href":"https:\/\/api.w.org\/{rel}","templated":true}]}}