{"id":27664,"date":"2025-05-11T00:24:50","date_gmt":"2025-05-10T21:24:50","guid":{"rendered":"https:\/\/tasarim.yusufkecici.com.tr\/urun\/crochet-granny-square-cardigan-grey-and-white-oversized-unisex-cardigan-granny-square-jacket-handmade-womens-cardigan-gift-for-her\/"},"modified":"2025-08-10T16:00:19","modified_gmt":"2025-08-10T13:00:19","slug":"gri-beyaz-el-orgusu-hirka","status":"publish","type":"product","link":"https:\/\/tuffhandicraft.com\/ru\/magaza\/hirka\/gri-beyaz-el-orgusu-hirka\/","title":{"rendered":"\u041a\u0430\u0440\u0434\u0438\u0433\u0430\u043d \u0440\u0443\u0447\u043d\u043e\u0439 \u0432\u044f\u0437\u043a\u0438 \u0441 \u0441\u0435\u0440\u043e-\u0431\u0435\u043b\u044b\u043c \u043a\u0432\u0430\u0434\u0440\u0430\u0442\u043d\u044b\u043c \u0443\u0437\u043e\u0440\u043e\u043c \u2013 \u044d\u043b\u0435\u0433\u0430\u043d\u0442\u043d\u044b\u0439 \u0438 \u0442\u0435\u043f\u043b\u044b\u0439"},"content":{"rendered":"<h3 data-start=\"136\" data-end=\"202\">\ud83e\uddf6 <strong data-start=\"143\" data-end=\"202\">\u041a\u0430\u0440\u0434\u0438\u0433\u0430\u043d \u0440\u0443\u0447\u043d\u043e\u0439 \u0432\u044f\u0437\u043a\u0438 \u0441 \u0441\u0435\u0440\u043e-\u0431\u0435\u043b\u044b\u043c \u043a\u0432\u0430\u0434\u0440\u0430\u0442\u043d\u044b\u043c \u0443\u0437\u043e\u0440\u043e\u043c \u2013 \u044d\u043b\u0435\u0433\u0430\u043d\u0442\u043d\u044b\u0439 \u0438 \u0442\u0435\u043f\u043b\u044b\u0439<\/strong><\/h3>\n<p data-start=\"204\" data-end=\"479\">El eme\u011fiyle \u00f6zenle haz\u0131rlanm\u0131\u015f bu gri beyaz kare desenli h\u0131rka, hem zarif hem de s\u0131cak tutan tasar\u0131m\u0131yla k\u0131\u015f gard\u0131robunuzun vazge\u00e7ilmezi olacak. Kare motifleri, modern ve klasik \u00e7izgileri harmanlayarak \u015f\u0131kl\u0131k katarken, yumu\u015fak ve konforlu yap\u0131s\u0131 ile g\u00fcn boyu rahatl\u0131k sa\u011flar.<\/p>\n<hr data-start=\"481\" data-end=\"484\" \/>\n<h3 data-start=\"486\" data-end=\"517\">\ud83e\uddf5 <strong data-start=\"493\" data-end=\"515\">\u041c\u0430\u0442\u0435\u0440\u0438\u0430\u043b\u044b \u0438 \u043a\u0430\u0447\u0435\u0441\u0442\u0432\u043e \u0438\u0437\u0433\u043e\u0442\u043e\u0432\u043b\u0435\u043d\u0438\u044f<\/strong><img loading=\"lazy\" decoding=\"async\" class=\"wd-lazy-fade alignnone wp-image-28000 size-full alignright\" style=\"color: #333333; font-size: 16px;\" src=\"https:\/\/tuffhandicraft.com\/wp-content\/themes\/woodmart\/images\/lazy.svg\" data-src=\"https:\/\/tuffhandicraft.com\/wp-content\/uploads\/2021\/08\/footer-logo-1.png\" alt=\"Gri Beyaz Kare Desenli El \u00d6rg\u00fcs\u00fc H\u0131rka\" width=\"220\" height=\"40\" title=\"\" srcset=\"\" data-srcset=\"https:\/\/tuffhandicraft.com\/wp-content\/uploads\/2021\/08\/footer-logo-1.png 220w, https:\/\/tuffhandicraft.com\/wp-content\/uploads\/2021\/08\/footer-logo-1-150x27.png 150w\" sizes=\"auto, (max-width: 220px) 100vw, 220px\" \/><\/h3>\n<p data-start=\"518\" data-end=\"711\">Y\u00fcksek kaliteli, do\u011fal ipliklerden <a href=\"https:\/\/tuffhandicraft.com\/ru\/%d0%bf%d1%80%d0%be%d0%b4%d1%83%d0%ba%d1%82\/ikonik-patchwork-uzun-motif-hirka\/\">tamamen el \u00f6rg\u00fcs\u00fc<\/a> olarak \u00fcretilen bu h\u0131rka, nefes alabilir ve s\u0131cak tutan yap\u0131s\u0131yla \u00f6ne \u00e7\u0131kar. Kare desenleri ustal\u0131kla i\u015flenmi\u015f olup, her par\u00e7a benzersizdir.<\/p>\n<p>&nbsp;<\/p>\n<h3 data-start=\"718\" data-end=\"749\">\u2744\ufe0f <strong data-start=\"725\" data-end=\"747\">\u0418\u0441\u043f\u043e\u043b\u044c\u0437\u043e\u0432\u0430\u043d\u0438\u0435 \u0438 \u043a\u043e\u043c\u0444\u043e\u0440\u0442<\/strong><\/h3>\n<ul data-start=\"750\" data-end=\"942\">\n<li data-start=\"750\" data-end=\"801\">\n<p data-start=\"752\" data-end=\"801\">K\u0131\u015f ve so\u011fuk havalar i\u00e7in ideal s\u0131cakl\u0131k sa\u011flar<\/p>\n<\/li>\n<li data-start=\"802\" data-end=\"840\">\n<p data-start=\"804\" data-end=\"840\">G\u00fcnl\u00fck kullan\u0131ma uygun rahat kesim<\/p>\n<\/li>\n<li data-start=\"841\" data-end=\"891\">\n<p data-start=\"843\" data-end=\"891\">Evde, d\u0131\u015far\u0131da ve i\u015f yerinde konforlu kullan\u0131m<\/p>\n<\/li>\n<li data-start=\"892\" data-end=\"942\">\n<p data-start=\"894\" data-end=\"942\">Zarif detaylar\u0131 ile hem \u015f\u0131k hem rahat bir tercih<\/p>\n<\/li>\n<\/ul>\n<hr data-start=\"944\" data-end=\"947\" \/>\n<h3 data-start=\"949\" data-end=\"976\">\ud83c\udfa8 <strong data-start=\"956\" data-end=\"974\">\u041f\u0440\u0435\u0434\u043b\u043e\u0436\u0435\u043d\u0438\u044f \u043f\u043e \u0441\u0442\u0438\u043b\u044e<\/strong><\/h3>\n<p data-start=\"977\" data-end=\"1163\">Bu kare desenli h\u0131rka, basic ti\u015f\u00f6rtler, pantolonlar ve eteklerle kolayca kombinlenebilir. Sade renk paleti sayesinde farkl\u0131 tarzlara uyum sa\u011flar ve g\u00f6r\u00fcn\u00fcm\u00fcn\u00fcze modern bir dokunu\u015f ekler.<\/p>\n<p data-start=\"977\" data-end=\"1163\">\u0414\u043b\u044f \u0434\u0440\u0443\u0433\u0438\u0445 \u043c\u043e\u0434\u0435\u043b\u0435\u0439, \u043a\u043e\u0442\u043e\u0440\u044b\u0435 \u043c\u043e\u0433\u0443\u0442 \u043f\u043e\u0434\u043e\u0439\u0442\u0438 \u0432\u0430\u0448\u0435\u043c\u0443 \u0441\u0442\u0438\u043b\u044e \u0438 \u043d\u0435 \u0442\u043e\u043b\u044c\u043a\u043e, \u043f\u043e\u0441\u0435\u0442\u0438\u0442\u0435 Tuff\u00a0<a href=\"https:\/\/www.pinterest.com\/TuffHandicraft01\/\" target=\"_blank\" rel=\"noopener\">\u041f\u0438\u043d\u0442\u0435\u0440\u0435\u0441\u0442<\/a>\u00a0\u043f\u043e\u0441\u0435\u0442\u0438\u0442\u0435 \u043c\u0438\u0440.<\/p>\n<hr data-start=\"1165\" data-end=\"1168\" \/>\n<h3 data-start=\"1170\" data-end=\"1214\">\u267b\ufe0f <strong data-start=\"1177\" data-end=\"1212\">\u0420\u0443\u0447\u043d\u0430\u044f \u0440\u0430\u0431\u043e\u0442\u0430 \u0438 \u044d\u043a\u043e\u043b\u043e\u0433\u0438\u0447\u043d\u0430\u044f \u043c\u043e\u0434\u0430<\/strong><\/h3>\n<p data-start=\"1215\" data-end=\"1355\">Yava\u015f moda ilkeleri do\u011frultusunda, do\u011faya sayg\u0131l\u0131 ve etik ko\u015fullarda \u00fcretilmi\u015ftir. El eme\u011fiyle \u00f6r\u00fclen bu h\u0131rka, uzun \u00f6m\u00fcrl\u00fc ve benzersizdir.<\/p>\n<hr data-start=\"1357\" data-end=\"1360\" \/>\n<h3 data-start=\"1362\" data-end=\"1390\">\ud83e\uddfc <strong data-start=\"1369\" data-end=\"1388\">\u0420\u0435\u043a\u043e\u043c\u0435\u043d\u0434\u0430\u0446\u0438\u0438 \u043f\u043e \u0443\u0445\u043e\u0434\u0443<\/strong><\/h3>\n<p data-start=\"1391\" data-end=\"1563\">Formunu ve dokusunu korumak i\u00e7in so\u011fuk suda elde y\u0131kama \u00f6nerilir. Makinede y\u0131kama ve s\u0131kma i\u015flemi yap\u0131lmamal\u0131d\u0131r. Kuruturken d\u00fcz bir zemine sererek do\u011fal \u015fekilde kurutunuz.<\/p>\n<hr data-start=\"1565\" data-end=\"1568\" \/>\n<h3 data-start=\"1570\" data-end=\"1651\">\u2728 <strong data-start=\"1576\" data-end=\"1649\">Neden Bu Gri Beyaz Kare Desenli El \u00d6r<\/strong><strong data-start=\"1576\" data-end=\"1649\">g\u00fcs\u00fc H\u0131rkay\u0131 Tercih Etmelisiniz?<\/strong><\/h3>\n<ul data-start=\"1652\" data-end=\"1841\">\n<li data-start=\"1652\" data-end=\"1685\">\n<p data-start=\"1654\" data-end=\"1685\">%100 el yap\u0131m\u0131, \u00f6zg\u00fcn tasar\u0131m<\/p>\n<\/li>\n<li data-start=\"1686\" data-end=\"1709\">\n<p data-start=\"1688\" data-end=\"1709\">Zarif kare motifler<\/p>\n<\/li>\n<li data-start=\"1710\" data-end=\"1751\">\n<p data-start=\"1712\" data-end=\"1751\">Yumu\u015fak ve s\u0131cak tutan do\u011fal iplikler<\/p>\n<\/li>\n<li data-start=\"1752\" data-end=\"1774\">\n<p data-start=\"1754\" data-end=\"1774\">Rahat ve \u015f\u0131k kesim<\/p>\n<\/li>\n<li data-start=\"1775\" data-end=\"1808\">\n<p data-start=\"1777\" data-end=\"1808\">\u0423\u0441\u0442\u043e\u0439\u0447\u0438\u0432\u043e\u0435 \u0438 \u044d\u0442\u0438\u0447\u043d\u043e\u0435 \u043f\u0440\u043e\u0438\u0437\u0432\u043e\u0434\u0441\u0442\u0432\u043e<\/p>\n<\/li>\n<li data-start=\"1809\" data-end=\"1841\">\n<p data-start=\"1811\" data-end=\"1841\">G\u00fcnl\u00fck ve \u00f6zel kullan\u0131ma uygun<\/p>\n<\/li>\n<\/ul>","protected":false},"excerpt":{"rendered":"<p>El yap\u0131m\u0131 gri beyaz kare desenli h\u0131rka, yumu\u015fak dokusu ve rahat kesimiyle k\u0131\u015f\u0131n s\u0131cak ve \u015f\u0131k kalman\u0131z\u0131 sa\u011flar.<\/p>","protected":false},"featured_media":28156,"comment_status":"open","ping_status":"closed","template":"","meta":[],"product_brand":[691],"product_cat":[688],"product_tag":[774,954,924,748,965,967,769,966,969,968,765,763,759,762,953],"class_list":{"0":"post-27664","1":"product","2":"type-product","3":"status-publish","4":"has-post-thumbnail","6":"product_brand-tuffhandicraft","7":"product_cat-hirka","8":"product_tag-dogal-iplik-hirka","9":"product_tag-el-orgusu-dis-giyim","10":"product_tag-el-orgusu-hirka","11":"product_tag-el-yapimi-hirka","12":"product_tag-granny-hirka","13":"product_tag-gri-beyaz-hirka","14":"product_tag-hediye-fikirleri","15":"product_tag-kare-desen-hirka","16":"product_tag-kare-motif","17":"product_tag-kis-kombini","18":"product_tag-kislik-hirka","19":"product_tag-ozgun-tasarim","20":"product_tag-rahat-hirka","21":"product_tag-surdurulebilir-moda","22":"product_tag-yumusak-hirka","24":"first","25":"instock","26":"taxable","27":"shipping-taxable","28":"purchasable","29":"product-type-variable"},"_links":{"self":[{"href":"https:\/\/tuffhandicraft.com\/ru\/wp-json\/wp\/v2\/product\/27664","targetHints":{"allow":["GET"]}}],"collection":[{"href":"https:\/\/tuffhandicraft.com\/ru\/wp-json\/wp\/v2\/product"}],"about":[{"href":"https:\/\/tuffhandicraft.com\/ru\/wp-json\/wp\/v2\/types\/product"}],"replies":[{"embeddable":true,"href":"https:\/\/tuffhandicraft.com\/ru\/wp-json\/wp\/v2\/comments?post=27664"}],"version-history":[{"count":0,"href":"https:\/\/tuffhandicraft.com\/ru\/wp-json\/wp\/v2\/product\/27664\/revisions"}],"wp:featuredmedia":[{"embeddable":true,"href":"https:\/\/tuffhandicraft.com\/ru\/wp-json\/wp\/v2\/media\/28156"}],"wp:attachment":[{"href":"https:\/\/tuffhandicraft.com\/ru\/wp-json\/wp\/v2\/media?parent=27664"}],"wp:term":[{"taxonomy":"product_brand","embeddable":true,"href":"https:\/\/tuffhandicraft.com\/ru\/wp-json\/wp\/v2\/product_brand?post=27664"},{"taxonomy":"product_cat","embeddable":true,"href":"https:\/\/tuffhandicraft.com\/ru\/wp-json\/wp\/v2\/product_cat?post=27664"},{"taxonomy":"product_tag","embeddable":true,"href":"https:\/\/tuffhandicraft.com\/ru\/wp-json\/wp\/v2\/product_tag?post=27664"}],"curies":[{"name":"wp","href":"https:\/\/api.w.org\/{rel}","templated":true}]}}