{"id":27668,"date":"2025-05-11T00:24:54","date_gmt":"2025-05-10T21:24:54","guid":{"rendered":"https:\/\/tasarim.yusufkecici.com.tr\/urun\/oversized-fuzzy-mohair-cardigan-hand-knit-soft-cardigan-diagonal-square-bomber-jacket-handmade-multicolor-sweater-crochet-cardigan-gift\/"},"modified":"2025-08-10T15:59:32","modified_gmt":"2025-08-10T12:59:32","slug":"pelus-el-orgusu-hirka","status":"publish","type":"product","link":"https:\/\/tuffhandicraft.com\/ru\/magaza\/hirka\/pelus-el-orgusu-hirka\/","title":{"rendered":"\u041a\u0430\u0440\u0434\u0438\u0433\u0430\u043d \u0440\u0443\u0447\u043d\u043e\u0439 \u0432\u044f\u0437\u043a\u0438 \u0438\u0437 \u043f\u043b\u044e\u0448\u0430 \u2013 \u0433\u0435\u043e\u043c\u0435\u0442\u0440\u0438\u0447\u0435\u0441\u043a\u0438\u0439, \u043c\u044f\u0433\u043a\u0438\u0439 \u0438 \u0443\u0434\u043e\u0431\u043d\u044b\u0439"},"content":{"rendered":"<h3 data-start=\"103\" data-end=\"165\">\ud83e\uddf6<strong data-start=\"110\" data-end=\"165\">\u041a\u0430\u0440\u0434\u0438\u0433\u0430\u043d \u0440\u0443\u0447\u043d\u043e\u0439 \u0432\u044f\u0437\u043a\u0438 \u0438\u0437 \u043f\u043b\u044e\u0448\u0430 \u2013 \u0433\u0435\u043e\u043c\u0435\u0442\u0440\u0438\u0447\u0435\u0441\u043a\u0438\u0439, \u043c\u044f\u0433\u043a\u0438\u0439 \u0438 \u0443\u0434\u043e\u0431\u043d\u044b\u0439<\/strong><\/h3>\n<p data-start=\"167\" data-end=\"507\">\u042d\u0442\u043e\u0442 \u043a\u0430\u0440\u0434\u0438\u0433\u0430\u043d, \u0442\u0449\u0430\u0442\u0435\u043b\u044c\u043d\u043e \u0441\u0432\u044f\u0437\u0430\u043d\u043d\u044b\u0439 \u0432\u0440\u0443\u0447\u043d\u0443\u044e, \u0434\u0430\u0440\u0438\u0442 \u0442\u0435\u043f\u043b\u043e \u0438 \u043a\u043e\u043c\u0444\u043e\u0440\u0442 \u0431\u043b\u0430\u0433\u043e\u0434\u0430\u0440\u044f \u0441\u0432\u043e\u0435\u0439 \u043c\u044f\u0433\u043a\u043e\u0439 \u0442\u0435\u043a\u0441\u0442\u0443\u0440\u0435. <a href=\"https:\/\/tuffhandicraft.com\/ru\/%d0%bf%d1%80%d0%be%d0%b4%d1%83%d0%ba%d1%82\/afrika-cicek-motifli-oversize-hirka\/\">\u0441 \u0433\u0435\u043e\u043c\u0435\u0442\u0440\u0438\u0447\u0435\u0441\u043a\u0438\u043c\u0438 \u0443\u0437\u043e\u0440\u0430\u043c\u0438<\/a> \u041e\u043d \u0434\u043e\u0431\u0430\u0432\u0438\u0442 \u0432\u0430\u0448\u0435\u043c\u0443 \u043e\u0431\u0440\u0430\u0437\u0443 \u043d\u043e\u0442\u043a\u0443 \u0441\u043e\u0432\u0440\u0435\u043c\u0435\u043d\u043d\u043e\u0441\u0442\u0438. \u041c\u044f\u0433\u043a\u0430\u044f \u0442\u0435\u043a\u0441\u0442\u0443\u0440\u0430 \u0441\u043e\u0433\u0440\u0435\u0435\u0442 \u0432\u0430\u0441 \u0437\u0438\u043c\u043e\u0439, \u0430 \u0441\u0432\u043e\u0431\u043e\u0434\u043d\u044b\u0439 \u043a\u0440\u043e\u0439 \u043e\u0431\u0435\u0441\u043f\u0435\u0447\u0438\u0442 \u043a\u043e\u043c\u0444\u043e\u0440\u0442 \u0432 \u0442\u0435\u0447\u0435\u043d\u0438\u0435 \u0432\u0441\u0435\u0433\u043e \u0434\u043d\u044f. \u042d\u0442\u043e\u0442 \u043a\u0430\u0440\u0434\u0438\u0433\u0430\u043d, \u043d\u0435\u0437\u0430\u043c\u0435\u043d\u0438\u043c\u0430\u044f \u0432\u0435\u0449\u044c \u0432 \u0433\u0430\u0440\u0434\u0435\u0440\u043e\u0431\u0435, \u0441\u0432\u044f\u0437\u0430\u043d \u0438\u0437 \u043d\u0430\u0442\u0443\u0440\u0430\u043b\u044c\u043d\u043e\u0439 \u043f\u0440\u044f\u0436\u0438, \u043f\u0440\u0438\u044f\u0442\u043d\u043e\u0439 \u043d\u0430 \u043e\u0449\u0443\u043f\u044c.<\/p>\n<hr data-start=\"509\" data-end=\"512\" \/>\n<h3 data-start=\"514\" data-end=\"545\">\ud83e\uddf5 <strong data-start=\"521\" data-end=\"543\">\u041c\u0430\u0442\u0435\u0440\u0438\u0430\u043b\u044b \u0438 \u043a\u0430\u0447\u0435\u0441\u0442\u0432\u043e \u0438\u0437\u0433\u043e\u0442\u043e\u0432\u043b\u0435\u043d\u0438\u044f<\/strong><img loading=\"lazy\" decoding=\"async\" class=\"wd-lazy-fade size-full wp-image-28000 alignright\" style=\"color: #333333; font-size: 16px;\" src=\"https:\/\/tuffhandicraft.com\/wp-content\/themes\/woodmart\/images\/lazy.svg\" data-src=\"https:\/\/tuffhandicraft.com\/wp-content\/uploads\/2021\/08\/footer-logo-1.png\" alt=\"\u041a\u0430\u0440\u0434\u0438\u0433\u0430\u043d \u0440\u0443\u0447\u043d\u043e\u0439 \u0432\u044f\u0437\u043a\u0438 \u0438\u0437 \u043f\u043b\u044e\u0448\u0430 \u2013 \u0433\u0435\u043e\u043c\u0435\u0442\u0440\u0438\u0447\u0435\u0441\u043a\u0438\u0439, \u043c\u044f\u0433\u043a\u0438\u0439 \u0438 \u0443\u0434\u043e\u0431\u043d\u044b\u0439\" width=\"220\" height=\"40\" title=\"\" srcset=\"\" data-srcset=\"https:\/\/tuffhandicraft.com\/wp-content\/uploads\/2021\/08\/footer-logo-1.png 220w, https:\/\/tuffhandicraft.com\/wp-content\/uploads\/2021\/08\/footer-logo-1-150x27.png 150w\" sizes=\"auto, (max-width: 220px) 100vw, 220px\" \/><\/h3>\n<p data-start=\"546\" data-end=\"749\">\u042d\u0442\u043e\u0442 \u043a\u0430\u0440\u0434\u0438\u0433\u0430\u043d, \u043f\u043e\u043b\u043d\u043e\u0441\u0442\u044c\u044e \u0441\u0432\u044f\u0437\u0430\u043d\u043d\u044b\u0439 \u0432\u0440\u0443\u0447\u043d\u0443\u044e \u0438\u0437 \u043d\u0430\u0442\u0443\u0440\u0430\u043b\u044c\u043d\u043e\u0439 \u0432\u044b\u0441\u043e\u043a\u043e\u043a\u0430\u0447\u0435\u0441\u0442\u0432\u0435\u043d\u043d\u043e\u0439 \u043f\u0440\u044f\u0436\u0438, \u0441\u043e\u0447\u0435\u0442\u0430\u0435\u0442 \u0432 \u0441\u0435\u0431\u0435 \u0442\u0435\u043f\u043b\u043e \u0438 \u0434\u044b\u0448\u0430\u0449\u0443\u044e \u0441\u0442\u0440\u0443\u043a\u0442\u0443\u0440\u0443. \u0418\u0441\u043a\u0443\u0441\u043d\u043e \u0432\u044b\u043f\u043e\u043b\u043d\u0435\u043d\u043d\u044b\u0435 \u0433\u0435\u043e\u043c\u0435\u0442\u0440\u0438\u0447\u0435\u0441\u043a\u0438\u0435 \u0443\u0437\u043e\u0440\u044b \u0438 \u043f\u043b\u044e\u0448\u0435\u0432\u0430\u044f \u043e\u0442\u0434\u0435\u043b\u043a\u0430 \u0441\u043e\u0437\u0434\u0430\u044e\u0442 \u0443\u043d\u0438\u043a\u0430\u043b\u044c\u043d\u044b\u0439 \u0434\u0438\u0437\u0430\u0439\u043d.<\/p>\n<hr data-start=\"751\" data-end=\"754\" \/>\n<h3 data-start=\"756\" data-end=\"787\">\u2744\ufe0f <strong data-start=\"763\" data-end=\"785\">\u0418\u0441\u043f\u043e\u043b\u044c\u0437\u043e\u0432\u0430\u043d\u0438\u0435 \u0438 \u043a\u043e\u043c\u0444\u043e\u0440\u0442<\/strong><\/h3>\n<ul data-start=\"788\" data-end=\"964\">\n<li data-start=\"788\" data-end=\"838\">\n<p data-start=\"790\" data-end=\"838\">\u0424\u0430\u0432\u043e\u0440\u0438\u0442 \u0437\u0438\u043c\u043d\u0438\u0445 \u043c\u0435\u0441\u044f\u0446\u0435\u0432, \u043e\u0447\u0435\u043d\u044c \u043c\u044f\u0433\u043a\u0430\u044f \u0441\u0442\u0440\u0443\u043a\u0442\u0443\u0440\u0430, \u0441\u043e\u0445\u0440\u0430\u043d\u044f\u044e\u0449\u0430\u044f \u0442\u0435\u043f\u043b\u043e.<\/p>\n<\/li>\n<li data-start=\"839\" data-end=\"883\">\n<p data-start=\"841\" data-end=\"883\">\u0418\u0434\u0435\u0430\u043b\u044c\u043d\u043e \u043f\u043e\u0434\u0445\u043e\u0434\u0438\u0442 \u0434\u043b\u044f \u0435\u0436\u0435\u0434\u043d\u0435\u0432\u043d\u043e\u0433\u043e \u0438\u0441\u043f\u043e\u043b\u044c\u0437\u043e\u0432\u0430\u043d\u0438\u044f, \u0443\u0434\u043e\u0431\u043d\u044b\u0439 \u0438 \u0441\u0442\u0438\u043b\u044c\u043d\u044b\u0439.<\/p>\n<\/li>\n<li data-start=\"884\" data-end=\"927\">\n<p data-start=\"886\" data-end=\"927\">\u0423\u0434\u043e\u0431\u043d\u043e \u0434\u043e\u043c\u0430, \u043d\u0430 \u0443\u043b\u0438\u0446\u0435 \u0438\u043b\u0438 \u043d\u0430 \u0440\u0430\u0431\u043e\u0442\u0435<\/p>\n<\/li>\n<li data-start=\"928\" data-end=\"964\">\n<p data-start=\"930\" data-end=\"964\">\u041f\u043e\u0432\u0441\u0435\u0434\u043d\u0435\u0432\u043d\u044b\u0439 \u043a\u0440\u043e\u0439 \u043f\u043e\u0434\u0445\u043e\u0434\u0438\u0442 \u043a \u043b\u044e\u0431\u043e\u043c\u0443 \u0441\u0442\u0438\u043b\u044e<\/p>\n<\/li>\n<\/ul>\n<hr data-start=\"966\" data-end=\"969\" \/>\n<h3 data-start=\"971\" data-end=\"998\">\ud83c\udfa8 <strong data-start=\"978\" data-end=\"996\">\u041f\u0440\u0435\u0434\u043b\u043e\u0436\u0435\u043d\u0438\u044f \u043f\u043e \u0441\u0442\u0438\u043b\u044e<\/strong><\/h3>\n<p data-start=\"999\" data-end=\"1148\">\u0415\u0433\u043e \u043b\u0435\u0433\u043a\u043e \u0441\u043e\u0447\u0435\u0442\u0430\u0442\u044c \u0441 \u043f\u0440\u043e\u0441\u0442\u043e\u0439 \u0444\u0443\u0442\u0431\u043e\u043b\u043a\u043e\u0439, \u0434\u0436\u0438\u043d\u0441\u0430\u043c\u0438 \u0438 \u0431\u043e\u0442\u0438\u043d\u043a\u0430\u043c\u0438. \u0413\u0435\u043e\u043c\u0435\u0442\u0440\u0438\u0447\u0435\u0441\u043a\u0438\u0435 \u0443\u0437\u043e\u0440\u044b \u0434\u043e\u0431\u0430\u0432\u044f\u0442 \u0434\u0438\u043d\u0430\u043c\u0438\u043a\u0438 \u043f\u0440\u043e\u0441\u0442\u044b\u043c \u043d\u0430\u0440\u044f\u0434\u0430\u043c, \u0430 \u043c\u044f\u0433\u043a\u0430\u044f \u0442\u0435\u043a\u0441\u0442\u0443\u0440\u0430 \u043f\u043e\u0434\u0447\u0435\u0440\u043a\u043d\u0451\u0442 \u044d\u043b\u0435\u0433\u0430\u043d\u0442\u043d\u043e\u0441\u0442\u044c.<\/p>\n<p>\u0414\u043b\u044f \u0434\u0440\u0443\u0433\u0438\u0445 \u043c\u043e\u0434\u0435\u043b\u0435\u0439, \u043a\u043e\u0442\u043e\u0440\u044b\u0435 \u043c\u043e\u0433\u0443\u0442 \u043f\u043e\u0434\u043e\u0439\u0442\u0438 \u0432\u0430\u0448\u0435\u043c\u0443 \u0441\u0442\u0438\u043b\u044e \u0438 \u043d\u0435 \u0442\u043e\u043b\u044c\u043a\u043e, \u043f\u043e\u0441\u0435\u0442\u0438\u0442\u0435 Tuff\u00a0<a href=\"https:\/\/www.pinterest.com\/TuffHandicraft01\/\" target=\"_blank\" rel=\"noopener\">\u041f\u0438\u043d\u0442\u0435\u0440\u0435\u0441\u0442<\/a>\u00a0\u043f\u043e\u0441\u0435\u0442\u0438\u0442\u0435 \u043c\u0438\u0440.<\/p>\n<hr data-start=\"1150\" data-end=\"1153\" \/>\n<h3 data-start=\"1155\" data-end=\"1199\">\u267b\ufe0f <strong data-start=\"1162\" data-end=\"1197\">\u0420\u0443\u0447\u043d\u0430\u044f \u0440\u0430\u0431\u043e\u0442\u0430 \u0438 \u044d\u043a\u043e\u043b\u043e\u0433\u0438\u0447\u043d\u0430\u044f \u043c\u043e\u0434\u0430<\/strong><\/h3>\n<p data-start=\"1200\" data-end=\"1369\">\u0418\u0437\u0433\u043e\u0442\u043e\u0432\u043b\u0435\u043d\u043d\u044b\u0435 \u043f\u043e \u043f\u0440\u0438\u043d\u0446\u0438\u043f\u0443 \u00ab\u043c\u0435\u0434\u043b\u0435\u043d\u043d\u043e\u0439 \u043c\u043e\u0434\u044b\u00bb \u0441 \u0438\u0441\u043f\u043e\u043b\u044c\u0437\u043e\u0432\u0430\u043d\u0438\u0435\u043c \u044d\u043a\u043e\u043b\u043e\u0433\u0438\u0447\u0435\u0441\u043a\u0438 \u0447\u0438\u0441\u0442\u044b\u0445 \u0438 \u0442\u0440\u0443\u0434\u043e\u0441\u0431\u0435\u0440\u0435\u0433\u0430\u044e\u0449\u0438\u0445 \u0443\u0441\u043b\u043e\u0432\u0438\u0439, \u043a\u0430\u0436\u0434\u043e\u0435 \u0438\u0437\u0434\u0435\u043b\u0438\u0435 \u0443\u043d\u0438\u043a\u0430\u043b\u044c\u043d\u043e, \u043f\u043e\u0441\u043a\u043e\u043b\u044c\u043a\u0443 \u0441\u0432\u044f\u0437\u0430\u043d\u043e \u0432\u0440\u0443\u0447\u043d\u0443\u044e, \u0447\u0442\u043e \u0434\u0435\u043b\u0430\u0435\u0442 \u0435\u0433\u043e \u0438\u0434\u0435\u0430\u043b\u044c\u043d\u044b\u043c \u0434\u043e\u043f\u043e\u043b\u043d\u0435\u043d\u0438\u0435\u043c \u043a \u0432\u0430\u0448\u0435\u043c\u0443 \u044d\u043a\u043e\u043b\u043e\u0433\u0438\u0447\u043d\u043e\u043c\u0443 \u0433\u0430\u0440\u0434\u0435\u0440\u043e\u0431\u0443.<\/p>\n<hr data-start=\"1371\" data-end=\"1374\" \/>\n<h3 data-start=\"1376\" data-end=\"1404\">\ud83e\uddfc <strong data-start=\"1383\" data-end=\"1402\">\u0420\u0435\u043a\u043e\u043c\u0435\u043d\u0434\u0430\u0446\u0438\u0438 \u043f\u043e \u0443\u0445\u043e\u0434\u0443<\/strong><\/h3>\n<p data-start=\"1405\" data-end=\"1519\">\u0421\u043e\u0445\u0440\u0430\u043d\u044f\u0439\u0442\u0435 \u0444\u043e\u0440\u043c\u0443 \u0438\u0437\u0434\u0435\u043b\u0438\u044f, \u0441\u0442\u0438\u0440\u0430\u044f \u0435\u0433\u043e \u0432\u0440\u0443\u0447\u043d\u0443\u044e \u0432 \u0445\u043e\u043b\u043e\u0434\u043d\u043e\u0439 \u0432\u043e\u0434\u0435. \u041d\u0435 \u0440\u0435\u043a\u043e\u043c\u0435\u043d\u0434\u0443\u0435\u0442\u0441\u044f \u0441\u0442\u0438\u0440\u0430\u0442\u044c \u0432 \u0441\u0442\u0438\u0440\u0430\u043b\u044c\u043d\u043e\u0439 \u043c\u0430\u0448\u0438\u043d\u0435 \u0438 \u043e\u0442\u0436\u0438\u043c\u0430\u0442\u044c. \u0421\u0443\u0448\u0438\u0442\u044c \u0438\u0437\u0434\u0435\u043b\u0438\u0435 \u0441\u043b\u0435\u0434\u0443\u0435\u0442, \u0440\u0430\u0437\u043b\u043e\u0436\u0438\u0432 \u043d\u0430 \u0440\u043e\u0432\u043d\u043e\u0439 \u043f\u043e\u0432\u0435\u0440\u0445\u043d\u043e\u0441\u0442\u0438.<\/p>\n<hr data-start=\"1521\" data-end=\"1524\" \/>\n<h3 data-start=\"1526\" data-end=\"1582\">\u2728 <strong data-start=\"1532\" data-end=\"1580\">\u041f\u043e\u0447\u0435\u043c\u0443 \u0441\u0442\u043e\u0438\u0442 \u0432\u044b\u0431\u0440\u0430\u0442\u044c \u044d\u0442\u043e\u0442 \u043e\u0447\u0435\u043d\u044c \u043c\u044f\u0433\u043a\u0438\u0439 \u043a\u0430\u0440\u0434\u0438\u0433\u0430\u043d?<\/strong><\/h3>\n<ul data-start=\"1583\" data-end=\"1786\">\n<li data-start=\"1583\" data-end=\"1615\">\n<p data-start=\"1585\" data-end=\"1615\">%100 el yap\u0131m\u0131, \u00f6zg\u00fcn ve \u015f\u0131k<\/p>\n<\/li>\n<li data-start=\"1616\" data-end=\"1653\">\n<p data-start=\"1618\" data-end=\"1653\">\u041c\u044f\u0433\u043a\u0430\u044f \u0438 \u0442\u0435\u043f\u043b\u0430\u044f \u043f\u043b\u044e\u0448\u0435\u0432\u0430\u044f \u0442\u0435\u043a\u0441\u0442\u0443\u0440\u0430<\/p>\n<\/li>\n<li data-start=\"1654\" data-end=\"1683\">\n<p data-start=\"1656\" data-end=\"1683\">\u0421\u043e\u0432\u0440\u0435\u043c\u0435\u043d\u043d\u044b\u0435 \u0433\u0435\u043e\u043c\u0435\u0442\u0440\u0438\u0447\u0435\u0441\u043a\u0438\u0435 \u0443\u0437\u043e\u0440\u044b<\/p>\n<\/li>\n<li data-start=\"1684\" data-end=\"1714\">\n<p data-start=\"1686\" data-end=\"1714\">\u041d\u0430\u0442\u0443\u0440\u0430\u043b\u044c\u043d\u044b\u0435, \u0434\u044b\u0448\u0430\u0449\u0438\u0435 \u043d\u0438\u0442\u0438<\/p>\n<\/li>\n<li data-start=\"1715\" data-end=\"1748\">\n<p data-start=\"1717\" data-end=\"1748\">\u0423\u0441\u0442\u043e\u0439\u0447\u0438\u0432\u043e\u0435 \u0438 \u044d\u0442\u0438\u0447\u043d\u043e\u0435 \u043f\u0440\u043e\u0438\u0437\u0432\u043e\u0434\u0441\u0442\u0432\u043e<\/p>\n<\/li>\n<li data-start=\"1749\" data-end=\"1786\">\n<p data-start=\"1751\" data-end=\"1786\">\u0423\u0434\u043e\u0431\u043d\u043e \u0438 \u043f\u0440\u043e\u0441\u0442\u043e \u0438\u0441\u043f\u043e\u043b\u044c\u0437\u043e\u0432\u0430\u0442\u044c \u0432 \u0442\u0435\u0447\u0435\u043d\u0438\u0435 \u0432\u0441\u0435\u0433\u043e \u0434\u043d\u044f<\/p>\n<\/li>\n<\/ul>","protected":false},"excerpt":{"rendered":"<p data-start=\"92\" data-end=\"196\">\u042d\u0442\u043e\u0442 \u043a\u0430\u0440\u0434\u0438\u0433\u0430\u043d \u0438\u0437 \u043f\u043b\u044e\u0448\u0430 \u0440\u0443\u0447\u043d\u043e\u0439 \u0440\u0430\u0431\u043e\u0442\u044b \u043e\u0431\u0435\u0441\u043f\u0435\u0447\u0438\u0442 \u043a\u043e\u043c\u0444\u043e\u0440\u0442 \u0438 \u044d\u043b\u0435\u0433\u0430\u043d\u0442\u043d\u043e\u0441\u0442\u044c \u0437\u0438\u043c\u043e\u0439 \u0431\u043b\u0430\u0433\u043e\u0434\u0430\u0440\u044f \u0433\u0435\u043e\u043c\u0435\u0442\u0440\u0438\u0447\u0435\u0441\u043a\u0438\u043c \u0443\u0437\u043e\u0440\u0430\u043c \u0438 \u043c\u044f\u0433\u043a\u043e\u0439 \u0442\u0435\u043a\u0441\u0442\u0443\u0440\u0435.<\/p>","protected":false},"featured_media":28140,"comment_status":"open","ping_status":"closed","template":"","meta":[],"product_brand":[691],"product_cat":[688],"product_tag":[774,954,924,748,952,769,765,763,951,759,955,762,753,953],"class_list":{"0":"post-27668","1":"product","2":"type-product","3":"status-publish","4":"has-post-thumbnail","6":"product_brand-tuffhandicraft","7":"product_cat-hirka","8":"product_tag-dogal-iplik-hirka","9":"product_tag-el-orgusu-dis-giyim","10":"product_tag-el-orgusu-hirka","11":"product_tag-el-yapimi-hirka","12":"product_tag-geometrik-desenli-hirka","13":"product_tag-hediye-fikirleri","14":"product_tag-kislik-hirka","15":"product_tag-ozgun-tasarim","16":"product_tag-pelus-hirka","17":"product_tag-rahat-hirka","18":"product_tag-sicak-tutan-hirka","19":"product_tag-surdurulebilir-moda","20":"product_tag-yavas-moda","21":"product_tag-yumusak-hirka","23":"first","24":"instock","25":"taxable","26":"shipping-taxable","27":"purchasable","28":"product-type-variable"},"_links":{"self":[{"href":"https:\/\/tuffhandicraft.com\/ru\/wp-json\/wp\/v2\/product\/27668","targetHints":{"allow":["GET"]}}],"collection":[{"href":"https:\/\/tuffhandicraft.com\/ru\/wp-json\/wp\/v2\/product"}],"about":[{"href":"https:\/\/tuffhandicraft.com\/ru\/wp-json\/wp\/v2\/types\/product"}],"replies":[{"embeddable":true,"href":"https:\/\/tuffhandicraft.com\/ru\/wp-json\/wp\/v2\/comments?post=27668"}],"version-history":[{"count":0,"href":"https:\/\/tuffhandicraft.com\/ru\/wp-json\/wp\/v2\/product\/27668\/revisions"}],"wp:featuredmedia":[{"embeddable":true,"href":"https:\/\/tuffhandicraft.com\/ru\/wp-json\/wp\/v2\/media\/28140"}],"wp:attachment":[{"href":"https:\/\/tuffhandicraft.com\/ru\/wp-json\/wp\/v2\/media?parent=27668"}],"wp:term":[{"taxonomy":"product_brand","embeddable":true,"href":"https:\/\/tuffhandicraft.com\/ru\/wp-json\/wp\/v2\/product_brand?post=27668"},{"taxonomy":"product_cat","embeddable":true,"href":"https:\/\/tuffhandicraft.com\/ru\/wp-json\/wp\/v2\/product_cat?post=27668"},{"taxonomy":"product_tag","embeddable":true,"href":"https:\/\/tuffhandicraft.com\/ru\/wp-json\/wp\/v2\/product_tag?post=27668"}],"curies":[{"name":"wp","href":"https:\/\/api.w.org\/{rel}","templated":true}]}}