{"id":27669,"date":"2025-05-11T00:24:54","date_gmt":"2025-05-10T21:24:54","guid":{"rendered":"https:\/\/tasarim.yusufkecici.com.tr\/urun\/colorful-crochet-bucket-hat-cotton-hat-for-summer-boho-bucket-for-women-beach-hat-lgbtq-hathandmade-bucket-hat-gift-for-her\/"},"modified":"2025-08-10T15:59:24","modified_gmt":"2025-08-10T12:59:24","slug":"gokkusagi-bucket-sapka","status":"publish","type":"product","link":"https:\/\/tuffhandicraft.com\/ru\/magaza\/aksesuarlar\/sapka\/gokkusagi-bucket-sapka\/","title":{"rendered":"\u0420\u0430\u0434\u0443\u0436\u043d\u0430\u044f \u043f\u0430\u043d\u0430\u043c\u0430 \u2013 \u0440\u0443\u0447\u043d\u0430\u044f \u0440\u0430\u0431\u043e\u0442\u0430, \u043a\u0440\u0430\u0441\u043e\u0447\u043d\u0430\u044f, \u044f\u0440\u043a\u0430\u044f"},"content":{"rendered":"<h3 data-start=\"172\" data-end=\"234\">\ud83c\udf08 <strong data-start=\"179\" data-end=\"232\">\u0420\u0430\u0434\u0443\u0436\u043d\u0430\u044f \u043f\u0430\u043d\u0430\u043c\u0430 \u2013 \u0440\u0443\u0447\u043d\u0430\u044f \u0440\u0430\u0431\u043e\u0442\u0430, \u043a\u0440\u0430\u0441\u043e\u0447\u043d\u0430\u044f, \u044f\u0440\u043a\u0430\u044f<\/strong><\/h3>\n<p data-start=\"236\" data-end=\"557\">\u041d\u0435\u0441\u0443\u0449\u0438\u0439 \u044d\u043d\u0435\u0440\u0433\u0438\u044e \u044f\u0440\u043a\u0438\u0445 \u0446\u0432\u0435\u0442\u043e\u0432 <strong data-start=\"271\" data-end=\"297\">\u0420\u0430\u0434\u0443\u0436\u043d\u0430\u044f \u043f\u0430\u043d\u0430\u043c\u0430<\/strong>\u041e\u0441\u043e\u0431\u044b\u0439 \u0430\u043a\u0441\u0435\u0441\u0441\u0443\u0430\u0440 \u0440\u0443\u0447\u043d\u043e\u0439 \u0440\u0430\u0431\u043e\u0442\u044b \u0434\u043b\u044f \u0441\u0442\u0438\u043b\u044c\u043d\u044b\u0445 \u0438 \u043e\u0440\u0438\u0433\u0438\u043d\u0430\u043b\u044c\u043d\u044b\u0445 \u043e\u0431\u043b\u0430\u0434\u0430\u0442\u0435\u043b\u044c\u043d\u0438\u0446. \u042d\u0442\u0430 \u0448\u0430\u043f\u043a\u0430, \u0443\u043a\u0440\u0430\u0448\u0435\u043d\u043d\u0430\u044f \u044f\u0440\u043a\u0438\u043c\u0438 \u0431\u0430\u0431\u0443\u0448\u043a\u0438\u043d\u044b\u043c\u0438 \u043c\u043e\u0442\u0438\u0432\u0430\u043c\u0438, \u043c\u043e\u0436\u0435\u0442 \u0441\u043b\u0443\u0436\u0438\u0442\u044c \u0437\u0430\u0449\u0438\u0442\u043e\u0439 \u043e\u0442 \u043b\u0435\u0442\u043d\u0435\u0433\u043e \u0441\u043e\u043b\u043d\u0446\u0430 \u0438\u043b\u0438 \u0441\u0442\u0438\u043b\u044c\u043d\u044b\u043c \u0434\u043e\u043f\u043e\u043b\u043d\u0435\u043d\u0438\u0435\u043c, \u0434\u043e\u0431\u0430\u0432\u043b\u044f\u044e\u0449\u0438\u043c \u044f\u0440\u043a\u0438\u0445 \u043a\u0440\u0430\u0441\u043e\u043a \u0437\u0438\u043c\u043e\u0439.<\/p>\n<p data-start=\"559\" data-end=\"697\">Hafif yap\u0131s\u0131, %100 pamuk ipli\u011fi ve nefes alabilen dokusuyla g\u00fcn boyu konfor sunar. \u00d6zg\u00fcn tasar\u0131m\u0131 sayesinde her kombinine farkl\u0131l\u0131k katar.<\/p>\n<hr data-start=\"699\" data-end=\"702\" \/>\n<h3 data-start=\"704\" data-end=\"732\">\ud83e\uddf5 <strong data-start=\"711\" data-end=\"730\">\u0421\u0443\u0449\u0435\u0441\u0442\u0432\u0435\u043d\u043d\u0430\u044f \u0438\u043d\u0444\u043e\u0440\u043c\u0430\u0446\u0438\u044f<\/strong><img loading=\"lazy\" decoding=\"async\" class=\"wd-lazy-fade size-full wp-image-28000 alignright\" style=\"color: #333333; font-size: 16px;\" src=\"https:\/\/tuffhandicraft.com\/wp-content\/themes\/woodmart\/images\/lazy.svg\" data-src=\"https:\/\/tuffhandicraft.com\/wp-content\/uploads\/2021\/08\/footer-logo-1.png\" alt=\"\u0420\u0430\u0434\u0443\u0436\u043d\u0430\u044f \u043f\u0430\u043d\u0430\u043c\u0430 \" width=\"220\" height=\"40\" title=\"\" srcset=\"\" data-srcset=\"https:\/\/tuffhandicraft.com\/wp-content\/uploads\/2021\/08\/footer-logo-1.png 220w, https:\/\/tuffhandicraft.com\/wp-content\/uploads\/2021\/08\/footer-logo-1-150x27.png 150w\" sizes=\"auto, (max-width: 220px) 100vw, 220px\" \/><\/h3>\n<p data-start=\"733\" data-end=\"932\">\u0428\u0430\u043f\u043a\u0430 \u043f\u043e\u043b\u043d\u043e\u0441\u0442\u044c\u044e \u0441\u0432\u044f\u0437\u0430\u043d\u0430 \u0432\u0440\u0443\u0447\u043d\u0443\u044e \u0438\u0437 \u043f\u0440\u0438\u044f\u0442\u043d\u043e\u0439 \u0434\u043b\u044f \u043a\u043e\u0436\u0438 \u0445\u043b\u043e\u043f\u043a\u043e\u0432\u043e\u0439 \u043f\u0440\u044f\u0436\u0438. \u0425\u043b\u043e\u043f\u043a\u043e\u0432\u0430\u044f \u043f\u0440\u044f\u0436\u0430 \u043e\u0431\u0435\u0441\u043f\u0435\u0447\u0438\u0432\u0430\u0435\u0442 \u043a\u043e\u043c\u0444\u043e\u0440\u0442 \u0431\u043b\u0430\u0433\u043e\u0434\u0430\u0440\u044f \u0441\u0432\u043e\u0435\u0439 \u043d\u0430\u0442\u0443\u0440\u0430\u043b\u044c\u043d\u043e\u0439 \u0442\u0435\u043a\u0441\u0442\u0443\u0440\u0435 \u0438 \u0432\u043b\u0430\u0433\u043e\u043e\u0442\u0442\u0430\u043b\u043a\u0438\u0432\u0430\u044e\u0449\u0438\u043c \u0441\u0432\u043e\u0439\u0441\u0442\u0432\u0430\u043c. \u041f\u0440\u043e\u0447\u043d\u0430\u044f \u0438 \u043c\u044f\u0433\u043a\u0430\u044f \u0442\u0435\u043a\u0441\u0442\u0443\u0440\u0430 \u0433\u0430\u0440\u0430\u043d\u0442\u0438\u0440\u0443\u0435\u0442 \u0434\u043e\u043b\u0433\u0438\u0435 \u0433\u043e\u0434\u044b \u043d\u043e\u0441\u043a\u0438.<\/p>\n<hr data-start=\"934\" data-end=\"937\" \/>\n<h3 data-start=\"939\" data-end=\"976\">\u2600\ufe0f <strong data-start=\"946\" data-end=\"974\">\u041e\u0431\u043b\u0430\u0441\u0442\u044c \u043f\u0440\u0438\u043c\u0435\u043d\u0435\u043d\u0438\u044f \u0438 \u043a\u043e\u043c\u0444\u043e\u0440\u0442<\/strong><\/h3>\n<ul data-start=\"977\" data-end=\"1234\">\n<li data-start=\"977\" data-end=\"1009\">\n<p data-start=\"979\" data-end=\"1009\">\u0417\u0430\u0449\u0438\u0449\u0430\u0435\u0442 \u043e\u0442 \u0441\u043e\u043b\u043d\u0446\u0430 \u043b\u0435\u0442\u043e\u043c<\/p>\n<\/li>\n<li data-start=\"1010\" data-end=\"1054\">\n<p data-start=\"1012\" data-end=\"1054\"><a href=\"https:\/\/tuffhandicraft.com\/ru\/%d0%bf%d1%80%d0%be%d0%b4%d1%83%d0%ba%d1%82\/boyundan-baglamali-renkli-rave-ust\/\">\u041c\u0430\u0440\u0448 \u0433\u043e\u0440\u0434\u043e\u0441\u0442\u0438<\/a> \u041e\u0442\u043b\u0438\u0447\u043d\u044b\u0439 \u0430\u043a\u0441\u0435\u0441\u0441\u0443\u0430\u0440 \u0434\u043b\u044f \u0441\u0430\u043c\u043e\u0432\u044b\u0440\u0430\u0436\u0435\u043d\u0438\u044f \u043d\u0430 \u0441\u0432\u0435\u0442\u0441\u043a\u0438\u0445 \u043c\u0435\u0440\u043e\u043f\u0440\u0438\u044f\u0442\u0438\u044f\u0445.<\/p>\n<\/li>\n<li data-start=\"1055\" data-end=\"1129\">\n<p data-start=\"1057\" data-end=\"1129\">\u041c\u043e\u0436\u043d\u043e \u043b\u0435\u0433\u043a\u043e \u0438\u0441\u043f\u043e\u043b\u044c\u0437\u043e\u0432\u0430\u0442\u044c \u0432 \u0433\u043e\u0440\u043e\u0434\u0435, \u043d\u0430 \u043e\u0442\u0434\u044b\u0445\u0435, \u043d\u0430 \u043f\u043b\u044f\u0436\u0435 \u0438\u043b\u0438 \u043d\u0430 \u0444\u0435\u0441\u0442\u0438\u0432\u0430\u043b\u044f\u0445.<\/p>\n<\/li>\n<li data-start=\"1130\" data-end=\"1191\">\n<p data-start=\"1132\" data-end=\"1191\">\u0415\u0433\u043e \u043e\u0447\u0435\u043d\u044c \u0443\u0434\u043e\u0431\u043d\u043e \u043d\u043e\u0441\u0438\u0442\u044c \u0432 \u0441\u0443\u043c\u043a\u0435 \u0431\u043b\u0430\u0433\u043e\u0434\u0430\u0440\u044f \u043b\u0435\u0433\u043a\u043e\u0439 \u0438 \u0433\u0438\u0431\u043a\u043e\u0439 \u043a\u043e\u043d\u0441\u0442\u0440\u0443\u043a\u0446\u0438\u0438.<\/p>\n<\/li>\n<li data-start=\"1192\" data-end=\"1234\">\n<p data-start=\"1194\" data-end=\"1234\">\u041f\u043e\u0434\u0445\u043e\u0434\u0438\u0442 \u043a \u043b\u044e\u0431\u043e\u043c\u0443 \u0441\u0442\u0438\u043b\u044e \u0431\u043b\u0430\u0433\u043e\u0434\u0430\u0440\u044f \u0441\u0432\u043e\u0435\u043c\u0443 \u0443\u043d\u0438\u0441\u0435\u043a\u0441-\u0434\u0438\u0437\u0430\u0439\u043d\u0443.<\/p>\n<\/li>\n<\/ul>\n<hr data-start=\"1236\" data-end=\"1239\" \/>\n<h3 data-start=\"1241\" data-end=\"1266\">\ud83c\udfa8 <strong data-start=\"1248\" data-end=\"1264\">\u041f\u0440\u0435\u0434\u043b\u043e\u0436\u0435\u043d\u0438\u0435 \u0441\u0442\u0438\u043b\u044f<\/strong><\/h3>\n<p data-start=\"1267\" data-end=\"1563\">\u042d\u0442\u0430 \u044f\u0440\u043a\u0430\u044f \u0448\u043b\u044f\u043f\u0430 \u0438\u0434\u0435\u0430\u043b\u044c\u043d\u043e \u0441\u043e\u0447\u0435\u0442\u0430\u0435\u0442\u0441\u044f \u0441 \u0431\u0435\u043b\u044b\u043c\u0438 \u0444\u0443\u0442\u0431\u043e\u043b\u043a\u0430\u043c\u0438, \u043f\u0440\u043e\u0441\u0442\u044b\u043c\u0438 \u043f\u043b\u0430\u0442\u044c\u044f\u043c\u0438, \u0443\u043a\u043e\u0440\u043e\u0447\u0435\u043d\u043d\u044b\u043c\u0438 \u0442\u043e\u043f\u0430\u043c\u0438 \u0438 \u0434\u0436\u0438\u043d\u0441\u043e\u0432\u044b\u043c\u0438 \u0448\u043e\u0440\u0442\u0430\u043c\u0438. \u041e\u043d\u0430 \u0441\u043e\u0437\u0434\u0430\u0451\u0442 \u043f\u0440\u0435\u043a\u0440\u0430\u0441\u043d\u044b\u0439 \u043a\u043e\u043d\u0442\u0440\u0430\u0441\u0442 \u0441 \u043f\u0440\u0430\u0437\u0434\u043d\u0438\u0447\u043d\u044b\u043c\u0438 \u043e\u0431\u0440\u0430\u0437\u0430\u043c\u0438, \u043d\u0430\u0440\u044f\u0434\u0430\u043c\u0438 \u0432 \u0441\u0442\u0438\u043b\u0435 \u0431\u043e\u0445\u043e \u0438\u043b\u0438 \u043f\u0440\u043e\u0441\u0442\u044b\u043c\u0438 \u043f\u043e\u0432\u0441\u0435\u0434\u043d\u0435\u0432\u043d\u044b\u043c\u0438 \u043d\u0430\u0440\u044f\u0434\u0430\u043c\u0438. \u0414\u043e\u043f\u043e\u043b\u043d\u0438\u0442\u0435 \u0435\u0451 \u0431\u043e\u043b\u044c\u0448\u0438\u043c\u0438 \u0441\u043e\u043b\u043d\u0446\u0435\u0437\u0430\u0449\u0438\u0442\u043d\u044b\u043c\u0438 \u043e\u0447\u043a\u0430\u043c\u0438 \u0438 \u0432\u044f\u0437\u0430\u043d\u043e\u0439 \u0441\u0443\u043c\u043a\u043e\u0439, \u0447\u0442\u043e\u0431\u044b \u0441\u043e\u0437\u0434\u0430\u0442\u044c \u044d\u043d\u0435\u0440\u0433\u0438\u0447\u043d\u044b\u0439 \u043b\u0435\u0442\u043d\u0438\u0439 \u043e\u0431\u0440\u0430\u0437.<\/p>\n<p>\u0414\u043b\u044f \u0434\u0440\u0443\u0433\u0438\u0445 \u043c\u043e\u0434\u0435\u043b\u0435\u0439, \u043a\u043e\u0442\u043e\u0440\u044b\u0435 \u043c\u043e\u0433\u0443\u0442 \u043f\u043e\u0434\u043e\u0439\u0442\u0438 \u0432\u0430\u0448\u0435\u043c\u0443 \u0441\u0442\u0438\u043b\u044e \u0438 \u043d\u0435 \u0442\u043e\u043b\u044c\u043a\u043e, \u043f\u043e\u0441\u0435\u0442\u0438\u0442\u0435 Tuff\u00a0<a href=\"https:\/\/www.pinterest.com\/TuffHandicraft01\/\" target=\"_blank\" rel=\"noopener\">\u041f\u0438\u043d\u0442\u0435\u0440\u0435\u0441\u0442<\/a>\u00a0\u043f\u043e\u0441\u0435\u0442\u0438\u0442\u0435 \u043c\u0438\u0440.<\/p>\n<hr data-start=\"1301\" data-end=\"1304\" \/>\n<hr data-start=\"1565\" data-end=\"1568\" \/>\n<h3 data-start=\"1570\" data-end=\"1609\">\u267b\ufe0f <strong data-start=\"1577\" data-end=\"1607\">\u042d\u043a\u043e\u043b\u043e\u0433\u0438\u0447\u043d\u044b\u0439 \u0438 \u0440\u0443\u0447\u043d\u043e\u0439 \u0440\u0430\u0431\u043e\u0442\u044b<\/strong><\/h3>\n<p data-start=\"1610\" data-end=\"1867\">\u042d\u0442\u043e \u0438\u0437\u0434\u0435\u043b\u0438\u0435 \u0440\u0443\u0447\u043d\u043e\u0439 \u0440\u0430\u0431\u043e\u0442\u044b, \u043f\u0440\u043e\u0442\u0438\u0432\u043e\u0441\u0442\u043e\u044f\u0449\u0435\u0435 \u0441\u0442\u0440\u0435\u043c\u0438\u0442\u0435\u043b\u044c\u043d\u044b\u043c \u0442\u0435\u043c\u043f\u0430\u043c \u043f\u043e\u0442\u0440\u0435\u0431\u0438\u0442\u0435\u043b\u044c\u0441\u0442\u0432\u0430, \u043f\u0440\u043e\u0438\u0437\u0432\u043e\u0434\u0438\u0442\u0441\u044f \u0441 \u0443\u0447\u0451\u0442\u043e\u043c \u044d\u043a\u043e\u043b\u043e\u0433\u0438\u0447\u0435\u0441\u043a\u0438 \u0431\u0435\u0437\u043e\u043f\u0430\u0441\u043d\u044b\u0445 \u0438 \u044d\u0442\u0438\u0447\u043d\u044b\u0445 \u043f\u0440\u0438\u043d\u0446\u0438\u043f\u043e\u0432. \u041f\u043e\u0441\u043a\u043e\u043b\u044c\u043a\u0443 \u043a\u0430\u0436\u0434\u0430\u044f \u0448\u0430\u043f\u043a\u0430 \u0441\u0432\u044f\u0437\u0430\u043d\u0430 \u0432\u0440\u0443\u0447\u043d\u0443\u044e \u0441 \u043b\u044e\u0431\u043e\u0432\u044c\u044e, \u0432\u043e\u0437\u043c\u043e\u0436\u043d\u044b \u0432\u0430\u0440\u0438\u0430\u0446\u0438\u0438, \u0447\u0442\u043e \u0434\u0435\u043b\u0430\u0435\u0442 \u043a\u0430\u0436\u0434\u0443\u044e \u0448\u0430\u043f\u043a\u0443 \u0443\u043d\u0438\u043a\u0430\u043b\u044c\u043d\u043e\u0439. \u042d\u0442\u043e \u0432\u044b\u0431\u043e\u0440 \u043d\u0430 \u0434\u043e\u043b\u0433\u0438\u0435 \u0433\u043e\u0434\u044b, \u0441\u043e\u043e\u0442\u0432\u0435\u0442\u0441\u0442\u0432\u0443\u044e\u0449\u0438\u0439 \u043f\u0440\u0438\u043d\u0446\u0438\u043f\u0430\u043c \u00ab\u043c\u0435\u0434\u043b\u0435\u043d\u043d\u043e\u0439 \u043c\u043e\u0434\u044b\u00bb.<\/p>\n<hr data-start=\"1869\" data-end=\"1872\" \/>\n<h3 data-start=\"1874\" data-end=\"1904\">\ud83e\uddfc <strong data-start=\"1881\" data-end=\"1902\">\u0418\u043d\u0441\u0442\u0440\u0443\u043a\u0446\u0438\u0438 \u043f\u043e \u0443\u0445\u043e\u0434\u0443<\/strong><\/h3>\n<p data-start=\"1905\" data-end=\"2034\">\u0427\u0442\u043e\u0431\u044b \u0441\u043e\u0445\u0440\u0430\u043d\u0438\u0442\u044c \u0444\u043e\u0440\u043c\u0443 \u0448\u0430\u043f\u043a\u0438, \u0441\u0442\u0438\u0440\u0430\u0439\u0442\u0435 \u0435\u0451 \u0432\u0440\u0443\u0447\u043d\u0443\u044e \u0432 \u0445\u043e\u043b\u043e\u0434\u043d\u043e\u0439 \u0432\u043e\u0434\u0435. \u041c\u0430\u0448\u0438\u043d\u043d\u0430\u044f \u0441\u0442\u0438\u0440\u043a\u0430 \u0438 \u043e\u0442\u0436\u0438\u043c \u043d\u0435 \u0440\u0435\u043a\u043e\u043c\u0435\u043d\u0434\u0443\u044e\u0442\u0441\u044f. \u0421\u0443\u0448\u0438\u0442\u044c \u043d\u0430 \u0432\u0435\u0448\u0430\u043b\u043a\u0435.<\/p>\n<hr data-start=\"2036\" data-end=\"2039\" \/>\n<h3 data-start=\"2041\" data-end=\"2106\">\u2728 <strong data-start=\"2047\" data-end=\"2104\">\u041f\u043e\u0447\u0435\u043c\u0443 \u0441\u0442\u043e\u0438\u0442 \u0432\u044b\u0431\u0440\u0430\u0442\u044c \u044d\u0442\u0443 \u0440\u0430\u0434\u0443\u0436\u043d\u0443\u044e \u0448\u043b\u044f\u043f\u0443?<\/strong><\/h3>\n<ul data-start=\"2107\" data-end=\"2332\">\n<li data-start=\"2107\" data-end=\"2125\">\n<p data-start=\"2109\" data-end=\"2125\">%100 el yap\u0131m\u0131<\/p>\n<\/li>\n<li data-start=\"2126\" data-end=\"2162\">\n<p data-start=\"2128\" data-end=\"2162\">\u0416\u0438\u0432\u0430\u044f \u0438 \u043a\u0440\u0430\u0441\u043e\u0447\u043d\u0430\u044f \u0441\u0442\u0440\u0443\u043a\u0442\u0443\u0440\u0430<\/p>\n<\/li>\n<li data-start=\"2163\" data-end=\"2201\">\n<p data-start=\"2165\" data-end=\"2201\">\u0421\u0432\u044f\u0437\u0430\u043d\u043e \u0438\u0437 \u0445\u043b\u043e\u043f\u043a\u043e\u0432\u043e\u0439 \u043f\u0440\u044f\u0436\u0438, \u0434\u044b\u0448\u0430\u0449\u0435\u0435.<\/p>\n<\/li>\n<li data-start=\"2202\" data-end=\"2228\">\n<p data-start=\"2204\" data-end=\"2228\">\u041c\u043e\u0436\u043d\u043e \u0438\u0441\u043f\u043e\u043b\u044c\u0437\u043e\u0432\u0430\u0442\u044c \u043b\u0435\u0442\u043e\u043c \u0438 \u0437\u0438\u043c\u043e\u0439.<\/p>\n<\/li>\n<li data-start=\"2229\" data-end=\"2262\">\n<p data-start=\"2231\" data-end=\"2262\">\u0423\u043d\u0438\u0441\u0435\u043a\u0441 \u0438 \u0441\u0442\u0438\u043b\u044c\u043d\u044b\u0439 \u0434\u0438\u0437\u0430\u0439\u043d<\/p>\n<\/li>\n<li data-start=\"2263\" data-end=\"2296\">\n<p data-start=\"2265\" data-end=\"2296\">\u0423\u0441\u0442\u043e\u0439\u0447\u0438\u0432\u043e\u0435 \u0438 \u044d\u0442\u0438\u0447\u043d\u043e\u0435 \u043f\u0440\u043e\u0438\u0437\u0432\u043e\u0434\u0441\u0442\u0432\u043e<\/p>\n<\/li>\n<li data-start=\"2297\" data-end=\"2332\">\n<p data-start=\"2299\" data-end=\"2332\">\u041b\u0435\u0433\u043a\u0438\u0439, \u0443\u0434\u043e\u0431\u043d\u044b\u0439 \u0438 \u043f\u0435\u0440\u0435\u043d\u043e\u0441\u043d\u043e\u0439<\/p>\n<\/li>\n<\/ul>","protected":false},"excerpt":{"rendered":"<p>\u042d\u0442\u0430 \u044f\u0440\u043a\u0430\u044f \u0440\u0430\u0434\u0443\u0436\u043d\u0430\u044f \u043f\u0430\u043d\u0430\u043c\u0430 \u0440\u0443\u0447\u043d\u043e\u0439 \u0440\u0430\u0431\u043e\u0442\u044b \u0434\u043e\u0431\u0430\u0432\u0438\u0442 \u044d\u043d\u0435\u0440\u0433\u0438\u0438 \u0438 \u043e\u0440\u0438\u0433\u0438\u043d\u0430\u043b\u044c\u043d\u043e\u0441\u0442\u0438 \u0432\u0430\u0448\u0435\u043c\u0443 \u043b\u0435\u0442\u043d\u0435\u043c\u0443 \u0438 \u0437\u0438\u043c\u043d\u0435\u043c\u0443 \u043e\u0431\u0440\u0430\u0437\u0443. \u041c\u043e\u0434\u0435\u043b\u044c \u0432\u044b\u043f\u043e\u043b\u043d\u0435\u043d\u0430 \u0438\u0437 \u0434\u044b\u0448\u0430\u0449\u0435\u0439 \u0445\u043b\u043e\u043f\u043a\u043e\u0432\u043e\u0439 \u043f\u0440\u044f\u0436\u0438.<\/p>","protected":false},"featured_media":28135,"comment_status":"open","ping_status":"closed","template":"","meta":[],"product_brand":[691],"product_cat":[693,711],"product_tag":[947,938,939,948,941,942,769,950,946,943,244,949,940,762,878,945,753,944],"class_list":{"0":"post-27669","1":"product","2":"type-product","3":"status-publish","4":"has-post-thumbnail","6":"product_brand-tuffhandicraft","7":"product_cat-sapka","8":"product_cat-aksesuarlar","9":"product_tag-boho-sapka","10":"product_tag-bucket-sapka","11":"product_tag-el-yapimi-sapka","12":"product_tag-festival-sapkasi","13":"product_tag-gokkusagi-sapka","14":"product_tag-granny-motif-sapka","15":"product_tag-hediye-fikirleri","16":"product_tag-onur-yuruyusu","17":"product_tag-orgu-aksesuar","18":"product_tag-pamuklu-sapka","19":"product_tag-pride","20":"product_tag-rahat-sapka","21":"product_tag-renkli-sapka","22":"product_tag-surdurulebilir-moda","23":"product_tag-tig-isi-sapka","24":"product_tag-unisex-sapka","25":"product_tag-yavas-moda","26":"product_tag-yazlik-sapka","28":"first","29":"instock","30":"taxable","31":"shipping-taxable","32":"purchasable","33":"product-type-simple"},"_links":{"self":[{"href":"https:\/\/tuffhandicraft.com\/ru\/wp-json\/wp\/v2\/product\/27669","targetHints":{"allow":["GET"]}}],"collection":[{"href":"https:\/\/tuffhandicraft.com\/ru\/wp-json\/wp\/v2\/product"}],"about":[{"href":"https:\/\/tuffhandicraft.com\/ru\/wp-json\/wp\/v2\/types\/product"}],"replies":[{"embeddable":true,"href":"https:\/\/tuffhandicraft.com\/ru\/wp-json\/wp\/v2\/comments?post=27669"}],"version-history":[{"count":0,"href":"https:\/\/tuffhandicraft.com\/ru\/wp-json\/wp\/v2\/product\/27669\/revisions"}],"wp:featuredmedia":[{"embeddable":true,"href":"https:\/\/tuffhandicraft.com\/ru\/wp-json\/wp\/v2\/media\/28135"}],"wp:attachment":[{"href":"https:\/\/tuffhandicraft.com\/ru\/wp-json\/wp\/v2\/media?parent=27669"}],"wp:term":[{"taxonomy":"product_brand","embeddable":true,"href":"https:\/\/tuffhandicraft.com\/ru\/wp-json\/wp\/v2\/product_brand?post=27669"},{"taxonomy":"product_cat","embeddable":true,"href":"https:\/\/tuffhandicraft.com\/ru\/wp-json\/wp\/v2\/product_cat?post=27669"},{"taxonomy":"product_tag","embeddable":true,"href":"https:\/\/tuffhandicraft.com\/ru\/wp-json\/wp\/v2\/product_tag?post=27669"}],"curies":[{"name":"wp","href":"https:\/\/api.w.org\/{rel}","templated":true}]}}