{"id":27678,"date":"2025-05-11T00:25:01","date_gmt":"2025-05-10T21:25:01","guid":{"rendered":"https:\/\/tasarim.yusufkecici.com.tr\/urun\/crossbody-mini-cell-phone-bag-crochet-small-purse-knitted-phone-case-cell-phone-pouch-mini-shoulder-daily-bag-gift-for-her\/"},"modified":"2025-08-21T17:36:04","modified_gmt":"2025-08-21T14:36:04","slug":"mini-capraz-canta","status":"publish","type":"product","link":"https:\/\/tuffhandicraft.com\/ru\/magaza\/canta\/capraz-canta\/mini-capraz-canta\/","title":{"rendered":"\u041c\u0438\u043d\u0438-\u0441\u0443\u043c\u043a\u0430 \u0447\u0435\u0440\u0435\u0437 \u043f\u043b\u0435\u0447\u043e \u0440\u0443\u0447\u043d\u043e\u0439 \u0440\u0430\u0431\u043e\u0442\u044b | \u0421\u0443\u043c\u043a\u0430 \u0434\u043b\u044f \u0442\u0435\u043b\u0435\u0444\u043e\u043d\u0430"},"content":{"rendered":"<h3 data-start=\"302\" data-end=\"383\">\ud83d\udc5c <strong data-start=\"309\" data-end=\"381\">\u041c\u0438\u043d\u0438-\u0441\u0443\u043c\u043a\u0430 \u0447\u0435\u0440\u0435\u0437 \u043f\u043b\u0435\u0447\u043e \u2013 \u0441\u0443\u043c\u043a\u0430 \u0434\u043b\u044f \u0442\u0435\u043b\u0435\u0444\u043e\u043d\u0430, \u0432\u044f\u0437\u0430\u043d\u0430\u044f \u043a\u0440\u044e\u0447\u043a\u043e\u043c \u043b\u0435\u0442\u043d\u044f\u044f \u0441\u0443\u043c\u043a\u0430<\/strong><\/h3>\n<p data-start=\"384\" data-end=\"679\">\ud83d\udcf1 \u0425\u043e\u0442\u0438\u0442\u0435 \u0434\u043e\u0431\u0430\u0432\u0438\u0442\u044c \u0444\u0443\u043d\u043a\u0446\u0438\u043e\u043d\u0430\u043b\u044c\u043d\u043e\u0441\u0442\u0438 \u0438 \u0435\u0441\u0442\u0435\u0441\u0442\u0432\u0435\u043d\u043d\u043e\u0441\u0442\u0438 \u0432 \u0441\u0432\u043e\u0439 \u043f\u043e\u0432\u0441\u0435\u0434\u043d\u0435\u0432\u043d\u044b\u0439 \u043e\u0431\u0440\u0430\u0437? <strong data-start=\"451\" data-end=\"482\">\u041c\u0438\u043d\u0438-\u0441\u0443\u043c\u043a\u0430 \u0434\u043b\u044f \u0442\u0435\u043b\u0435\u0444\u043e\u043d\u0430 \u0447\u0435\u0440\u0435\u0437 \u043f\u043b\u0435\u0447\u043e<\/strong>\u0411\u043b\u0430\u0433\u043e\u0434\u0430\u0440\u044f \u0442\u0435\u043a\u0441\u0442\u0443\u0440\u0435 \u0440\u0443\u0447\u043d\u043e\u0439 \u0440\u0430\u0431\u043e\u0442\u044b \u0438 \u043f\u0440\u043e\u0441\u0442\u043e\u043c\u0443 \u0434\u0438\u0437\u0430\u0439\u043d\u0443 \u043e\u043d \u0441\u0442\u0430\u043d\u0435\u0442 \u043d\u0435\u0437\u0430\u043c\u0435\u043d\u0438\u043c\u044b\u043c \u0430\u043a\u0441\u0435\u0441\u0441\u0443\u0430\u0440\u043e\u043c \u043b\u0435\u0442\u043e\u043c. \u041a\u043e\u043c\u043f\u0430\u043a\u0442\u043d\u044b\u0439 \u0440\u0430\u0437\u043c\u0435\u0440 \u043e\u0441\u0432\u043e\u0431\u043e\u0436\u0434\u0430\u0435\u0442 \u0440\u0443\u043a\u0438 \u0434\u043b\u044f \u0442\u0435\u043b\u0435\u0444\u043e\u043d\u0430 \u0438 \u043b\u0438\u0447\u043d\u044b\u0445 \u0432\u0435\u0449\u0435\u0439, \u043f\u043e\u0437\u0432\u043e\u043b\u044f\u044f \u0432\u0430\u043c \u0441\u0432\u043e\u0431\u043e\u0434\u043d\u043e \u0434\u0432\u0438\u0433\u0430\u0442\u044c\u0441\u044f.<\/p>\n<hr data-start=\"681\" data-end=\"684\" \/>\n<h3 data-start=\"686\" data-end=\"714\"><strong style=\"color: #333333; font-size: 16px;\" data-start=\"451\" data-end=\"482\"><img loading=\"lazy\" decoding=\"async\" class=\"wd-lazy-fade size-full wp-image-28000 alignright\" src=\"https:\/\/tuffhandicraft.com\/wp-content\/themes\/woodmart\/images\/lazy.svg\" data-src=\"https:\/\/tuffhandicraft.com\/wp-content\/uploads\/2021\/08\/footer-logo-1.png\" alt=\"El Yap\u0131m\u0131 Mini \u00c7apraz \u00c7anta- Telefon \u00c7antas\u0131\" width=\"220\" height=\"40\" title=\"\" srcset=\"\" data-srcset=\"https:\/\/tuffhandicraft.com\/wp-content\/uploads\/2021\/08\/footer-logo-1.png 220w, https:\/\/tuffhandicraft.com\/wp-content\/uploads\/2021\/08\/footer-logo-1-150x27.png 150w\" sizes=\"auto, (max-width: 220px) 100vw, 220px\" \/><\/strong>\ud83e\uddf5 <strong data-start=\"693\" data-end=\"712\">\u0421\u0443\u0449\u0435\u0441\u0442\u0432\u0435\u043d\u043d\u0430\u044f \u0438\u043d\u0444\u043e\u0440\u043c\u0430\u0446\u0438\u044f<\/strong><\/h3>\n<p data-start=\"715\" data-end=\"958\">\u00c7anta, %100 el eme\u011fi ile t\u0131\u011f i\u015fi olarak \u00f6r\u00fclm\u00fc\u015ft\u00fcr. Hafif pamuk kar\u0131\u015f\u0131ml\u0131 iplikler kullan\u0131lm\u0131\u015ft\u0131r. Yumu\u015fak dokusu sayesinde ciltle dosttur, ayn\u0131 zamanda dayan\u0131kl\u0131 yap\u0131s\u0131yla uzun s\u00fcreli kullan\u0131m sa\u011flar. Sentetik materyal i\u00e7ermez, <a href=\"https:\/\/tuffhandicraft.com\/ru\/%d0%bf%d1%80%d0%be%d0%b4%d1%83%d0%ba%d1%82\/doga-dostu-kagit-ip-canta\/\">\u044f\u0432\u043b\u044f\u0435\u0442\u0441\u044f \u044d\u043a\u043e\u043b\u043e\u0433\u0438\u0447\u0435\u0441\u043a\u0438 \u0447\u0438\u0441\u0442\u044b\u043c.<\/a><\/p>\n<hr data-start=\"960\" data-end=\"963\" \/>\n<h3 data-start=\"965\" data-end=\"1002\">\ud83c\udfaf <strong data-start=\"972\" data-end=\"1000\">\u041e\u0431\u043b\u0430\u0441\u0442\u044c \u043f\u0440\u0438\u043c\u0435\u043d\u0435\u043d\u0438\u044f \u0438 \u043a\u043e\u043c\u0444\u043e\u0440\u0442<\/strong><\/h3>\n<p data-start=\"1003\" data-end=\"1101\">\u042d\u0442\u0430 \u043c\u0438\u043d\u0438-\u0441\u0443\u043c\u043a\u0430 \u0447\u0435\u0440\u0435\u0437 \u043f\u043b\u0435\u0447\u043e \u0444\u0443\u043d\u043a\u0446\u0438\u043e\u043d\u0430\u043b\u044c\u043d\u0430 \u0431\u043b\u0430\u0433\u043e\u0434\u0430\u0440\u044f \u0441\u0432\u043e\u0435\u043c\u0443 \u043d\u0435\u0431\u043e\u043b\u044c\u0448\u043e\u043c\u0443 \u0440\u0430\u0437\u043c\u0435\u0440\u0443.<br data-start=\"1072\" data-end=\"1075\" \/>\u0418\u0434\u0435\u0430\u043b\u044c\u043d\u044b\u0435 \u043e\u0431\u043b\u0430\u0441\u0442\u0438 \u0438\u0441\u043f\u043e\u043b\u044c\u0437\u043e\u0432\u0430\u043d\u0438\u044f:<\/p>\n<ul data-start=\"1102\" data-end=\"1220\">\n<li data-start=\"1102\" data-end=\"1123\">\n<p data-start=\"1104\" data-end=\"1123\">\u0415\u0436\u0435\u0434\u043d\u0435\u0432\u043d\u044b\u0435 \u043f\u0440\u043e\u0433\u0443\u043b\u043a\u0438<\/p>\n<\/li>\n<li data-start=\"1124\" data-end=\"1144\">\n<p data-start=\"1126\" data-end=\"1144\">\u0413\u043e\u0440\u043e\u0434\u0441\u043a\u043e\u0439 \u0442\u0440\u0430\u043d\u0441\u043f\u043e\u0440\u0442<\/p>\n<\/li>\n<li data-start=\"1145\" data-end=\"1170\">\n<p data-start=\"1147\" data-end=\"1170\">\u0424\u0435\u0441\u0442\u0438\u0432\u0430\u043b\u0438 \u0438 \u043a\u043e\u043d\u0446\u0435\u0440\u0442\u044b<\/p>\n<\/li>\n<li data-start=\"1171\" data-end=\"1220\">\n<p data-start=\"1173\" data-end=\"1220\">\u041c\u0435\u0440\u043e\u043f\u0440\u0438\u044f\u0442\u0438\u044f \u043d\u0430 \u0441\u0432\u0435\u0436\u0435\u043c \u0432\u043e\u0437\u0434\u0443\u0445\u0435, \u0442\u0430\u043a\u0438\u0435 \u043a\u0430\u043a \u043f\u0440\u0430\u0437\u0434\u043d\u0438\u043a\u0438, \u043f\u043b\u044f\u0436\u0438, \u043a\u0435\u043c\u043f\u0438\u043d\u0433<\/p>\n<\/li>\n<\/ul>\n<p data-start=\"1222\" data-end=\"1404\"><strong data-start=\"1222\" data-end=\"1261\">\u0422\u0435\u043b\u0435\u0444\u043e\u043d, \u0434\u0435\u0440\u0436\u0430\u0442\u0435\u043b\u044c \u0434\u043b\u044f \u043a\u0430\u0440\u0442, \u043a\u043b\u044e\u0447\u0438, \u043d\u0430\u0443\u0448\u043d\u0438\u043a\u0438<\/strong> \u041e\u043d\u0430 \u043f\u0440\u0435\u0434\u043d\u0430\u0437\u043d\u0430\u0447\u0435\u043d\u0430 \u0434\u043b\u044f \u043f\u0435\u0440\u0435\u043d\u043e\u0441\u043a\u0438 \u043f\u043e\u0432\u0441\u0435\u0434\u043d\u0435\u0432\u043d\u044b\u0445 \u0432\u0435\u0449\u0435\u0439, \u0442\u0430\u043a\u0438\u0445 \u043a\u0430\u043a \u0441\u0443\u043c\u043a\u0438, \u0440\u0430\u043d\u0446\u044b \u0438 \u0442. \u0434. \u0411\u043b\u0430\u0433\u043e\u0434\u0430\u0440\u044f \u0440\u0435\u0433\u0443\u043b\u0438\u0440\u0443\u0435\u043c\u043e\u043c\u0443 \u043f\u043b\u0435\u0447\u0435\u0432\u043e\u043c\u0443 \u0440\u0435\u043c\u043d\u044e \u0435\u0435 \u043c\u043e\u0436\u043d\u043e \u0443\u0434\u043e\u0431\u043d\u043e \u043d\u043e\u0441\u0438\u0442\u044c \u043a\u0430\u043a \u043d\u0430 \u043f\u043b\u0435\u0447\u0435, \u0442\u0430\u043a \u0438 \u0447\u0435\u0440\u0435\u0437 \u043f\u043b\u0435\u0447\u043e.<\/p>\n<hr data-start=\"1406\" data-end=\"1409\" \/>\n<h3 data-start=\"1411\" data-end=\"1436\">\ud83c\udfa8 <strong data-start=\"1418\" data-end=\"1434\">\u041f\u0440\u0435\u0434\u043b\u043e\u0436\u0435\u043d\u0438\u0435 \u0441\u0442\u0438\u043b\u044f<\/strong><\/h3>\n<p data-start=\"1437\" data-end=\"1688\">\u0418\u0434\u0435\u0430\u043b\u044c\u043d\u043e\u0435 \u0434\u043e\u043f\u043e\u043b\u043d\u0435\u043d\u0438\u0435 \u0434\u043b\u044f \u0442\u0435\u0445, \u043a\u0442\u043e \u043f\u0440\u0435\u0434\u043f\u043e\u0447\u0438\u0442\u0430\u0435\u0442 \u0431\u043e\u0445\u043e, \u043c\u0438\u043d\u0438\u043c\u0430\u043b\u0438\u0437\u043c \u0438\u043b\u0438 \u043f\u043e\u0432\u0441\u0435\u0434\u043d\u0435\u0432\u043d\u044b\u0439 \u0441\u0442\u0438\u043b\u044c. \u0421\u043e\u0447\u0435\u0442\u0430\u0439\u0442\u0435 \u0435\u0433\u043e \u0441 \u043b\u044c\u043d\u044f\u043d\u044b\u043c\u0438 \u043f\u043b\u0430\u0442\u044c\u044f\u043c\u0438, \u0448\u043e\u0440\u0442\u0430\u043c\u0438 \u0438 \u0444\u0443\u0442\u0431\u043e\u043b\u043a\u0430\u043c\u0438, \u0441\u0432\u043e\u0431\u043e\u0434\u043d\u044b\u043c\u0438 \u0440\u0443\u0431\u0430\u0448\u043a\u0430\u043c\u0438 \u0438\u043b\u0438 \u0441\u0430\u043d\u0434\u0430\u043b\u0438\u044f\u043c\u0438, \u0447\u0442\u043e\u0431\u044b \u043f\u043e\u0434\u0447\u0435\u0440\u043a\u043d\u0443\u0442\u044c \u0441\u0432\u043e\u0439 \u043e\u0431\u0440\u0430\u0437. \u042f\u0440\u043a\u0438\u0439 \u0434\u0438\u0437\u0430\u0439\u043d \u0434\u043e\u0431\u0430\u0432\u0438\u0442 \u044f\u0440\u043a\u043e\u0441\u0442\u0438 \u043f\u0440\u043e\u0441\u0442\u044b\u043c \u043d\u0430\u0440\u044f\u0434\u0430\u043c.<\/p>\n<p data-start=\"1437\" data-end=\"1688\">\u0414\u043b\u044f \u0434\u0440\u0443\u0433\u0438\u0445 \u043c\u043e\u0434\u0435\u043b\u0435\u0439, \u043a\u043e\u0442\u043e\u0440\u044b\u0435 \u043c\u043e\u0433\u0443\u0442 \u043f\u043e\u0434\u043e\u0439\u0442\u0438 \u0432\u0430\u0448\u0435\u043c\u0443 \u0441\u0442\u0438\u043b\u044e \u0438 \u043d\u0435 \u0442\u043e\u043b\u044c\u043a\u043e, \u043f\u043e\u0441\u0435\u0442\u0438\u0442\u0435 Tuff\u00a0<a href=\"https:\/\/www.pinterest.com\/TuffHandicraft01\/\" target=\"_blank\" rel=\"noopener\">\u041f\u0438\u043d\u0442\u0435\u0440\u0435\u0441\u0442<\/a> \u043f\u043e\u0441\u0435\u0442\u0438\u0442\u0435 \u043c\u0438\u0440.<\/p>\n<hr data-start=\"1690\" data-end=\"1693\" \/>\n<h3 data-start=\"1695\" data-end=\"1733\">\u267b\ufe0f <strong data-start=\"1702\" data-end=\"1731\">\u0410\u043a\u0446\u0435\u043d\u0442 \u043d\u0430 \u0443\u0441\u0442\u043e\u0439\u0447\u0438\u0432\u043e\u043c \u0440\u0430\u0437\u0432\u0438\u0442\u0438\u0438<\/strong><\/h3>\n<p data-start=\"1734\" data-end=\"1975\">\u042d\u0442\u043e\u0442 \u043f\u0440\u043e\u0434\u0443\u043a\u0442, <strong data-start=\"1743\" data-end=\"1774\">\u043f\u0440\u043e\u0442\u0438\u0432 \u043a\u043e\u043d\u0446\u0435\u043f\u0446\u0438\u0438 \u0431\u044b\u0441\u0442\u0440\u043e\u0439 \u043c\u043e\u0434\u044b<\/strong> \u0421\u0434\u0435\u043b\u0430\u043d\u043e \u0432\u0440\u0443\u0447\u043d\u0443\u044e. \u041c\u044b \u0438\u0441\u043f\u043e\u043b\u044c\u0437\u0443\u0435\u043c \u044d\u043a\u043e\u043b\u043e\u0433\u0438\u0447\u0435\u0441\u043a\u0438 \u0447\u0438\u0441\u0442\u044b\u0435 \u043c\u0430\u0442\u0435\u0440\u0438\u0430\u043b\u044b, \u043f\u0440\u0438\u0434\u0435\u0440\u0436\u0438\u0432\u0430\u044f\u0441\u044c \u044d\u0442\u0438\u0447\u043d\u043e\u0439 \u0438 \u00ab\u043c\u0435\u0434\u043b\u0435\u043d\u043d\u043e\u0439 \u043c\u043e\u0434\u044b\u00bb, \u0430 \u043d\u0435 \u043c\u0430\u0441\u0441\u043e\u0432\u043e\u0433\u043e \u043f\u0440\u043e\u0438\u0437\u0432\u043e\u0434\u0441\u0442\u0432\u0430. \u041a\u0430\u0436\u0434\u0430\u044f \u0441\u0443\u043c\u043a\u0430 \u0441\u0432\u044f\u0437\u0430\u043d\u0430 \u0432\u0440\u0443\u0447\u043d\u0443\u044e, \u0447\u0442\u043e \u043e\u0431\u0435\u0441\u043f\u0435\u0447\u0438\u0432\u0430\u0435\u0442 \u0435\u0439 \u0443\u043d\u0438\u043a\u0430\u043b\u044c\u043d\u044b\u0435 \u0434\u0435\u0442\u0430\u043b\u0438.<\/p>\n<hr data-start=\"1977\" data-end=\"1980\" \/>\n<h3 data-start=\"1982\" data-end=\"2012\">\ud83e\uddfc <strong data-start=\"1989\" data-end=\"2010\">\u0418\u043d\u0441\u0442\u0440\u0443\u043a\u0446\u0438\u0438 \u043f\u043e \u0443\u0445\u043e\u0434\u0443<\/strong><\/h3>\n<p data-start=\"2013\" data-end=\"2166\">\u0420\u0435\u043a\u043e\u043c\u0435\u043d\u0434\u0443\u0435\u0442\u0441\u044f \u0440\u0443\u0447\u043d\u0430\u044f \u0441\u0442\u0438\u0440\u043a\u0430 \u0432 \u0445\u043e\u043b\u043e\u0434\u043d\u043e\u0439 \u0432\u043e\u0434\u0435. \u0421\u0442\u0438\u0440\u043a\u0430 \u0438 \u0441\u0443\u0448\u043a\u0430 \u0432 \u0441\u0442\u0438\u0440\u0430\u043b\u044c\u043d\u043e\u0439 \u043c\u0430\u0448\u0438\u043d\u0435 \u043d\u0435 \u0440\u0435\u043a\u043e\u043c\u0435\u043d\u0434\u0443\u044e\u0442\u0441\u044f. \u0415\u0441\u043b\u0438 \u0435\u0441\u0442\u044c \u043a\u0438\u0441\u0442\u043e\u0447\u043a\u0438 \u0438\u043b\u0438 \u0430\u043a\u0441\u0435\u0441\u0441\u0443\u0430\u0440\u044b, \u0438\u0445 \u0441\u043b\u0435\u0434\u0443\u0435\u0442 \u0441\u0443\u0448\u0438\u0442\u044c \u0432 \u0440\u0430\u0441\u043f\u0440\u0430\u0432\u043b\u0435\u043d\u043d\u043e\u043c \u0432\u0438\u0434\u0435, \u0447\u0442\u043e\u0431\u044b \u0441\u043e\u0445\u0440\u0430\u043d\u0438\u0442\u044c \u0444\u043e\u0440\u043c\u0443.<\/p>\n<hr data-start=\"2168\" data-end=\"2171\" \/>\n<h3 data-start=\"2173\" data-end=\"2243\">\u2728 <strong data-start=\"2179\" data-end=\"2241\">\u041f\u043e\u0447\u0435\u043c\u0443 \u0441\u0442\u043e\u0438\u0442 \u0432\u044b\u0431\u0440\u0430\u0442\u044c \u044d\u0442\u0443 \u043c\u0438\u043d\u0438-\u0441\u0443\u043c\u043a\u0443 \u0434\u043b\u044f \u0442\u0435\u043b\u0435\u0444\u043e\u043d\u0430 \u0447\u0435\u0440\u0435\u0437 \u043f\u043b\u0435\u0447\u043e?<\/strong><\/h3>\n<ul data-start=\"2244\" data-end=\"2534\">\n<li data-start=\"2244\" data-end=\"2262\">\n<p data-start=\"2246\" data-end=\"2262\">%100 el yap\u0131m\u0131<\/p>\n<\/li>\n<li data-start=\"2263\" data-end=\"2304\">\n<p data-start=\"2265\" data-end=\"2304\">\u041d\u0430\u0442\u0443\u0440\u0430\u043b\u044c\u043d\u0430\u044f \u0445\u043b\u043e\u043f\u043a\u043e\u0432\u0430\u044f \u043f\u0440\u044f\u0436\u0430, \u0441\u0432\u044f\u0437\u0430\u043d\u043d\u0430\u044f \u043a\u0440\u044e\u0447\u043a\u043e\u043c<\/p>\n<\/li>\n<li data-start=\"2305\" data-end=\"2341\">\n<p data-start=\"2307\" data-end=\"2341\">\u041b\u0435\u0433\u043a\u0430\u044f, \u043f\u0440\u0430\u043a\u0442\u0438\u0447\u043d\u0430\u044f \u0438 \u043a\u043e\u043c\u043f\u0430\u043a\u0442\u043d\u0430\u044f \u043a\u043e\u043d\u0441\u0442\u0440\u0443\u043a\u0446\u0438\u044f<\/p>\n<\/li>\n<li data-start=\"2342\" data-end=\"2381\">\n<p data-start=\"2344\" data-end=\"2381\">\u0418\u0434\u0435\u0430\u043b\u044c\u043d\u043e \u043f\u043e\u0434\u0445\u043e\u0434\u0438\u0442 \u0434\u043b\u044f \u0442\u0435\u043b\u0435\u0444\u043e\u043d\u043e\u0432 \u0438 \u043c\u0435\u043b\u043a\u0438\u0445 \u043f\u0440\u0435\u0434\u043c\u0435\u0442\u043e\u0432.<\/p>\n<\/li>\n<li data-start=\"2382\" data-end=\"2411\">\n<p data-start=\"2384\" data-end=\"2411\">\u0420\u0435\u0433\u0443\u043b\u0438\u0440\u0443\u0435\u043c\u044b\u0439 \u0440\u0435\u043c\u0435\u043d\u044c \u0447\u0435\u0440\u0435\u0437 \u043f\u043b\u0435\u0447\u043e<\/p>\n<\/li>\n<li data-start=\"2412\" data-end=\"2449\">\n<p data-start=\"2414\" data-end=\"2449\">\u0421\u0442\u0438\u043b\u044c\u043d\u043e \u0438 \u043f\u0440\u0430\u043a\u0442\u0438\u0447\u043d\u043e \u0434\u043b\u044f \u043b\u0435\u0442\u043d\u0438\u0445 \u043c\u0435\u0441\u044f\u0446\u0435\u0432<\/p>\n<\/li>\n<li data-start=\"2450\" data-end=\"2489\">\n<p data-start=\"2452\" data-end=\"2489\">\u0421\u043e\u0432\u043c\u0435\u0441\u0442\u0438\u043c\u043e \u0441\u043e \u0441\u0442\u0438\u043b\u044f\u043c\u0438 \u0431\u043e\u0445\u043e \u0438 \u043c\u0438\u043d\u0438\u043c\u0430\u043b\u0438\u0437\u043c<\/p>\n<\/li>\n<li data-start=\"2490\" data-end=\"2534\">\n<p data-start=\"2492\" data-end=\"2534\">\u0423\u0441\u0442\u043e\u0439\u0447\u0438\u0432\u043e\u0435 \u043f\u0440\u043e\u0438\u0437\u0432\u043e\u0434\u0441\u0442\u0432\u043e \u0438 \u044d\u0442\u0438\u0447\u043d\u044b\u0439 \u043f\u043e\u0434\u0445\u043e\u0434 \u043a \u043c\u043e\u0434\u0435<\/p>\n<\/li>\n<\/ul>","protected":false},"excerpt":{"rendered":"<p>\u041c\u0438\u043d\u0438\u0430\u0442\u044e\u0440\u043d\u0430\u044f \u0432\u044f\u0437\u0430\u043d\u0430\u044f \u043a\u0440\u044e\u0447\u043a\u043e\u043c \u0441\u0443\u043c\u043a\u0430 \u0447\u0435\u0440\u0435\u0437 \u043f\u043b\u0435\u0447\u043e \u2014 \u043b\u0435\u0433\u043a\u0438\u0439, \u0441\u0442\u0438\u043b\u044c\u043d\u044b\u0439 \u0438 \u044d\u043a\u043e\u043b\u043e\u0433\u0438\u0447\u043d\u044b\u0439 \u043b\u0435\u0442\u043d\u0438\u0439 \u0430\u043a\u0441\u0435\u0441\u0441\u0443\u0430\u0440 \u0434\u043b\u044f \u043f\u0435\u0440\u0435\u043d\u043e\u0441\u043a\u0438 \u0442\u0435\u043b\u0435\u0444\u043e\u043d\u0430 \u0438 \u043d\u0435\u0431\u043e\u043b\u044c\u0448\u0438\u0445 \u043f\u0440\u0435\u0434\u043c\u0435\u0442\u043e\u0432.<\/p>","protected":false},"featured_media":28910,"comment_status":"open","ping_status":"closed","template":"","meta":[],"product_brand":[691],"product_cat":[686,704],"product_tag":[820,870,811,819,812,815,769,825,872,871,868,813,762,869,839,816],"class_list":{"0":"post-27678","1":"product","2":"type-product","3":"status-publish","4":"has-post-thumbnail","6":"product_brand-tuffhandicraft","7":"product_cat-canta","8":"product_cat-capraz-canta","9":"product_tag-boho-canta","10":"product_tag-capraz-askili-canta","11":"product_tag-doga-dostu-canta","12":"product_tag-el-orgusu-canta","13":"product_tag-el-yapimi-canta","14":"product_tag-hafif-canta","15":"product_tag-hediye-fikirleri","16":"product_tag-kadin-cantasi","17":"product_tag-kompakt-telefon-cantasi","18":"product_tag-kucuk-capraz-canta","19":"product_tag-mini-capraz-canta","20":"product_tag-orgu-canta","21":"product_tag-surdurulebilir-moda","22":"product_tag-telefon-cantasi","23":"product_tag-tig-isi-canta","24":"product_tag-yazlik-canta","26":"first","27":"instock","28":"sale","29":"taxable","30":"shipping-taxable","31":"purchasable","32":"product-type-simple"},"_links":{"self":[{"href":"https:\/\/tuffhandicraft.com\/ru\/wp-json\/wp\/v2\/product\/27678","targetHints":{"allow":["GET"]}}],"collection":[{"href":"https:\/\/tuffhandicraft.com\/ru\/wp-json\/wp\/v2\/product"}],"about":[{"href":"https:\/\/tuffhandicraft.com\/ru\/wp-json\/wp\/v2\/types\/product"}],"replies":[{"embeddable":true,"href":"https:\/\/tuffhandicraft.com\/ru\/wp-json\/wp\/v2\/comments?post=27678"}],"version-history":[{"count":1,"href":"https:\/\/tuffhandicraft.com\/ru\/wp-json\/wp\/v2\/product\/27678\/revisions"}],"predecessor-version":[{"id":30273,"href":"https:\/\/tuffhandicraft.com\/ru\/wp-json\/wp\/v2\/product\/27678\/revisions\/30273"}],"wp:featuredmedia":[{"embeddable":true,"href":"https:\/\/tuffhandicraft.com\/ru\/wp-json\/wp\/v2\/media\/28910"}],"wp:attachment":[{"href":"https:\/\/tuffhandicraft.com\/ru\/wp-json\/wp\/v2\/media?parent=27678"}],"wp:term":[{"taxonomy":"product_brand","embeddable":true,"href":"https:\/\/tuffhandicraft.com\/ru\/wp-json\/wp\/v2\/product_brand?post=27678"},{"taxonomy":"product_cat","embeddable":true,"href":"https:\/\/tuffhandicraft.com\/ru\/wp-json\/wp\/v2\/product_cat?post=27678"},{"taxonomy":"product_tag","embeddable":true,"href":"https:\/\/tuffhandicraft.com\/ru\/wp-json\/wp\/v2\/product_tag?post=27678"}],"curies":[{"name":"wp","href":"https:\/\/api.w.org\/{rel}","templated":true}]}}