{"id":27682,"date":"2025-05-11T00:25:07","date_gmt":"2025-05-10T21:25:07","guid":{"rendered":"https:\/\/tasarim.yusufkecici.com.tr\/urun\/crochet-colorful-floral-bag-cute-crossbody-yarn-bag-daisy-crossbody-purse-boho-handmade-floral-bags-knitted-shoulder-bag-gift-for-her\/"},"modified":"2025-08-21T17:35:22","modified_gmt":"2025-08-21T14:35:22","slug":"renkli-cicek-motifli-yazlik-orgu-canta","status":"publish","type":"product","link":"https:\/\/tuffhandicraft.com\/ru\/magaza\/canta\/capraz-canta\/renkli-cicek-motifli-yazlik-orgu-canta\/","title":{"rendered":"\u041b\u0435\u0442\u043d\u044f\u044f \u0432\u044f\u0437\u0430\u043d\u0430\u044f \u0441\u0443\u043c\u043a\u0430 \u0441 \u044f\u0440\u043a\u0438\u043c\u0438 \u0446\u0432\u0435\u0442\u043e\u0447\u043d\u044b\u043c\u0438 \u043c\u043e\u0442\u0438\u0432\u0430\u043c\u0438"},"content":{"rendered":"<h3 data-start=\"116\" data-end=\"198\">\ud83d\udc5c <strong data-start=\"123\" data-end=\"196\">\u0412\u044f\u0437\u0430\u043d\u0430\u044f \u0441\u0443\u043c\u043a\u0430 \u0441 \u043a\u0440\u0430\u0441\u043e\u0447\u043d\u044b\u043c \u0446\u0432\u0435\u0442\u043e\u0447\u043d\u044b\u043c \u043c\u043e\u0442\u0438\u0432\u043e\u043c \u2013 \u0440\u0443\u0447\u043d\u0430\u044f \u0440\u0430\u0431\u043e\u0442\u0430, \u0432 \u0441\u0442\u0438\u043b\u0435 \u0431\u043e\u0445\u043e<\/strong><\/h3>\n<p data-start=\"199\" data-end=\"485\">\ud83c\udf38 \u042d\u0442\u043e \u0438\u0437\u0434\u0435\u043b\u0438\u0435 \u0440\u0443\u0447\u043d\u043e\u0439 \u0440\u0430\u0431\u043e\u0442\u044b \u0443\u043a\u0440\u0430\u0448\u0435\u043d\u043e \u044f\u0440\u043a\u0438\u043c\u0438 \u0446\u0432\u0435\u0442\u043e\u0447\u043d\u044b\u043c\u0438 \u043c\u043e\u0442\u0438\u0432\u0430\u043c\u0438, \u043d\u0435\u0441\u0443\u0449\u0438\u043c\u0438 \u044d\u043d\u0435\u0440\u0433\u0438\u044e \u043b\u0435\u0442\u0430. <a href=\"https:\/\/tuffhandicraft.com\/ru\/%d0%bf%d1%80%d0%be%d0%b4%d1%83%d0%ba%d1%82\/mavi-kagit-ip-mini-canta\/\">\u0432\u044f\u0437\u0430\u043d\u0430\u044f \u0441\u0443\u043c\u043a\u0430<\/a>\u042d\u043b\u0435\u0433\u0430\u043d\u0442\u043d\u043e\u0441\u0442\u044c \u0438 \u0444\u0443\u043d\u043a\u0446\u0438\u043e\u043d\u0430\u043b\u044c\u043d\u043e\u0441\u0442\u044c, \u043b\u0451\u0433\u043a\u043e\u0441\u0442\u044c \u0438 \u0443\u0434\u043e\u0431\u0441\u0442\u0432\u043e \u043f\u0435\u0440\u0435\u043d\u043e\u0441\u043a\u0438 \u0434\u0435\u043b\u0430\u044e\u0442 \u0435\u0433\u043e \u043d\u0435\u0437\u0430\u043c\u0435\u043d\u0438\u043c\u044b\u043c \u0430\u043a\u0441\u0435\u0441\u0441\u0443\u0430\u0440\u043e\u043c \u0434\u043b\u044f \u043b\u0435\u0442\u043d\u0438\u0445 \u043e\u0431\u0440\u0430\u0437\u043e\u0432. \u0421\u043e\u0437\u0434\u0430\u043d \u0441\u043f\u0435\u0446\u0438\u0430\u043b\u044c\u043d\u043e \u0434\u043b\u044f \u0442\u0435\u0445, \u043a\u0442\u043e \u0446\u0435\u043d\u0438\u0442 \u0431\u043e\u0433\u0435\u043c\u043d\u044b\u0439 \u0438 \u0435\u0441\u0442\u0435\u0441\u0442\u0432\u0435\u043d\u043d\u044b\u0439 \u0441\u0442\u0438\u043b\u044c.<\/p>\n<hr data-start=\"487\" data-end=\"490\" \/>\n<h3 data-start=\"492\" data-end=\"520\">\ud83e\uddf5 <strong data-start=\"499\" data-end=\"518\">\u0421\u0443\u0449\u0435\u0441\u0442\u0432\u0435\u043d\u043d\u0430\u044f \u0438\u043d\u0444\u043e\u0440\u043c\u0430\u0446\u0438\u044f<\/strong><img loading=\"lazy\" decoding=\"async\" class=\"wd-lazy-fade size-full wp-image-28000 alignright\" style=\"color: #333333; font-size: 16px;\" src=\"https:\/\/tuffhandicraft.com\/wp-content\/themes\/woodmart\/images\/lazy.svg\" data-src=\"https:\/\/tuffhandicraft.com\/wp-content\/uploads\/2021\/08\/footer-logo-1.png\" alt=\"renkli \u00e7i\u00e7ek motifli yazl\u0131k \u00f6rg\u00fc \u00e7anta\" width=\"220\" height=\"40\" title=\"\" srcset=\"\" data-srcset=\"https:\/\/tuffhandicraft.com\/wp-content\/uploads\/2021\/08\/footer-logo-1.png 220w, https:\/\/tuffhandicraft.com\/wp-content\/uploads\/2021\/08\/footer-logo-1-150x27.png 150w\" sizes=\"auto, (max-width: 220px) 100vw, 220px\" \/><\/h3>\n<p data-start=\"521\" data-end=\"754\">\u0421\u0443\u043c\u043a\u0430 \u043f\u043e\u043b\u043d\u043e\u0441\u0442\u044c\u044e \u0441\u0432\u044f\u0437\u0430\u043d\u0430 \u0432\u0440\u0443\u0447\u043d\u0443\u044e \u0438\u0437 \u0432\u044b\u0441\u043e\u043a\u043e\u043a\u0430\u0447\u0435\u0441\u0442\u0432\u0435\u043d\u043d\u043e\u0439 \u0434\u044b\u0448\u0430\u0449\u0435\u0439 \u043f\u0440\u044f\u0436\u0438. \u041d\u0430\u0442\u0443\u0440\u0430\u043b\u044c\u043d\u044b\u0439 \u0438 \u043f\u0440\u043e\u0447\u043d\u044b\u0439 \u043c\u0430\u0442\u0435\u0440\u0438\u0430\u043b \u043e\u0431\u0435\u0441\u043f\u0435\u0447\u0438\u0432\u0430\u0435\u0442 \u0434\u043e\u043b\u0433\u0438\u0439 \u0441\u0440\u043e\u043a \u0441\u043b\u0443\u0436\u0431\u044b. \u041e\u043d\u0430 \u043d\u0435 \u0441\u043e\u0434\u0435\u0440\u0436\u0438\u0442 \u0441\u0438\u043d\u0442\u0435\u0442\u0438\u0447\u0435\u0441\u043a\u0438\u0445 \u043c\u0430\u0442\u0435\u0440\u0438\u0430\u043b\u043e\u0432 \u0438 \u0438\u0437\u0433\u043e\u0442\u043e\u0432\u043b\u0435\u043d\u0430 \u0441 \u0438\u0441\u043f\u043e\u043b\u044c\u0437\u043e\u0432\u0430\u043d\u0438\u0435\u043c \u044d\u043a\u043e\u043b\u043e\u0433\u0438\u0447\u0435\u0441\u043a\u0438 \u0447\u0438\u0441\u0442\u044b\u0445 \u0442\u0435\u0445\u043d\u043e\u043b\u043e\u0433\u0438\u0439.<\/p>\n<hr data-start=\"756\" data-end=\"759\" \/>\n<h3 data-start=\"761\" data-end=\"798\">\ud83d\udc5c <strong data-start=\"768\" data-end=\"796\">\u041e\u0431\u043b\u0430\u0441\u0442\u044c \u043f\u0440\u0438\u043c\u0435\u043d\u0435\u043d\u0438\u044f \u0438 \u043a\u043e\u043c\u0444\u043e\u0440\u0442<\/strong><\/h3>\n<p data-start=\"799\" data-end=\"1021\">\u0418\u0434\u0435\u0430\u043b\u044c\u043d\u043e \u043f\u043e\u0434\u0445\u043e\u0434\u0438\u0442 \u0434\u043b\u044f \u043f\u043e\u0432\u0441\u0435\u0434\u043d\u0435\u0432\u043d\u043e\u0433\u043e \u0438\u0441\u043f\u043e\u043b\u044c\u0437\u043e\u0432\u0430\u043d\u0438\u044f \u0432 \u0433\u043e\u0440\u043e\u0434\u0435, \u043f\u043e\u0435\u0437\u0434\u043e\u043a \u043d\u0430 \u043f\u043b\u044f\u0436, \u043f\u043e\u0445\u043e\u0434\u043e\u0432 \u043f\u043e \u043c\u0430\u0433\u0430\u0437\u0438\u043d\u0430\u043c \u0438 \u043b\u0435\u0442\u043d\u0435\u0433\u043e \u043e\u0442\u0434\u044b\u0445\u0430. \u0411\u043b\u0430\u0433\u043e\u0434\u0430\u0440\u044f \u0441\u0432\u043e\u0435\u0439 \u043a\u043e\u043d\u0441\u0442\u0440\u0443\u043a\u0446\u0438\u0438 \u0435\u0433\u043e \u0443\u0434\u043e\u0431\u043d\u043e \u043d\u043e\u0441\u0438\u0442\u044c \u043d\u0430 \u043f\u043b\u0435\u0447\u0435 \u0438\u043b\u0438 \u0432 \u0440\u0443\u043a\u0435. \u0412\u043d\u0443\u0442\u0440\u0438 \u0434\u043e\u0441\u0442\u0430\u0442\u043e\u0447\u043d\u043e \u043f\u0440\u043e\u0441\u0442\u043e\u0440\u043d\u043e, \u0447\u0442\u043e\u0431\u044b \u0441 \u043a\u043e\u043c\u0444\u043e\u0440\u0442\u043e\u043c \u0440\u0430\u0437\u043c\u0435\u0441\u0442\u0438\u0442\u044c \u0432\u0441\u0435 \u043d\u0435\u043e\u0431\u0445\u043e\u0434\u0438\u043c\u043e\u0435.<\/p>\n<hr data-start=\"1023\" data-end=\"1026\" \/>\n<h3 data-start=\"1028\" data-end=\"1053\">\ud83c\udfa8 <strong data-start=\"1035\" data-end=\"1051\">\u041f\u0440\u0435\u0434\u043b\u043e\u0436\u0435\u043d\u0438\u0435 \u0441\u0442\u0438\u043b\u044f<\/strong><\/h3>\n<p data-start=\"1054\" data-end=\"1281\">\u041b\u044c\u043d\u044f\u043d\u044b\u0435 \u043f\u043b\u0430\u0442\u044c\u044f \u0432 \u0441\u043e\u0447\u0435\u0442\u0430\u043d\u0438\u0438 \u0441 \u0448\u043e\u0440\u0442\u0430\u043c\u0438, \u043f\u0440\u043e\u0441\u0442\u044b\u043c\u0438 \u0444\u0443\u0442\u0431\u043e\u043b\u043a\u0430\u043c\u0438 \u0438 \u0441\u0430\u043d\u0434\u0430\u043b\u0438\u044f\u043c\u0438 \u0441\u043e\u0437\u0434\u0430\u044e\u0442 \u0431\u043e\u0433\u0435\u043c\u043d\u044b\u0439 \u0438 \u0435\u0441\u0442\u0435\u0441\u0442\u0432\u0435\u043d\u043d\u044b\u0439 \u043e\u0431\u0440\u0430\u0437. \u0418\u0445 \u044f\u0440\u043a\u0438\u0435 \u043c\u043e\u0442\u0438\u0432\u044b \u0434\u043e\u0431\u0430\u0432\u043b\u044f\u044e\u0442 \u043a\u0440\u0430\u0441\u043e\u043a \u0438 \u044d\u043d\u0435\u0440\u0433\u0438\u0438 \u043f\u0440\u043e\u0441\u0442\u044b\u043c \u043d\u0430\u0440\u044f\u0434\u0430\u043c. \u042d\u0442\u043e \u0441\u0430\u043c\u044b\u0439 \u0448\u0438\u043a\u0430\u0440\u043d\u044b\u0439 \u0441\u043f\u043e\u0441\u043e\u0431 \u043f\u0440\u0438\u0432\u043d\u0435\u0441\u0442\u0438 \u044d\u043d\u0435\u0440\u0433\u0438\u044e \u043b\u0435\u0442\u0430 \u0432 \u0441\u0432\u043e\u0439 \u043e\u0431\u0440\u0430\u0437.<\/p>\n<hr data-start=\"1283\" data-end=\"1286\" \/>\n<h3 data-start=\"1288\" data-end=\"1332\">\u267b\ufe0f <strong data-start=\"1295\" data-end=\"1330\">\u0420\u0443\u0447\u043d\u0430\u044f \u0440\u0430\u0431\u043e\u0442\u0430 \u0438 \u044d\u043a\u043e\u043b\u043e\u0433\u0438\u0447\u043d\u0430\u044f \u043c\u043e\u0434\u0430<\/strong><\/h3>\n<p data-start=\"1333\" data-end=\"1577\">\u041a\u0430\u0436\u0434\u0430\u044f \u0441\u0443\u043c\u043a\u0430 \u0442\u0449\u0430\u0442\u0435\u043b\u044c\u043d\u043e \u0438\u0437\u0433\u043e\u0442\u043e\u0432\u043b\u0435\u043d\u0430 \u0441 \u0443\u0447\u0451\u0442\u043e\u043c \u043f\u0440\u0438\u043d\u0446\u0438\u043f\u043e\u0432 \u0443\u0441\u0442\u043e\u0439\u0447\u0438\u0432\u043e\u0433\u043e \u0440\u0430\u0437\u0432\u0438\u0442\u0438\u044f \u043c\u043e\u0434\u044b. \u0412\u043c\u0435\u0441\u0442\u043e \u043c\u0430\u0441\u0441\u043e\u0432\u043e\u0433\u043e \u043f\u0440\u043e\u0438\u0437\u0432\u043e\u0434\u0441\u0442\u0432\u0430 \u043c\u044b \u0432\u044b\u0431\u0438\u0440\u0430\u0435\u043c \u044d\u0442\u0438\u0447\u043d\u043e\u0435 \u0438 \u043e\u0442\u0432\u0435\u0442\u0441\u0442\u0432\u0435\u043d\u043d\u043e\u0435 \u043f\u0440\u043e\u0438\u0437\u0432\u043e\u0434\u0441\u0442\u0432\u043e, \u043f\u0440\u0435\u0434\u043b\u0430\u0433\u0430\u044f \u043f\u0440\u043e\u0434\u0443\u043a\u0446\u0438\u044e, \u0431\u0435\u0440\u0435\u0436\u043d\u043e \u043e\u0442\u043d\u043e\u0441\u044f\u0449\u0443\u044e\u0441\u044f \u043a \u043e\u043a\u0440\u0443\u0436\u0430\u044e\u0449\u0435\u0439 \u0441\u0440\u0435\u0434\u0435. \u042d\u0442\u0430 \u0441\u0443\u043c\u043a\u0430 \u2014 \u0438\u0434\u0435\u0430\u043b\u044c\u043d\u044b\u0439 \u0432\u044b\u0431\u043e\u0440 \u0434\u043b\u044f \u0442\u0435\u0445, \u043a\u0442\u043e \u0446\u0435\u043d\u0438\u0442 \u044d\u043a\u043e\u043b\u043e\u0433\u0438\u0447\u043d\u0443\u044e \u0438 \u0434\u043e\u043b\u0433\u043e\u0432\u0435\u0447\u043d\u0443\u044e \u043c\u043e\u0434\u0443.<\/p>\n<p data-start=\"1333\" data-end=\"1577\">\u0414\u043b\u044f \u0434\u0440\u0443\u0433\u0438\u0445 \u043c\u043e\u0434\u0435\u043b\u0435\u0439, \u043a\u043e\u0442\u043e\u0440\u044b\u0435 \u043c\u043e\u0433\u0443\u0442 \u043f\u043e\u0434\u043e\u0439\u0442\u0438 \u0432\u0430\u0448\u0435\u043c\u0443 \u0441\u0442\u0438\u043b\u044e \u0438 \u043d\u0435 \u0442\u043e\u043b\u044c\u043a\u043e, \u043f\u043e\u0441\u0435\u0442\u0438\u0442\u0435 Tuff\u00a0<a href=\"https:\/\/www.pinterest.com\/TuffHandicraft01\/\" target=\"_blank\" rel=\"noopener\">\u041f\u0438\u043d\u0442\u0435\u0440\u0435\u0441\u0442<\/a>\u00a0\u043f\u043e\u0441\u0435\u0442\u0438\u0442\u0435 \u043c\u0438\u0440.<\/p>\n<hr data-start=\"1579\" data-end=\"1582\" \/>\n<h3 data-start=\"1584\" data-end=\"1614\">\ud83e\uddfc <strong data-start=\"1591\" data-end=\"1612\">\u0418\u043d\u0441\u0442\u0440\u0443\u043a\u0446\u0438\u0438 \u043f\u043e \u0443\u0445\u043e\u0434\u0443<\/strong><\/h3>\n<p data-start=\"1615\" data-end=\"1765\">\u041e\u0441\u0442\u043e\u0440\u043e\u0436\u043d\u043e \u043f\u0440\u043e\u0442\u0438\u0440\u0430\u0439\u0442\u0435 \u0432\u043b\u0430\u0436\u043d\u043e\u0439 \u0442\u043a\u0430\u043d\u044c\u044e. \u041d\u0435 \u0440\u0435\u043a\u043e\u043c\u0435\u043d\u0434\u0443\u0435\u0442\u0441\u044f \u043c\u0430\u0448\u0438\u043d\u043d\u0430\u044f \u0441\u0442\u0438\u0440\u043a\u0430 \u0438 \u0447\u0440\u0435\u0437\u043c\u0435\u0440\u043d\u044b\u0439 \u043a\u043e\u043d\u0442\u0430\u043a\u0442 \u0441 \u0432\u043e\u0434\u043e\u0439. \u0425\u0440\u0430\u043d\u0438\u0442\u044c \u0432 \u0441\u0443\u0445\u043e\u043c \u043f\u0440\u043e\u0432\u0435\u0442\u0440\u0438\u0432\u0430\u0435\u043c\u043e\u043c \u043f\u043e\u043c\u0435\u0449\u0435\u043d\u0438\u0438 \u0434\u043b\u044f \u0434\u043b\u0438\u0442\u0435\u043b\u044c\u043d\u043e\u0433\u043e \u0438\u0441\u043f\u043e\u043b\u044c\u0437\u043e\u0432\u0430\u043d\u0438\u044f.<\/p>\n<hr data-start=\"1767\" data-end=\"1770\" \/>\n<h3 data-start=\"1772\" data-end=\"1829\">\u2728 <strong data-start=\"1778\" data-end=\"1827\">\u041f\u043e\u0447\u0435\u043c\u0443 \u0432\u044f\u0437\u0430\u043d\u0430\u044f \u0441\u0443\u043c\u043a\u0430?<\/strong><\/h3>\n<ul data-start=\"1830\" data-end=\"2082\">\n<li data-start=\"1830\" data-end=\"1863\">\n<p data-start=\"1832\" data-end=\"1863\">%100 el yap\u0131m\u0131, \u00f6zg\u00fcn tasar\u0131m<\/p>\n<\/li>\n<li data-start=\"1864\" data-end=\"1900\">\n<p data-start=\"1866\" data-end=\"1900\">\u0416\u0438\u0432\u044b\u0435 \u0438 \u044d\u043d\u0435\u0440\u0433\u0438\u0447\u043d\u044b\u0435 \u043c\u043e\u0442\u0438\u0432\u044b<\/p>\n<\/li>\n<li data-start=\"1901\" data-end=\"1939\">\n<p data-start=\"1903\" data-end=\"1939\">\u041f\u0440\u043e\u0441\u0442\u043e\u0439 \u0438 \u043f\u043e\u043b\u0435\u0437\u043d\u044b\u0439 \u043b\u0435\u0442\u043d\u0438\u0439 \u0434\u0438\u0437\u0430\u0439\u043d<\/p>\n<\/li>\n<li data-start=\"1940\" data-end=\"1970\">\n<p data-start=\"1942\" data-end=\"1970\">\u041d\u0430\u0442\u0443\u0440\u0430\u043b\u044c\u043d\u044b\u0439 \u0438 \u043f\u0440\u043e\u0447\u043d\u044b\u0439 \u043c\u0430\u0442\u0435\u0440\u0438\u0430\u043b<\/p>\n<\/li>\n<li data-start=\"1971\" data-end=\"2005\">\n<p data-start=\"1973\" data-end=\"2005\">\u0418\u0434\u0435\u0430\u043b\u044c\u043d\u043e \u043f\u043e\u0434\u0445\u043e\u0434\u0438\u0442 \u0434\u043b\u044f \u0431\u043e\u0433\u0435\u043c\u043d\u043e\u0433\u043e \u0438 \u043d\u0435\u043f\u0440\u0438\u043d\u0443\u0436\u0434\u0435\u043d\u043d\u043e\u0433\u043e \u0441\u0442\u0438\u043b\u044f.<\/p>\n<\/li>\n<li data-start=\"2006\" data-end=\"2039\">\n<p data-start=\"2008\" data-end=\"2039\">\u0423\u0441\u0442\u043e\u0439\u0447\u0438\u0432\u043e\u0435 \u0438 \u044d\u0442\u0438\u0447\u043d\u043e\u0435 \u043f\u0440\u043e\u0438\u0437\u0432\u043e\u0434\u0441\u0442\u0432\u043e<\/p>\n<\/li>\n<li data-start=\"2040\" data-end=\"2082\">\n<p data-start=\"2042\" data-end=\"2082\">\u0423\u043d\u0438\u0432\u0435\u0440\u0441\u0430\u043b\u0435\u043d \u0434\u043b\u044f \u043f\u043e\u0432\u0441\u0435\u0434\u043d\u0435\u0432\u043d\u043e\u0433\u043e \u0438 \u043f\u0440\u0430\u0437\u0434\u043d\u0438\u0447\u043d\u043e\u0433\u043e \u0438\u0441\u043f\u043e\u043b\u044c\u0437\u043e\u0432\u0430\u043d\u0438\u044f<\/p>\n<\/li>\n<\/ul>\n<hr data-start=\"2084\" data-end=\"2087\" \/>\n<p data-start=\"2089\" data-end=\"2172\" data-is-last-node=\"\" data-is-only-node=\"\">","protected":false},"excerpt":{"rendered":"<p>\u041b\u0451\u0433\u043a\u0430\u044f \u0438 \u044f\u0440\u043a\u0430\u044f \u0432\u044f\u0437\u0430\u043d\u0430\u044f \u0441\u0443\u043c\u043a\u0430 \u0440\u0443\u0447\u043d\u043e\u0439 \u0440\u0430\u0431\u043e\u0442\u044b \u0441 \u0446\u0432\u0435\u0442\u043e\u0447\u043d\u044b\u043c \u043c\u043e\u0442\u0438\u0432\u043e\u043c. \u041f\u0440\u0438\u0434\u0430\u0441\u0442 \u0432\u0430\u0448\u0438\u043c \u043b\u0435\u0442\u043d\u0438\u043c \u043d\u0430\u0440\u044f\u0434\u0430\u043c \u0431\u043e\u0433\u0435\u043c\u043d\u0443\u044e \u0438 \u0435\u0441\u0442\u0435\u0441\u0442\u0432\u0435\u043d\u043d\u0443\u044e \u044d\u043b\u0435\u0433\u0430\u043d\u0442\u043d\u043e\u0441\u0442\u044c. \u042d\u043a\u043e\u043b\u043e\u0433\u0438\u0447\u043d\u044b\u0439 \u0438 \u044d\u043a\u043e\u043b\u043e\u0433\u0438\u0447\u043d\u044b\u0439 \u0434\u0438\u0437\u0430\u0439\u043d.<\/p>","protected":false},"featured_media":28908,"comment_status":"open","ping_status":"closed","template":"","meta":[],"product_brand":[691],"product_cat":[686,704],"product_tag":[840,846,838,842,849,848,811,819,812,844,815,847,769,825,813,843,841,817,839,845,816],"class_list":{"0":"post-27682","1":"product","2":"type-product","3":"status-publish","4":"has-post-thumbnail","6":"product_brand-tuffhandicraft","7":"product_cat-canta","8":"product_cat-capraz-canta","9":"product_tag-bohem-canta","10":"product_tag-boho-stil-canta","11":"product_tag-cicek-motifli-canta","12":"product_tag-cicekli-yazlik-canta","13":"product_tag-colorful-summer-bag","14":"product_tag-crochet-floral-bag","15":"product_tag-doga-dostu-canta","16":"product_tag-el-orgusu-canta","17":"product_tag-el-yapimi-canta","18":"product_tag-festival-cantasi","19":"product_tag-hafif-canta","20":"product_tag-handmade-bag","21":"product_tag-hediye-fikirleri","22":"product_tag-kadin-cantasi","23":"product_tag-orgu-canta","24":"product_tag-plaj-cantasi","25":"product_tag-renkli-canta","26":"product_tag-surdurulebilir-canta","27":"product_tag-tig-isi-canta","28":"product_tag-yaz-aksesuari","29":"product_tag-yazlik-canta","31":"first","32":"instock","33":"sale","34":"taxable","35":"shipping-taxable","36":"purchasable","37":"product-type-simple"},"_links":{"self":[{"href":"https:\/\/tuffhandicraft.com\/ru\/wp-json\/wp\/v2\/product\/27682","targetHints":{"allow":["GET"]}}],"collection":[{"href":"https:\/\/tuffhandicraft.com\/ru\/wp-json\/wp\/v2\/product"}],"about":[{"href":"https:\/\/tuffhandicraft.com\/ru\/wp-json\/wp\/v2\/types\/product"}],"replies":[{"embeddable":true,"href":"https:\/\/tuffhandicraft.com\/ru\/wp-json\/wp\/v2\/comments?post=27682"}],"version-history":[{"count":1,"href":"https:\/\/tuffhandicraft.com\/ru\/wp-json\/wp\/v2\/product\/27682\/revisions"}],"predecessor-version":[{"id":30272,"href":"https:\/\/tuffhandicraft.com\/ru\/wp-json\/wp\/v2\/product\/27682\/revisions\/30272"}],"wp:featuredmedia":[{"embeddable":true,"href":"https:\/\/tuffhandicraft.com\/ru\/wp-json\/wp\/v2\/media\/28908"}],"wp:attachment":[{"href":"https:\/\/tuffhandicraft.com\/ru\/wp-json\/wp\/v2\/media?parent=27682"}],"wp:term":[{"taxonomy":"product_brand","embeddable":true,"href":"https:\/\/tuffhandicraft.com\/ru\/wp-json\/wp\/v2\/product_brand?post=27682"},{"taxonomy":"product_cat","embeddable":true,"href":"https:\/\/tuffhandicraft.com\/ru\/wp-json\/wp\/v2\/product_cat?post=27682"},{"taxonomy":"product_tag","embeddable":true,"href":"https:\/\/tuffhandicraft.com\/ru\/wp-json\/wp\/v2\/product_tag?post=27682"}],"curies":[{"name":"wp","href":"https:\/\/api.w.org\/{rel}","templated":true}]}}