{"id":27684,"date":"2025-05-11T00:25:08","date_gmt":"2025-05-10T21:25:08","guid":{"rendered":"https:\/\/tasarim.yusufkecici.com.tr\/urun\/paper-string-knitted-bag-eco-friendly-compartment-hand-knitted-tan-bag-summer-beach-daily-tote-paper-string-tote-bag-straw-bag\/"},"modified":"2025-08-21T17:34:57","modified_gmt":"2025-08-21T14:34:57","slug":"doga-dostu-kagit-ip-canta","status":"publish","type":"product","link":"https:\/\/tuffhandicraft.com\/ru\/magaza\/canta\/omuz-cantasi\/doga-dostu-kagit-ip-canta\/","title":{"rendered":"Do\u011fa Dostu Ka\u011f\u0131t \u0130p \u00c7anta | %90 Su Tasarrufu"},"content":{"rendered":"<h3 data-start=\"277\" data-end=\"354\">\ud83d\udc5c <strong data-start=\"284\" data-end=\"352\">\u042d\u043a\u043e\u043b\u043e\u0433\u0438\u0447\u043d\u044b\u0439 \u0431\u0443\u043c\u0430\u0436\u043d\u044b\u0439 \u0430\u0432\u043e\u0441\u044c\u043a\u0430 \u2013 \u0440\u0443\u0447\u043d\u043e\u0439 \u0440\u0430\u0431\u043e\u0442\u044b, \u0441 \u043f\u043e\u0434\u043a\u043b\u0430\u0434\u043a\u043e\u0439, \u043b\u0435\u0433\u043a\u0438\u0439 \u0438 \u0441 \u043e\u0442\u0434\u0435\u043b\u0435\u043d\u0438\u044f\u043c\u0438<\/strong><\/h3>\n<p data-start=\"355\" data-end=\"725\">\ud83c\udf3f \u042d\u043a\u043e\u043b\u043e\u0433\u0438\u0447\u043d\u0430\u044f \u044d\u043b\u0435\u0433\u0430\u043d\u0442\u043d\u043e\u0441\u0442\u044c, \u0432\u044b\u0434\u0435\u043b\u044f\u044e\u0449\u0430\u044f\u0441\u044f \u0441\u0432\u043e\u0435\u0439 \u043b\u0435\u0433\u043a\u043e\u0441\u0442\u044c\u044e<br data-start=\"402\" data-end=\"405\" \/>\u042d\u0442\u043e \u0440\u0443\u0447\u043d\u0430\u044f \u0440\u0430\u0431\u043e\u0442\u0430. <strong data-start=\"418\" data-end=\"447\">\u044d\u043a\u043e\u043b\u043e\u0433\u0438\u0447\u043d\u044b\u0439 \u0431\u0443\u043c\u0430\u0436\u043d\u044b\u0439 \u043f\u0430\u043a\u0435\u0442 \u0438\u0437 \u0432\u0435\u0440\u0435\u0432\u043a\u0438<\/strong>\u0418\u0437\u0433\u043e\u0442\u043e\u0432\u043b\u0435\u043d\u043d\u044b\u0439 \u0438\u0437 \u043f\u0435\u0440\u0435\u0440\u0430\u0431\u0430\u0442\u044b\u0432\u0430\u0435\u043c\u044b\u0445 \u043c\u0430\u0442\u0435\u0440\u0438\u0430\u043b\u043e\u0432, \u044d\u0442\u043e\u0442 \u043e\u0441\u043e\u0431\u0435\u043d\u043d\u044b\u0439 \u0430\u043a\u0441\u0435\u0441\u0441\u0443\u0430\u0440 \u0441\u043e\u0447\u0435\u0442\u0430\u0435\u0442 \u0432 \u0441\u0435\u0431\u0435 \u043b\u0451\u0433\u043a\u043e\u0441\u0442\u044c \u0438 \u044d\u043b\u0435\u0433\u0430\u043d\u0442\u043d\u043e\u0441\u0442\u044c. \u042d\u0442\u043e \u0444\u0443\u043d\u043a\u0446\u0438\u043e\u043d\u0430\u043b\u044c\u043d\u0430\u044f \u0438 \u044d\u0441\u0442\u0435\u0442\u0438\u0447\u043d\u0430\u044f \u0432\u0435\u0449\u044c, \u043a\u043e\u0442\u043e\u0440\u0443\u044e \u0443\u0434\u043e\u0431\u043d\u043e \u043d\u043e\u0441\u0438\u0442\u044c \u043a\u0430\u043a \u0432 \u0433\u043e\u0440\u043e\u0434\u0435, \u0442\u0430\u043a \u0438 \u043d\u0430 \u043e\u0442\u0434\u044b\u0445\u0435 \u043b\u0435\u0442\u043e\u043c. \u0412\u043d\u0443\u0442\u0440\u0435\u043d\u043d\u0438\u0435 \u043e\u0442\u0434\u0435\u043b\u0435\u043d\u0438\u044f \u0438 \u043f\u043e\u0434\u043a\u043b\u0430\u0434\u043a\u0430 \u043e\u0431\u0435\u0441\u043f\u0435\u0447\u0438\u0432\u0430\u044e\u0442 \u0443\u0434\u043e\u0431\u0441\u0442\u0432\u043e \u0438\u0441\u043f\u043e\u043b\u044c\u0437\u043e\u0432\u0430\u043d\u0438\u044f.<\/p>\n<hr data-start=\"727\" data-end=\"730\" \/>\n<h3 data-start=\"732\" data-end=\"760\">\ud83e\uddf5 <strong data-start=\"739\" data-end=\"758\">\u0421\u0443\u0449\u0435\u0441\u0442\u0432\u0435\u043d\u043d\u0430\u044f \u0438\u043d\u0444\u043e\u0440\u043c\u0430\u0446\u0438\u044f<\/strong><img loading=\"lazy\" decoding=\"async\" class=\"wd-lazy-fade size-full wp-image-28000 alignright\" style=\"color: #333333; font-size: 16px;\" src=\"https:\/\/tuffhandicraft.com\/wp-content\/themes\/woodmart\/images\/lazy.svg\" data-src=\"https:\/\/tuffhandicraft.com\/wp-content\/uploads\/2021\/08\/footer-logo-1.png\" alt=\"Do\u011fa Dostu Ka\u011f\u0131t \u0130p \u00c7anta\" width=\"220\" height=\"40\" title=\"\" srcset=\"\" data-srcset=\"https:\/\/tuffhandicraft.com\/wp-content\/uploads\/2021\/08\/footer-logo-1.png 220w, https:\/\/tuffhandicraft.com\/wp-content\/uploads\/2021\/08\/footer-logo-1-150x27.png 150w\" sizes=\"auto, (max-width: 220px) 100vw, 220px\" \/><\/h3>\n<p data-start=\"761\" data-end=\"963\">\u0421\u0443\u043c\u043a\u0430 \u043f\u0440\u043e\u0447\u043d\u0430\u044f \u0438 <a href=\"https:\/\/tuffhandicraft.com\/ru\/%d0%bf%d1%80%d0%be%d0%b4%d1%83%d0%ba%d1%82\/buzgulu-kagit-ipten-omuz-cantasi\/\">\u0435\u0441\u0442\u0435\u0441\u0442\u0432\u0435\u043d\u043d\u044b\u0439 <strong data-start=\"787\" data-end=\"799\">\u0431\u0443\u043c\u0430\u0436\u043d\u0430\u044f \u0432\u0435\u0440\u0435\u0432\u043a\u0430<\/strong><\/a> ile \u00f6r\u00fclm\u00fc\u015ft\u00fcr. Astar\u0131nda pamuklu kuma\u015f tercih edilmi\u015ftir. %100 el yap\u0131m\u0131d\u0131r. Hafif, \u00e7evre dostu ve vegan bir alternatiftir. \u00dcretimde sentetik malzeme kullan\u0131lmaz.<\/p>\n<hr data-start=\"965\" data-end=\"968\" \/>\n<h3 data-start=\"970\" data-end=\"1007\">\ud83d\udc5c <strong data-start=\"977\" data-end=\"1005\">\u041e\u0431\u043b\u0430\u0441\u0442\u044c \u043f\u0440\u0438\u043c\u0435\u043d\u0435\u043d\u0438\u044f \u0438 \u043a\u043e\u043c\u0444\u043e\u0440\u0442<\/strong><\/h3>\n<p data-start=\"1008\" data-end=\"1256\">\u0418\u0434\u0435\u0430\u043b\u044c\u043d\u043e \u043f\u043e\u0434\u0445\u043e\u0434\u0438\u0442 \u0434\u043b\u044f \u043f\u043e\u0432\u0441\u0435\u0434\u043d\u0435\u0432\u043d\u043e\u0433\u043e \u0438\u0441\u043f\u043e\u043b\u044c\u0437\u043e\u0432\u0430\u043d\u0438\u044f, \u043f\u0440\u043e\u0433\u0443\u043b\u043e\u043a \u043f\u043e \u0433\u043e\u0440\u043e\u0434\u0443, \u043f\u043e\u0445\u043e\u0434\u043e\u0432 \u043d\u0430 \u0440\u044b\u043d\u043e\u043a, \u043d\u0430 \u043f\u043b\u044f\u0436 \u0438 \u043f\u0438\u043a\u043d\u0438\u043a\u043e\u0432. \u0411\u043b\u0430\u0433\u043e\u0434\u0430\u0440\u044f \u043f\u043e\u0434\u043a\u043b\u0430\u0434\u043a\u0435 \u0438 \u0440\u0430\u0437\u0434\u0435\u043b\u044c\u043d\u043e\u0439 \u0441\u0442\u0440\u0443\u043a\u0442\u0443\u0440\u0435 \u0432\u044b \u0441\u043c\u043e\u0436\u0435\u0442\u0435 \u0430\u043a\u043a\u0443\u0440\u0430\u0442\u043d\u043e \u043d\u043e\u0441\u0438\u0442\u044c \u043b\u0438\u0447\u043d\u044b\u0435 \u0432\u0435\u0449\u0438, \u0442\u0430\u043a\u0438\u0435 \u043a\u0430\u043a \u0442\u0435\u043b\u0435\u0444\u043e\u043d, \u043a\u043b\u044e\u0447\u0438 \u0438 \u043a\u043e\u0448\u0435\u043b\u0435\u043a. \u0421\u0443\u043c\u043a\u0443 \u043c\u043e\u0436\u043d\u043e \u043d\u043e\u0441\u0438\u0442\u044c \u043d\u0430 \u043f\u043b\u0435\u0447\u0435 \u0438\u043b\u0438 \u0432 \u0440\u0443\u043a\u0435.<\/p>\n<hr data-start=\"1258\" data-end=\"1261\" \/>\n<h3 data-start=\"1263\" data-end=\"1288\">\ud83c\udfa8 <strong data-start=\"1270\" data-end=\"1286\">\u041f\u0440\u0435\u0434\u043b\u043e\u0436\u0435\u043d\u0438\u0435 \u0441\u0442\u0438\u043b\u044f<\/strong><\/h3>\n<p data-start=\"1289\" data-end=\"1465\">\u041b\u044c\u043d\u044f\u043d\u044b\u0435 \u0440\u0443\u0431\u0430\u0448\u043a\u0438, \u0441\u0430\u043d\u0434\u0430\u043b\u0438\u0438, \u043f\u043b\u0430\u0442\u044c\u044f \u0438\u043b\u0438 \u043b\u0435\u0442\u043d\u0438\u0435 \u043a\u043e\u043c\u0431\u0438\u043d\u0435\u0437\u043e\u043d\u044b \u043f\u043e\u0434\u0447\u0435\u0440\u043a\u043d\u0443\u0442 \u0432\u0430\u0448\u0443 \u0435\u0441\u0442\u0435\u0441\u0442\u0432\u0435\u043d\u043d\u043e\u0441\u0442\u044c. \u041e\u043d\u0438 \u0438\u0434\u0435\u0430\u043b\u044c\u043d\u043e \u0434\u043e\u043f\u043e\u043b\u043d\u044f\u0442 \u043e\u0431\u0440\u0430\u0437\u044b \u0432 \u0441\u0442\u0438\u043b\u0435 \u0431\u043e\u0445\u043e, \u043c\u0438\u043d\u0438\u043c\u0430\u043b\u0438\u0437\u043c \u0438 \u043f\u0440\u0438\u0440\u043e\u0434\u043d\u0443\u044e \u0442\u0435\u043c\u0430\u0442\u0438\u043a\u0443.<\/p>\n<p data-start=\"1289\" data-end=\"1465\">\u0414\u043b\u044f \u0434\u0440\u0443\u0433\u0438\u0445 \u043c\u043e\u0434\u0435\u043b\u0435\u0439, \u043a\u043e\u0442\u043e\u0440\u044b\u0435 \u043c\u043e\u0433\u0443\u0442 \u043f\u043e\u0434\u043e\u0439\u0442\u0438 \u0432\u0430\u0448\u0435\u043c\u0443 \u0441\u0442\u0438\u043b\u044e \u0438 \u043d\u0435 \u0442\u043e\u043b\u044c\u043a\u043e, \u043f\u043e\u0441\u0435\u0442\u0438\u0442\u0435 Tuff\u00a0<a href=\"https:\/\/www.pinterest.com\/TuffHandicraft01\/\" target=\"_blank\" rel=\"noopener\">\u041f\u0438\u043d\u0442\u0435\u0440\u0435\u0441\u0442<\/a>\u00a0\u043f\u043e\u0441\u0435\u0442\u0438\u0442\u0435 \u043c\u0438\u0440.<\/p>\n<hr data-start=\"1467\" data-end=\"1470\" \/>\n<h3 data-start=\"1472\" data-end=\"1516\">\u267b\ufe0f <strong data-start=\"1479\" data-end=\"1514\">\u0420\u0443\u0447\u043d\u0430\u044f \u0440\u0430\u0431\u043e\u0442\u0430 \u0438 \u044d\u043a\u043e\u043b\u043e\u0433\u0438\u0447\u043d\u0430\u044f \u043c\u043e\u0434\u0430<\/strong><\/h3>\n<p><em>\u042d\u0442\u043e\u0442 \u043f\u0440\u043e\u0434\u0443\u043a\u0442 \u0441\u044d\u043a\u043e\u043d\u043e\u043c\u0438\u043b \u0434\u043e\u0441\u0442\u0430\u0442\u043e\u0447\u043d\u043e \u0432\u043e\u0434\u044b \u0434\u043b\u044f 1000 \u0441\u0435\u043c\u0435\u0439. \u0412\u0435\u0434\u044c \u044d\u043a\u043e\u043b\u043e\u0433\u0438\u0447\u043d\u043e\u0441\u0442\u044c \u2014 \u044d\u0442\u043e \u043d\u0435 \u0442\u0440\u0435\u043d\u0434, \u0430 \u043e\u0442\u0432\u0435\u0442\u0441\u0442\u0432\u0435\u043d\u043d\u043e\u0441\u0442\u044c.<\/em><\/p>\n<p data-start=\"1603\" data-end=\"1903\">\u042d\u0442\u0430 \u0441\u0443\u043c\u043a\u0430, <strong data-start=\"1613\" data-end=\"1698\">\u042d\u0442\u043e \u0432\u043d\u0435\u0432\u0440\u0435\u043c\u0435\u043d\u043d\u043e\u0435 \u0438\u0437\u0434\u0435\u043b\u0438\u0435, \u043a\u043e\u0442\u043e\u0440\u043e\u0435 \u043f\u0440\u043e\u0438\u0437\u0432\u043e\u0434\u0438\u0442\u0441\u044f \u0432 \u043f\u0440\u043e\u0442\u0438\u0432\u043e\u0432\u0435\u0441 \u0431\u044b\u0441\u0442\u0440\u043e\u043c\u0443 \u0446\u0438\u043a\u043b\u0443 \u043f\u043e\u0442\u0440\u0435\u0431\u043b\u0435\u043d\u0438\u044f \u0438 \u0441 \u0443\u0432\u0430\u0436\u0435\u043d\u0438\u0435\u043c \u043a \u043f\u0440\u0438\u0440\u043e\u0434\u0435.<\/strong> \u041a\u0430\u0436\u0434\u0430\u044f \u0441\u0443\u043c\u043a\u0430 \u0442\u0449\u0430\u0442\u0435\u043b\u044c\u043d\u043e \u0438\u0437\u0433\u043e\u0442\u0430\u0432\u043b\u0438\u0432\u0430\u0435\u0442\u0441\u044f \u0432\u0440\u0443\u0447\u043d\u0443\u044e. \u041c\u044b \u043e\u0442\u0434\u0430\u0435\u043c \u043f\u0440\u0435\u0434\u043f\u043e\u0447\u0442\u0435\u043d\u0438\u0435 \u044d\u0442\u0438\u0447\u043d\u043e\u043c\u0443 \u0438 \u0434\u043e\u0431\u0440\u043e\u0441\u043e\u0432\u0435\u0441\u0442\u043d\u043e\u043c\u0443 \u043f\u0440\u043e\u0438\u0437\u0432\u043e\u0434\u0441\u0442\u0432\u0443, \u0430 \u043d\u0435 \u043c\u0430\u0441\u0441\u043e\u0432\u043e\u043c\u0443. \u0421 \u044d\u0442\u0438\u043c \u0438\u0437\u0434\u0435\u043b\u0438\u0435\u043c \u0432\u044b \u043f\u043e\u043b\u0443\u0447\u0438\u0442\u0435 \u043d\u0435 \u0442\u043e\u043b\u044c\u043a\u043e \u0441\u0442\u0438\u043b\u044c\u043d\u0443\u044e \u0441\u0443\u043c\u043a\u0443, \u043d\u043e \u0438 \u0441\u043f\u0430\u0441\u0435\u043d\u0438\u0435.<\/p>\n<hr data-start=\"1771\" data-end=\"1774\" \/>\n<h3 data-start=\"1776\" data-end=\"1806\">\ud83e\uddfc <strong data-start=\"1783\" data-end=\"1804\">\u0418\u043d\u0441\u0442\u0440\u0443\u043a\u0446\u0438\u0438 \u043f\u043e \u0443\u0445\u043e\u0434\u0443<\/strong><\/h3>\n<p data-start=\"1807\" data-end=\"1982\">\u041f\u043e\u0441\u043a\u043e\u043b\u044c\u043a\u0443 \u0438\u0437\u0434\u0435\u043b\u0438\u0435 \u0438\u0437\u0433\u043e\u0442\u043e\u0432\u043b\u0435\u043d\u043e \u0438\u0437 \u0431\u0443\u043c\u0430\u0436\u043d\u043e\u0439 \u043f\u0440\u044f\u0436\u0438, \u0435\u0433\u043e \u043d\u0435 \u0440\u0435\u043a\u043e\u043c\u0435\u043d\u0434\u0443\u0435\u0442\u0441\u044f \u0441\u0442\u0438\u0440\u0430\u0442\u044c \u043d\u0430\u043f\u0440\u044f\u043c\u0443\u044e. \u0415\u0433\u043e \u0441\u043b\u0435\u0434\u0443\u0435\u0442 \u043f\u0440\u043e\u0442\u0438\u0440\u0430\u0442\u044c \u0441\u043b\u0435\u0433\u043a\u0430 \u0432\u043b\u0430\u0436\u043d\u043e\u0439 \u0442\u043a\u0430\u043d\u044c\u044e. \u0425\u0440\u0430\u043d\u0438\u0442\u044c \u0432 \u043f\u0440\u043e\u0445\u043b\u0430\u0434\u043d\u043e\u043c, \u0441\u0443\u0445\u043e\u043c \u043c\u0435\u0441\u0442\u0435. \u0412\u043d\u0443\u0442\u0440\u0435\u043d\u043d\u044f\u044f \u043f\u043e\u0434\u043a\u043b\u0430\u0434\u043a\u0430 \u043e\u0431\u043b\u0435\u0433\u0447\u0430\u0435\u0442 \u0447\u0438\u0441\u0442\u043a\u0443.<\/p>\n<hr data-start=\"1984\" data-end=\"1987\" \/>\n<h3 data-start=\"1989\" data-end=\"2057\">\u2728 <strong data-start=\"1995\" data-end=\"2055\">\u041f\u043e\u0447\u0435\u043c\u0443 \u0441\u0442\u043e\u0438\u0442 \u0432\u044b\u0431\u0440\u0430\u0442\u044c \u044d\u0442\u043e\u0442 \u044d\u043a\u043e\u043b\u043e\u0433\u0438\u0447\u043d\u044b\u0439 \u0431\u0443\u043c\u0430\u0436\u043d\u044b\u0439 \u043c\u0435\u0448\u043e\u043a-\u0430\u0432\u043e\u0441\u044c\u043a\u0443?<\/strong><\/h3>\n<ul data-start=\"2058\" data-end=\"2321\">\n<li data-start=\"2058\" data-end=\"2093\">\n<p data-start=\"2060\" data-end=\"2093\">%100 el yap\u0131m\u0131 ve \u00f6zg\u00fcn tasar\u0131m<\/p>\n<\/li>\n<li data-start=\"2094\" data-end=\"2139\">\n<p data-start=\"2096\" data-end=\"2139\">\u0421\u0432\u044f\u0437\u0430\u043d\u043e \u0438\u0437 \u043f\u0440\u044f\u0436\u0438 \u0438\u0437 \u043f\u0435\u0440\u0435\u0440\u0430\u0431\u0430\u0442\u044b\u0432\u0430\u0435\u043c\u043e\u0439 \u0431\u0443\u043c\u0430\u0433\u0438.<\/p>\n<\/li>\n<li data-start=\"2140\" data-end=\"2181\">\n<p data-start=\"2142\" data-end=\"2181\">\u0424\u0443\u043d\u043a\u0446\u0438\u043e\u043d\u0430\u043b\u044c\u043d\u044b\u0439, \u0441 \u043f\u043e\u0434\u043a\u043b\u0430\u0434\u043a\u043e\u0439 \u0438 \u0432\u043d\u0443\u0442\u0440\u0435\u043d\u043d\u0438\u043c\u0438 \u043e\u0442\u0434\u0435\u043b\u0435\u043d\u0438\u044f\u043c\u0438<\/p>\n<\/li>\n<li data-start=\"2182\" data-end=\"2213\">\n<p data-start=\"2184\" data-end=\"2213\">\u041b\u0435\u0433\u043a\u0438\u0439, \u044d\u043a\u043e\u043b\u043e\u0433\u0438\u0447\u043d\u044b\u0439 \u0438 \u0432\u0435\u0433\u0430\u043d\u0441\u043a\u0438\u0439<\/p>\n<\/li>\n<li data-start=\"2214\" data-end=\"2250\">\n<p data-start=\"2216\" data-end=\"2250\">\u0415\u0441\u0442\u0435\u0441\u0442\u0432\u0435\u043d\u043d\u044b\u0439 \u0432\u0438\u0434, \u043f\u043e\u0434\u0445\u043e\u0434\u044f\u0449\u0438\u0439 \u0434\u043b\u044f \u043b\u0435\u0442\u043d\u0438\u0445 \u043c\u0435\u0441\u044f\u0446\u0435\u0432<\/p>\n<\/li>\n<li data-start=\"2251\" data-end=\"2284\">\n<p data-start=\"2253\" data-end=\"2284\">\u0423\u0441\u0442\u043e\u0439\u0447\u0438\u0432\u043e\u0435 \u0438 \u044d\u0442\u0438\u0447\u043d\u043e\u0435 \u043f\u0440\u043e\u0438\u0437\u0432\u043e\u0434\u0441\u0442\u0432\u043e<\/p>\n<\/li>\n<li data-start=\"2285\" data-end=\"2321\">\n<p data-start=\"2287\" data-end=\"2321\">\u041f\u0440\u0435\u0434\u043b\u0430\u0433\u0430\u0435\u0442 \u044d\u043b\u0435\u0433\u0430\u043d\u0442\u043d\u043e\u0441\u0442\u044c, \u043d\u0435 \u043d\u0430\u043d\u043e\u0441\u044f \u0432\u0440\u0435\u0434\u0430 \u043f\u0440\u0438\u0440\u043e\u0434\u0435<\/p>\n<\/li>\n<\/ul>\n<hr data-start=\"2323\" data-end=\"2326\" \/>\n<p data-start=\"2328\" data-end=\"2436\" data-is-last-node=\"\" data-is-only-node=\"\">","protected":false},"excerpt":{"rendered":"<p>\u0421\u0443\u043c\u043a\u0430 \u0438\u0437 \u0431\u0443\u043c\u0430\u0436\u043d\u043e\u0439 \u0432\u0435\u0440\u0435\u0432\u043a\u0438 \u0440\u0443\u0447\u043d\u043e\u0439 \u0440\u0430\u0431\u043e\u0442\u044b \u2014 \u0441\u0442\u0438\u043b\u044c\u043d\u044b\u0439 \u0438 \u044d\u043a\u043e\u043b\u043e\u0433\u0438\u0447\u043d\u044b\u0439 \u043b\u0435\u0442\u043d\u0438\u0439 \u0430\u043a\u0441\u0435\u0441\u0441\u0443\u0430\u0440 \u0441 \u043f\u043e\u0434\u043a\u043b\u0430\u0434\u043a\u043e\u0439, \u0440\u0430\u0437\u0434\u0435\u043b\u0435\u043d\u0438\u0435\u043c \u043d\u0430 \u043e\u0442\u0434\u0435\u043b\u0435\u043d\u0438\u044f \u0438 \u043b\u0435\u0433\u043a\u043e\u0439 \u043a\u043e\u043d\u0441\u0442\u0440\u0443\u043a\u0446\u0438\u0435\u0439.<\/p>","protected":false},"featured_media":27770,"comment_status":"open","ping_status":"closed","template":"","meta":[],"product_brand":[691],"product_cat":[686,724],"product_tag":[814,820,823,811,821,819,812,822,824,815,769,825,810,813,817,762,826,818,816],"class_list":{"0":"post-27684","1":"product","2":"type-product","3":"status-publish","4":"has-post-thumbnail","6":"product_brand-tuffhandicraft","7":"product_cat-canta","8":"product_cat-omuz-cantasi","9":"product_tag-astarli-canta","10":"product_tag-boho-canta","11":"product_tag-bolmeli-canta","12":"product_tag-doga-dostu-canta","13":"product_tag-dogal-malzeme-canta","14":"product_tag-el-orgusu-canta","15":"product_tag-el-yapimi-canta","16":"product_tag-geri-donusturulebilir-canta","17":"product_tag-gunluk-kullanim-cantasi","18":"product_tag-hafif-canta","19":"product_tag-hediye-fikirleri","20":"product_tag-kadin-cantasi","21":"product_tag-kagit-ip-canta","22":"product_tag-orgu-canta","23":"product_tag-surdurulebilir-canta","24":"product_tag-surdurulebilir-moda","25":"product_tag-unisex-canta","26":"product_tag-vegan-canta","27":"product_tag-yazlik-canta","29":"first","30":"instock","31":"sale","32":"taxable","33":"shipping-taxable","34":"purchasable","35":"product-type-simple"},"_links":{"self":[{"href":"https:\/\/tuffhandicraft.com\/ru\/wp-json\/wp\/v2\/product\/27684","targetHints":{"allow":["GET"]}}],"collection":[{"href":"https:\/\/tuffhandicraft.com\/ru\/wp-json\/wp\/v2\/product"}],"about":[{"href":"https:\/\/tuffhandicraft.com\/ru\/wp-json\/wp\/v2\/types\/product"}],"replies":[{"embeddable":true,"href":"https:\/\/tuffhandicraft.com\/ru\/wp-json\/wp\/v2\/comments?post=27684"}],"version-history":[{"count":1,"href":"https:\/\/tuffhandicraft.com\/ru\/wp-json\/wp\/v2\/product\/27684\/revisions"}],"predecessor-version":[{"id":30271,"href":"https:\/\/tuffhandicraft.com\/ru\/wp-json\/wp\/v2\/product\/27684\/revisions\/30271"}],"wp:featuredmedia":[{"embeddable":true,"href":"https:\/\/tuffhandicraft.com\/ru\/wp-json\/wp\/v2\/media\/27770"}],"wp:attachment":[{"href":"https:\/\/tuffhandicraft.com\/ru\/wp-json\/wp\/v2\/media?parent=27684"}],"wp:term":[{"taxonomy":"product_brand","embeddable":true,"href":"https:\/\/tuffhandicraft.com\/ru\/wp-json\/wp\/v2\/product_brand?post=27684"},{"taxonomy":"product_cat","embeddable":true,"href":"https:\/\/tuffhandicraft.com\/ru\/wp-json\/wp\/v2\/product_cat?post=27684"},{"taxonomy":"product_tag","embeddable":true,"href":"https:\/\/tuffhandicraft.com\/ru\/wp-json\/wp\/v2\/product_tag?post=27684"}],"curies":[{"name":"wp","href":"https:\/\/api.w.org\/{rel}","templated":true}]}}