{"id":27688,"date":"2025-05-11T00:25:12","date_gmt":"2025-05-10T21:25:12","guid":{"rendered":"https:\/\/tasarim.yusufkecici.com.tr\/urun\/long-sleeve-crochet-crop-top-colorful-crop-top-crochet-heart-crop-top-hand-knitted-crop-top-pink-heart-crop-top-handmade-woman-crop\/"},"modified":"2025-08-10T15:58:04","modified_gmt":"2025-08-10T12:58:04","slug":"kalpli-uzun-kollu-crop-top","status":"publish","type":"product","link":"https:\/\/tuffhandicraft.com\/ru\/magaza\/crop-top\/kalpli-uzun-kollu-crop-top\/","title":{"rendered":"\u0423\u043a\u043e\u0440\u043e\u0447\u0435\u043d\u043d\u044b\u0439 \u0442\u043e\u043f \u0441 \u0434\u043b\u0438\u043d\u043d\u044b\u043c\u0438 \u0440\u0443\u043a\u0430\u0432\u0430\u043c\u0438 \u0438 \u0441\u0435\u0440\u0434\u0435\u0447\u043a\u043e\u043c, \u0441\u0432\u044f\u0437\u0430\u043d\u043d\u044b\u0439 \u043a\u0440\u044e\u0447\u043a\u043e\u043c | \u041a\u043e\u043b\u043b\u0435\u043a\u0446\u0438\u044f 2025"},"content":{"rendered":"<h3 data-start=\"181\" data-end=\"263\">\ud83e\uddf6<strong data-start=\"188\" data-end=\"261\">\u0412\u044f\u0437\u0430\u043d\u0438\u0435 \u043a\u0440\u044e\u0447\u043a\u043e\u043c <\/strong><strong data-start=\"188\" data-end=\"261\">\u0423\u043a\u043e\u0440\u043e\u0447\u0435\u043d\u043d\u044b\u0439 \u0442\u043e\u043f \u0441 \u0434\u043b\u0438\u043d\u043d\u044b\u043c\u0438 \u0440\u0443\u043a\u0430\u0432\u0430\u043c\u0438 \u0438 \u0441\u0435\u0440\u0434\u0435\u0447\u043a\u0430\u043c\u0438 \u2013 \u0440\u0443\u0447\u043d\u0430\u044f \u0440\u0430\u0431\u043e\u0442\u0430, \u044f\u0440\u043a\u0438\u0439, \u0443\u043d\u0438\u0441\u0435\u043a\u0441, \u043b\u0435\u0442\u043d\u0438\u0439<\/strong><\/h3>\n<p data-start=\"264\" data-end=\"564\">\ud83c\udf08 \u042d\u043d\u0435\u0440\u0433\u0438\u0447\u043d\u044b\u0439 \u0438 \u043a\u0440\u0430\u0441\u043e\u0447\u043d\u044b\u0439 \u043b\u0435\u0442\u043d\u0438\u0439 \u0441\u0442\u0438\u043b\u044c<br data-start=\"294\" data-end=\"297\" \/>\u042d\u0442\u043e\u0442 \u0443\u043a\u043e\u0440\u043e\u0447\u0435\u043d\u043d\u044b\u0439 \u0442\u043e\u043f \u0440\u0443\u0447\u043d\u043e\u0439 \u0440\u0430\u0431\u043e\u0442\u044b \u0432 \u0444\u043e\u0440\u043c\u0435 \u0441\u0435\u0440\u0434\u0446\u0430 \u0441 \u0434\u043b\u0438\u043d\u043d\u044b\u043c\u0438 \u0440\u0443\u043a\u0430\u0432\u0430\u043c\u0438 \u0441\u0442\u0430\u043d\u0435\u0442 \u0444\u0430\u0432\u043e\u0440\u0438\u0442\u043e\u043c \u043b\u0435\u0442\u043d\u0435\u0433\u043e \u0433\u0430\u0440\u0434\u0435\u0440\u043e\u0431\u0430 \u0431\u043b\u0430\u0433\u043e\u0434\u0430\u0440\u044f \u044f\u0440\u043a\u0438\u043c \u0446\u0432\u0435\u0442\u0430\u043c \u0438 \u0441\u0432\u043e\u0431\u043e\u0434\u043d\u043e\u043c\u0443 \u043a\u0440\u043e\u044e. \u041b\u0435\u0433\u043a\u0430\u044f \u0438 \u0434\u044b\u0448\u0430\u0449\u0430\u044f \u043a\u043e\u043d\u0441\u0442\u0440\u0443\u043a\u0446\u0438\u044f \u043e\u0431\u0435\u0441\u043f\u0435\u0447\u0438\u0432\u0430\u0435\u0442 \u043a\u043e\u043c\u0444\u043e\u0440\u0442 \u0432 \u0436\u0430\u0440\u043a\u0438\u0435 \u0434\u043d\u0438. \u0423\u043d\u0438\u0441\u0435\u043a\u0441-\u0434\u0438\u0437\u0430\u0439\u043d \u0438\u0434\u0435\u0430\u043b\u044c\u043d\u043e \u043f\u043e\u0434\u0445\u043e\u0434\u0438\u0442 \u0434\u043b\u044f \u0442\u0435\u0445, \u043a\u0442\u043e \u043b\u044e\u0431\u0438\u0442 \u0431\u043e\u0445\u043e \u0438 \u043f\u043e\u0432\u0441\u0435\u0434\u043d\u0435\u0432\u043d\u044b\u0439 \u0441\u0442\u0438\u043b\u044c.<\/p>\n<hr data-start=\"566\" data-end=\"569\" \/>\n<h3 data-start=\"571\" data-end=\"599\">\ud83e\uddf5 <strong data-start=\"578\" data-end=\"597\">\u0421\u0443\u0449\u0435\u0441\u0442\u0432\u0435\u043d\u043d\u0430\u044f \u0438\u043d\u0444\u043e\u0440\u043c\u0430\u0446\u0438\u044f<\/strong><\/h3>\n<p data-start=\"600\" data-end=\"856\">\u042d\u0442\u043e\u0442 \u0432\u044f\u0437\u0430\u043d\u044b\u0439 \u043a\u0440\u044e\u0447\u043a\u043e\u043c \u0442\u043e\u043f \u0432 \u0444\u043e\u0440\u043c\u0435 \u0441\u0435\u0440\u0434\u0446\u0430, \u0441\u0432\u044f\u0437\u0430\u043d\u043d\u044b\u0439 \u0432\u0440\u0443\u0447\u043d\u0443\u044e \u0438\u0437 \u043d\u0430\u0442\u0443\u0440\u0430\u043b\u044c\u043d\u043e\u0439 \u0445\u043b\u043e\u043f\u043a\u043e\u0432\u043e\u0439 \u043f\u0440\u044f\u0436\u0438, \u043c\u044f\u0433\u043a\u0438\u0439 \u0438 \u043f\u0440\u0438\u044f\u0442\u043d\u044b\u0439 \u043d\u0430 \u043e\u0449\u0443\u043f\u044c. \u0415\u0433\u043e \u0434\u044b\u0448\u0430\u0449\u0430\u044f \u0441\u0442\u0440\u0443\u043a\u0442\u0443\u0440\u0430 \u043f\u0440\u0435\u0434\u043e\u0442\u0432\u0440\u0430\u0449\u0430\u0435\u0442 \u043f\u043e\u0442\u043e\u043e\u0442\u0434\u0435\u043b\u0435\u043d\u0438\u0435 \u0438 \u0441\u043e\u0445\u0440\u0430\u043d\u044f\u0435\u0442 \u0441\u0432\u0435\u0436\u0435\u0441\u0442\u044c \u043b\u0435\u0442\u043e\u043c. \u0417\u0434\u043e\u0440\u043e\u0432\u044b\u0439 \u0438 <a href=\"https:\/\/tuffhandicraft.com\/ru\/%d0%bf%d1%80%d0%be%d0%b4%d1%83%d0%ba%d1%82\/artik-iplerden-renkli-puskullu-sapka\/\">\u0443\u0441\u0442\u043e\u0439\u0447\u0438\u0432\u044b\u0439<\/a> \u0418\u0441\u043f\u043e\u043b\u044c\u0437\u0443\u044f \u043f\u0440\u044f\u0436\u0443, \u0432\u044b \u0434\u0435\u043b\u0430\u0435\u0442\u0435 \u044d\u043a\u043e\u043b\u043e\u0433\u0438\u0447\u0435\u0441\u043a\u0438 \u0447\u0438\u0441\u0442\u044b\u0439 \u0432\u044b\u0431\u043e\u0440.<\/p>\n<hr data-start=\"858\" data-end=\"861\" \/>\n<h3 data-start=\"863\" data-end=\"900\">\ud83d\udc52 <strong data-start=\"870\" data-end=\"898\">\u041e\u0431\u043b\u0430\u0441\u0442\u044c \u043f\u0440\u0438\u043c\u0435\u043d\u0435\u043d\u0438\u044f \u0438 \u043a\u043e\u043c\u0444\u043e\u0440\u0442<\/strong><\/h3>\n<p><img loading=\"lazy\" decoding=\"async\" class=\"wd-lazy-fade size-full wp-image-28000 alignright\" src=\"https:\/\/tuffhandicraft.com\/wp-content\/themes\/woodmart\/images\/lazy.svg\" data-src=\"https:\/\/tuffhandicraft.com\/wp-content\/uploads\/2021\/08\/footer-logo-1.png\" alt=\"Kalpli Uzun Kollu T\u0131\u011f \u0130\u015fi \u00dcst\" width=\"220\" height=\"40\" title=\"\" srcset=\"\" data-srcset=\"https:\/\/tuffhandicraft.com\/wp-content\/uploads\/2021\/08\/footer-logo-1.png 220w, https:\/\/tuffhandicraft.com\/wp-content\/uploads\/2021\/08\/footer-logo-1-150x27.png 150w\" sizes=\"auto, (max-width: 220px) 100vw, 220px\" \/><\/p>\n<p data-start=\"901\" data-end=\"1129\">\u042d\u0442\u043e\u0442 \u0443\u043a\u043e\u0440\u043e\u0447\u0435\u043d\u043d\u044b\u0439 \u0442\u043e\u043f \u0441 \u0434\u043b\u0438\u043d\u043d\u044b\u043c\u0438 \u0440\u0443\u043a\u0430\u0432\u0430\u043c\u0438 \u0438 \u0443\u0437\u043e\u0440\u043e\u043c \u0432 \u0432\u0438\u0434\u0435 \u0441\u0435\u0440\u0434\u0435\u0447\u0435\u043a \u0438\u0434\u0435\u0430\u043b\u044c\u043d\u043e \u043f\u043e\u0434\u0445\u043e\u0434\u0438\u0442 \u0434\u043b\u044f \u043f\u043e\u0432\u0441\u0435\u0434\u043d\u0435\u0432\u043d\u043e\u0439 \u043d\u043e\u0441\u043a\u0438: \u043e\u043d \u0438\u0434\u0435\u0430\u043b\u044c\u043d\u043e \u043f\u043e\u0434\u0445\u043e\u0434\u0438\u0442 \u0434\u043b\u044f \u043f\u043b\u044f\u0436\u0430, \u043f\u043e\u0445\u043e\u0434\u043e\u0432 \u0438\u043b\u0438 \u043f\u0440\u043e\u0433\u0443\u043b\u043e\u043a \u043f\u043e \u0433\u043e\u0440\u043e\u0434\u0443. \u041b\u0435\u0433\u043a\u0438\u0439 \u043a\u0440\u043e\u0439 \u043e\u0431\u0435\u0441\u043f\u0435\u0447\u0438\u0432\u0430\u0435\u0442 \u043a\u043e\u043c\u0444\u043e\u0440\u0442, \u0430 \u0441\u0432\u043e\u0431\u043e\u0434\u043d\u044b\u0439 \u043a\u0440\u043e\u0439 \u043e\u0431\u0435\u0441\u043f\u0435\u0447\u0438\u0432\u0430\u0435\u0442 \u043f\u043b\u043e\u0442\u043d\u043e\u0435 \u043f\u0440\u0438\u043b\u0435\u0433\u0430\u043d\u0438\u0435 \u0438 \u0441\u0432\u043e\u0431\u043e\u0434\u0443 \u0434\u0432\u0438\u0436\u0435\u043d\u0438\u0439.<\/p>\n<hr data-start=\"1131\" data-end=\"1134\" \/>\n<h3 data-start=\"1136\" data-end=\"1161\">\ud83c\udfa8 <strong data-start=\"1143\" data-end=\"1159\">\u041f\u0440\u0435\u0434\u043b\u043e\u0436\u0435\u043d\u0438\u0435 \u0441\u0442\u0438\u043b\u044f<\/strong><\/h3>\n<p data-start=\"1162\" data-end=\"1390\">\u0421\u043e\u0447\u0435\u0442\u0430\u0439\u0442\u0435 \u0441 \u0431\u0440\u044e\u043a\u0430\u043c\u0438, \u0448\u043e\u0440\u0442\u0430\u043c\u0438 \u0438\u043b\u0438 \u044e\u0431\u043a\u0430\u043c\u0438 \u0441 \u0432\u044b\u0441\u043e\u043a\u043e\u0439 \u0442\u0430\u043b\u0438\u0435\u0439 \u0434\u043b\u044f \u0441\u043e\u0437\u0434\u0430\u043d\u0438\u044f \u0443\u0434\u043e\u0431\u043d\u043e\u0433\u043e \u0438 \u0441\u0442\u0438\u043b\u044c\u043d\u043e\u0433\u043e \u043e\u0431\u0440\u0430\u0437\u0430. \u042f\u0440\u043a\u0438\u0439 \u0434\u0438\u0437\u0430\u0439\u043d \u043f\u043e\u0437\u0432\u043e\u043b\u044f\u0435\u0442 \u043b\u0435\u0433\u043a\u043e \u0441\u043e\u0447\u0435\u0442\u0430\u0442\u044c \u0435\u0433\u043e \u0441 \u0431\u043e\u043b\u0435\u0435 \u043f\u0440\u043e\u0441\u0442\u044b\u043c\u0438 \u0432\u0435\u0449\u0430\u043c\u0438. \u042d\u0442\u043e \u043d\u0435\u0437\u0430\u043c\u0435\u043d\u0438\u043c\u0430\u044f \u0432\u0435\u0449\u044c \u0434\u043b\u044f \u0442\u0435\u0445, \u043a\u0442\u043e \u0438\u0449\u0435\u0442 \u0431\u043e\u0445\u043e-\u0441\u0442\u0438\u043b\u044c, \u043f\u043e\u0432\u0441\u0435\u0434\u043d\u0435\u0432\u043d\u044b\u0439 \u0438 \u043b\u0435\u0442\u043d\u0438\u0439 \u0441\u0442\u0438\u043b\u044c.<\/p>\n<p data-start=\"1162\" data-end=\"1390\">\u0414\u043b\u044f \u0434\u0440\u0443\u0433\u0438\u0445 \u043c\u043e\u0434\u0435\u043b\u0435\u0439, \u043a\u043e\u0442\u043e\u0440\u044b\u0435 \u043c\u043e\u0433\u0443\u0442 \u043f\u043e\u0434\u043e\u0439\u0442\u0438 \u0432\u0430\u0448\u0435\u043c\u0443 \u0441\u0442\u0438\u043b\u044e \u0438 \u043d\u0435 \u0442\u043e\u043b\u044c\u043a\u043e, \u043f\u043e\u0441\u0435\u0442\u0438\u0442\u0435 Tuff\u00a0<a href=\"https:\/\/www.pinterest.com\/TuffHandicraft01\/\" target=\"_blank\" rel=\"noopener\">\u041f\u0438\u043d\u0442\u0435\u0440\u0435\u0441\u0442<\/a> \u043f\u043e\u0441\u0435\u0442\u0438\u0442\u0435 \u043c\u0438\u0440.<\/p>\n<hr data-start=\"1392\" data-end=\"1395\" \/>\n<h3 data-start=\"1397\" data-end=\"1441\">\u267b\ufe0f <strong data-start=\"1404\" data-end=\"1439\">\u0420\u0443\u0447\u043d\u0430\u044f \u0440\u0430\u0431\u043e\u0442\u0430 \u0438 \u044d\u043a\u043e\u043b\u043e\u0433\u0438\u0447\u043d\u0430\u044f \u043c\u043e\u0434\u0430<\/strong><\/h3>\n<p data-start=\"1442\" data-end=\"1649\">\u042d\u0442\u043e\u0442 \u043f\u0440\u043e\u0434\u0443\u043a\u0442, \u0438\u0437\u0433\u043e\u0442\u043e\u0432\u043b\u0435\u043d\u043d\u044b\u0439 \u0432 \u0441\u043e\u043e\u0442\u0432\u0435\u0442\u0441\u0442\u0432\u0438\u0438 \u0441 \u043f\u0440\u0438\u043d\u0446\u0438\u043f\u0430\u043c\u0438 \u00ab\u043c\u0435\u0434\u043b\u0435\u043d\u043d\u043e\u0439 \u043c\u043e\u0434\u044b\u00bb, \u043e\u0442\u043b\u0438\u0447\u0430\u0435\u0442\u0441\u044f \u044d\u0442\u0438\u0447\u043d\u044b\u043c \u0438 \u0432\u044b\u0441\u043e\u043a\u043e\u043a\u0430\u0447\u0435\u0441\u0442\u0432\u0435\u043d\u043d\u044b\u043c \u043c\u0430\u0441\u0442\u0435\u0440\u0441\u0442\u0432\u043e\u043c. \u041e\u043d \u0431\u0435\u0440\u0435\u0436\u043d\u043e \u043e\u0442\u043d\u043e\u0441\u0438\u0442\u0441\u044f \u043a \u043f\u0440\u0438\u0440\u043e\u0434\u0435 \u0438 \u043f\u043e\u0434\u0434\u0435\u0440\u0436\u0438\u0432\u0430\u0435\u0442 \u0436\u0435\u043d\u0441\u043a\u0438\u0439 \u0442\u0440\u0443\u0434. \u041f\u043e\u043a\u0443\u043f\u0430\u044f \u0435\u0433\u043e, \u0432\u044b \u0432\u043d\u043e\u0441\u0438\u0442\u0435 \u0441\u0432\u043e\u0439 \u0432\u043a\u043b\u0430\u0434 \u0432 \u0443\u0441\u0442\u043e\u0439\u0447\u0438\u0432\u0443\u044e \u043c\u043e\u0434\u0443.<\/p>\n<hr data-start=\"1651\" data-end=\"1654\" \/>\n<h3 data-start=\"1656\" data-end=\"1684\">\ud83e\uddfc <strong data-start=\"1663\" data-end=\"1682\">\u0420\u0435\u043a\u043e\u043c\u0435\u043d\u0434\u0430\u0446\u0438\u0438 \u043f\u043e \u0443\u0445\u043e\u0434\u0443<\/strong><\/h3>\n<p>\u0420\u0443\u0447\u043d\u0430\u044f \u0441\u0442\u0438\u0440\u043a\u0430 \u0432 \u0445\u043e\u043b\u043e\u0434\u043d\u043e\u0439 \u0432\u043e\u0434\u0435, \u043d\u0435 \u043e\u0442\u0431\u0435\u043b\u0438\u0432\u0430\u0442\u044c. \u0421\u0443\u0448\u0438\u0442\u044c \u043d\u0430 \u043e\u0442\u043a\u0440\u044b\u0442\u043e\u043c \u0432\u043e\u0437\u0434\u0443\u0445\u0435. \u041c\u0430\u0448\u0438\u043d\u043d\u0430\u044f \u0441\u0442\u0438\u0440\u043a\u0430 \u0438 \u043e\u0442\u0436\u0438\u043c \u043d\u0435 \u0440\u0435\u043a\u043e\u043c\u0435\u043d\u0434\u0443\u044e\u0442\u0441\u044f. \u0414\u043b\u044f \u0441\u043e\u0445\u0440\u0430\u043d\u0435\u043d\u0438\u044f \u0435\u0441\u0442\u0435\u0441\u0442\u0432\u0435\u043d\u043d\u043e\u0439 \u0441\u0442\u0440\u0443\u043a\u0442\u0443\u0440\u044b \u0432\u043e\u043b\u043e\u043a\u043e\u043d \u0442\u0440\u0435\u0431\u0443\u0435\u0442\u0441\u044f \u0431\u0435\u0440\u0435\u0436\u043d\u044b\u0439 \u0443\u0445\u043e\u0434.<\/p>\n<hr data-start=\"1854\" data-end=\"1857\" \/>\n<h3 data-start=\"1859\" data-end=\"1909\">\u2728 <strong data-start=\"1865\" data-end=\"1907\">\u041f\u043e\u0447\u0435\u043c\u0443 \u0441\u0442\u043e\u0438\u0442 \u0432\u044b\u0431\u0440\u0430\u0442\u044c \u044d\u0442\u043e\u0442 \u0443\u043a\u043e\u0440\u043e\u0447\u0435\u043d\u043d\u044b\u0439 \u0442\u043e\u043f?<\/strong><\/h3>\n<ul data-start=\"1910\" data-end=\"2152\">\n<li data-start=\"1910\" data-end=\"1943\">\n<p data-start=\"1912\" data-end=\"1943\">%100 el yap\u0131m\u0131, \u00f6zg\u00fcn tasar\u0131m<\/p>\n<\/li>\n<li data-start=\"1944\" data-end=\"1978\">\n<p data-start=\"1946\" data-end=\"1978\">\u042f\u0440\u043a\u0438\u0435 \u0438 \u043f\u0440\u0438\u0432\u043b\u0435\u043a\u0430\u044e\u0449\u0438\u0435 \u0432\u043d\u0438\u043c\u0430\u043d\u0438\u0435 \u0446\u0432\u0435\u0442\u0430<\/p>\n<\/li>\n<li data-start=\"1979\" data-end=\"2012\">\n<p data-start=\"1981\" data-end=\"2012\">\u041b\u0435\u0433\u043a\u0430\u044f \u043a\u043e\u043d\u0441\u0442\u0440\u0443\u043a\u0446\u0438\u044f, \u043f\u043e\u0434\u0445\u043e\u0434\u044f\u0449\u0430\u044f \u0434\u043b\u044f \u043b\u0435\u0442\u043d\u0438\u0445 \u043c\u0435\u0441\u044f\u0446\u0435\u0432<\/p>\n<\/li>\n<li data-start=\"2013\" data-end=\"2036\">\n<p data-start=\"2015\" data-end=\"2036\">\u0423\u043d\u0438\u0441\u0435\u043a\u0441, \u0441\u0432\u043e\u0431\u043e\u0434\u043d\u044b\u0439 \u043a\u0440\u043e\u0439<\/p>\n<\/li>\n<li data-start=\"2037\" data-end=\"2070\">\n<p data-start=\"2039\" data-end=\"2070\">\u0423\u0441\u0442\u043e\u0439\u0447\u0438\u0432\u043e\u0435 \u0438 \u044d\u0442\u0438\u0447\u043d\u043e\u0435 \u043f\u0440\u043e\u0438\u0437\u0432\u043e\u0434\u0441\u0442\u0432\u043e<\/p>\n<\/li>\n<li data-start=\"2071\" data-end=\"2113\">\n<p data-start=\"2073\" data-end=\"2113\">\u041f\u043e\u0434\u0434\u0435\u0440\u0436\u0438\u0432\u0430\u0435\u0442 \u0436\u0435\u043d\u0441\u043a\u0438\u0439 \u0442\u0440\u0443\u0434 \u0438 \u0441\u043e\u043b\u0438\u0434\u0430\u0440\u043d\u043e\u0441\u0442\u044c<\/p>\n<\/li>\n<li data-start=\"2114\" data-end=\"2152\">\n<p data-start=\"2116\" data-end=\"2152\">\u0418\u0441\u043f\u043e\u043b\u044c\u0437\u043e\u0432\u0430\u043d\u0438\u0435 \u043d\u0430\u0442\u0443\u0440\u0430\u043b\u044c\u043d\u044b\u0445 \u043c\u0430\u0442\u0435\u0440\u0438\u0430\u043b\u043e\u0432, \u043f\u0440\u0438\u044f\u0442\u043d\u044b\u0445 \u0434\u043b\u044f \u043a\u043e\u0436\u0438<\/p>\n<\/li>\n<\/ul>","protected":false},"excerpt":{"rendered":"<p>\u042f\u0440\u043a\u0438\u0439, \u0432\u044f\u0437\u0430\u043d\u044b\u0439 \u043a\u0440\u044e\u0447\u043a\u043e\u043c \u0443\u043a\u043e\u0440\u043e\u0447\u0435\u043d\u043d\u044b\u0439 \u0442\u043e\u043f \u0441 \u0434\u043b\u0438\u043d\u043d\u044b\u043c\u0438 \u0440\u0443\u043a\u0430\u0432\u0430\u043c\u0438 \u0438 \u0441\u0435\u0440\u0434\u0446\u0435\u043c \u0440\u0443\u0447\u043d\u043e\u0439 \u0440\u0430\u0431\u043e\u0442\u044b. \u0415\u0433\u043e \u043b\u0451\u0433\u043a\u0430\u044f \u0441\u0442\u0440\u0443\u043a\u0442\u0443\u0440\u0430 \u0438 \u0441\u0442\u0438\u043b\u044c \u0431\u043e\u0445\u043e \u0441\u043e\u0447\u0435\u0442\u0430\u044e\u0442 \u0432 \u0441\u0435\u0431\u0435 \u044d\u043b\u0435\u0433\u0430\u043d\u0442\u043d\u043e\u0441\u0442\u044c \u0438 \u043a\u043e\u043c\u0444\u043e\u0440\u0442 \u043b\u0435\u0442\u043e\u043c.<\/p>","protected":false},"featured_media":29020,"comment_status":"open","ping_status":"closed","template":"","meta":[],"product_brand":[691],"product_cat":[697,714],"product_tag":[780,784,787,778,786,790,783,769,789,775,782,792,791,781,762,776,785,777,753,779,788],"class_list":{"0":"post-27688","1":"product","2":"type-product","3":"status-publish","4":"has-post-thumbnail","6":"product_brand-tuffhandicraft","7":"product_cat-crop-top","8":"product_cat-rave","9":"product_tag-boho-crop-top","10":"product_tag-crochet-crop-top","11":"product_tag-dogal-iplik","12":"product_tag-el-yapimi-crop-top","13":"product_tag-festival-stili","14":"product_tag-gunluk-stil-ust","15":"product_tag-handmade-top","16":"product_tag-hediye-fikirleri","17":"product_tag-kadin-ust-giyim","18":"product_tag-kalpli-crop-top","19":"product_tag-kalpli-tasarim","20":"product_tag-orgu-bluz","21":"product_tag-orgu-ust","22":"product_tag-renkli-crop-top","23":"product_tag-surdurulebilir-moda","24":"product_tag-tig-isi-crop-top","25":"product_tag-unisex-ust","26":"product_tag-uzun-kollu-crop-top","27":"product_tag-yavas-moda","28":"product_tag-yazlik-crop-top","29":"product_tag-yazlik-orgu-ust","31":"first","32":"instock","33":"taxable","34":"shipping-taxable","35":"purchasable","36":"product-type-variable"},"_links":{"self":[{"href":"https:\/\/tuffhandicraft.com\/ru\/wp-json\/wp\/v2\/product\/27688","targetHints":{"allow":["GET"]}}],"collection":[{"href":"https:\/\/tuffhandicraft.com\/ru\/wp-json\/wp\/v2\/product"}],"about":[{"href":"https:\/\/tuffhandicraft.com\/ru\/wp-json\/wp\/v2\/types\/product"}],"replies":[{"embeddable":true,"href":"https:\/\/tuffhandicraft.com\/ru\/wp-json\/wp\/v2\/comments?post=27688"}],"version-history":[{"count":0,"href":"https:\/\/tuffhandicraft.com\/ru\/wp-json\/wp\/v2\/product\/27688\/revisions"}],"wp:featuredmedia":[{"embeddable":true,"href":"https:\/\/tuffhandicraft.com\/ru\/wp-json\/wp\/v2\/media\/29020"}],"wp:attachment":[{"href":"https:\/\/tuffhandicraft.com\/ru\/wp-json\/wp\/v2\/media?parent=27688"}],"wp:term":[{"taxonomy":"product_brand","embeddable":true,"href":"https:\/\/tuffhandicraft.com\/ru\/wp-json\/wp\/v2\/product_brand?post=27688"},{"taxonomy":"product_cat","embeddable":true,"href":"https:\/\/tuffhandicraft.com\/ru\/wp-json\/wp\/v2\/product_cat?post=27688"},{"taxonomy":"product_tag","embeddable":true,"href":"https:\/\/tuffhandicraft.com\/ru\/wp-json\/wp\/v2\/product_tag?post=27688"}],"curies":[{"name":"wp","href":"https:\/\/api.w.org\/{rel}","templated":true}]}}