{"id":30019,"date":"2025-07-30T10:31:34","date_gmt":"2025-07-30T07:31:34","guid":{"rendered":"https:\/\/tuffhandicraft.com\/?post_type=product&#038;p=30019"},"modified":"2025-11-30T18:43:49","modified_gmt":"2025-11-30T15:43:49","slug":"bordo-el-yapimi-omuz-cantasi","status":"publish","type":"product","link":"https:\/\/tuffhandicraft.com\/ru\/magaza\/canta\/omuz-cantasi\/bordo-el-yapimi-omuz-cantasi\/","title":{"rendered":"Bordo El Yap\u0131m\u0131 Omuz \u00c7antas\u0131 \u2013 Zincir Ask\u0131l\u0131, Saten Astarl\u0131, E\u015fsiz Tasar\u0131m"},"content":{"rendered":"<h1 data-start=\"196\" data-end=\"272\">Bordo El Yap\u0131m\u0131 Omuz \u00c7antas\u0131 \u2013 Zincir Ask\u0131l\u0131, Saten Astarl\u0131, E\u015fsiz Tasar\u0131m<\/h1>\n<h2 data-start=\"274\" data-end=\"342\">\ud83c\udfa8 Japon Boro Tekni\u011finden \u0130lham Alan Bordo El Yap\u0131m\u0131 Omuz \u00c7antas\u0131<\/h2>\n<p data-start=\"344\" data-end=\"587\"><strong data-start=\"344\" data-end=\"376\">Bordo el yap\u0131m\u0131 omuz \u00e7antas\u0131<\/strong>, Japon <em data-start=\"384\" data-end=\"390\">Boro<\/em> tekni\u011finden esinlenerek tasarlanm\u0131\u015f \u00f6zel bir par\u00e7ad\u0131r. Parlak bordo saten zemin \u00fczerine uygulanan yama detaylar\u0131 ve el nak\u0131\u015f\u0131 i\u015flemeleriyle hem k\u00fclt\u00fcrel bir ruh ta\u015f\u0131r hem de \u00e7a\u011fda\u015f bir stil sunar.<\/p>\n<p data-start=\"589\" data-end=\"889\">Yeni versiyonunda bulunan <strong data-start=\"615\" data-end=\"644\">ayarlanabilir zincir ask\u0131<\/strong>, modern ve zarif bir g\u00f6r\u00fcn\u00fcm kazand\u0131r\u0131rken, omuzda bask\u0131y\u0131 azaltan destek par\u00e7as\u0131 sayesinde \u00e7anta g\u00fcn boyu konforlu bir kullan\u0131m sa\u011flar. Bal k\u00f6p\u00fc\u011f\u00fc rengindeki i\u00e7 astar\u0131 ve ke\u00e7e destekli alt taban\u0131 ile hem i\u015flevsel hem estetik bir deneyim sunar.<\/p>\n<h2 data-start=\"891\" data-end=\"916\">\ud83e\uddf5 Malzeme \u00d6zellikleri<\/h2>\n<ul data-start=\"918\" data-end=\"1210\">\n<li data-start=\"918\" data-end=\"976\">\n<p data-start=\"920\" data-end=\"976\">Japon <em data-start=\"926\" data-end=\"932\">Boro<\/em> sanat\u0131ndan esinlenilmi\u015f patchwork tasar\u0131m<\/p>\n<\/li>\n<li data-start=\"977\" data-end=\"1005\">\n<p data-start=\"979\" data-end=\"1005\">Parlak bordo saten kuma\u015f<\/p>\n<\/li>\n<li data-start=\"1006\" data-end=\"1040\">\n<p data-start=\"1008\" data-end=\"1040\">El nak\u0131\u015f\u0131yla i\u015flenmi\u015f detaylar<\/p>\n<\/li>\n<li data-start=\"1041\" data-end=\"1077\">\n<p data-start=\"1043\" data-end=\"1077\">Ayarlanabilir zincir omuz ask\u0131s\u0131<\/p>\n<\/li>\n<li data-start=\"1078\" data-end=\"1117\">\n<p data-start=\"1080\" data-end=\"1117\">Konfor sa\u011flayan omuz destek par\u00e7as\u0131<\/p>\n<\/li>\n<li data-start=\"1118\" data-end=\"1152\">\n<p data-start=\"1120\" data-end=\"1152\">Bal k\u00f6p\u00fc\u011f\u00fc tonunda saten astar<\/p>\n<\/li>\n<li data-start=\"1153\" data-end=\"1172\">\n<p data-start=\"1155\" data-end=\"1172\">\u0130\u00e7 b\u00f6lmeli yap\u0131<\/p>\n<\/li>\n<li data-start=\"1173\" data-end=\"1210\">\n<p data-start=\"1175\" data-end=\"1210\">Ke\u00e7e destekli alt taban \u2013 dik durur<\/p>\n<\/li>\n<\/ul>\n<h2 data-start=\"1212\" data-end=\"1242\">\ud83d\udc5c Kullan\u0131m Alan\u0131 ve Konfor<\/h2>\n<p data-start=\"1244\" data-end=\"1537\">G\u00fcnl\u00fck \u015fehir ya\u015fant\u0131s\u0131ndan hafta sonu bulu\u015fmalar\u0131na kadar pek \u00e7ok alanda kullan\u0131labilir. Hafifli\u011fi ve sa\u011flam yap\u0131s\u0131 sayesinde kolay ta\u015f\u0131n\u0131r. Zincir ask\u0131s\u0131 iste\u011fe g\u00f6re ayarlanabilir ve omuzda rahats\u0131zl\u0131k yaratmaz. \u0130\u00e7 b\u00f6lmeleri sayesinde e\u015fyalar\u0131n\u0131z\u0131 d\u00fczenli bir \u015fekilde ta\u015f\u0131man\u0131za olanak tan\u0131r.<\/p>\n<h2 data-start=\"1539\" data-end=\"1557\">\ud83d\udc57 \u041f\u0440\u0435\u0434\u043b\u043e\u0436\u0435\u043d\u0438\u0435 \u0441\u0442\u0438\u043b\u044f<\/h2>\n<p data-start=\"1559\" data-end=\"1828\">Bu \u00e7anta; oversize ceketler, keten g\u00f6mlekler, d\u00fcz renk elbiseler ve basic ti\u015f\u00f6rtlerle harika kombinlenir. Zincir detaylar\u0131 sayesinde g\u00fcnd\u00fczden geceye kolayca uyum sa\u011flar.<br data-start=\"1729\" data-end=\"1732\" \/>\u2728 Bordo rengi, \u00f6zellikle sonbahar ve k\u0131\u015f aylar\u0131nda kombinlerinize sofistike bir hava katacakt\u0131r.<\/p>\n<p data-start=\"1830\" data-end=\"1920\">\u0414\u043b\u044f \u0434\u0440\u0443\u0433\u0438\u0445 \u043c\u043e\u0434\u0435\u043b\u0435\u0439, \u043a\u043e\u0442\u043e\u0440\u044b\u0435 \u043c\u043e\u0433\u0443\u0442 \u043f\u043e\u0434\u043e\u0439\u0442\u0438 \u0432\u0430\u0448\u0435\u043c\u0443 \u0441\u0442\u0438\u043b\u044e \u0438 \u043d\u0435 \u0442\u043e\u043b\u044c\u043a\u043e, \u043f\u043e\u0441\u0435\u0442\u0438\u0442\u0435 Tuff\u00a0<a href=\"https:\/\/www.pinterest.com\/TuffHandicraft01\/\" target=\"_blank\" rel=\"noopener\">\u041f\u0438\u043d\u0442\u0435\u0440\u0435\u0441\u0442<\/a>\u00a0\u043f\u043e\u0441\u0435\u0442\u0438\u0442\u0435 \u043c\u0438\u0440.<\/p>\n<h2 data-start=\"1922\" data-end=\"1957\">\u267b\ufe0f \u0420\u0443\u0447\u043d\u0430\u044f \u0440\u0430\u0431\u043e\u0442\u0430 \u0438 \u044d\u043a\u043e\u043b\u043e\u0433\u0438\u0447\u043d\u043e\u0441\u0442\u044c<\/h2>\n<p data-start=\"1959\" data-end=\"2307\">%100 el yap\u0131m\u0131 olarak, ileri d\u00f6n\u00fc\u015ft\u00fcr\u00fclm\u00fc\u015f kuma\u015f par\u00e7alar\u0131yla tasarlanm\u0131\u015ft\u0131r.<br data-start=\"2036\" data-end=\"2039\" \/>Her bir \u00e7anta, sadece tek bir defa \u00fcretilir \u2013 ayn\u0131s\u0131 bir daha yap\u0131lmaz.<br data-start=\"2110\" data-end=\"2113\" \/>Bu da her \u00fcr\u00fcn\u00fcn e\u015fsiz ve size \u00f6zel oldu\u011fu anlam\u0131na gelir.<br data-start=\"2171\" data-end=\"2174\" \/>S\u0131f\u0131r at\u0131k yakla\u015f\u0131m\u0131n\u0131 benimseyen \u00fcretim s\u00fcreciyle do\u011faya sayg\u0131 g\u00f6sterilir.<br data-start=\"2249\" data-end=\"2252\" \/><a href=\"https:\/\/tuffhandicraft.com\/ru\/magaza\/canta\/omuz-cantasi\/etnik-patchwork-omuz-cantasi\/\">Japon <em data-start=\"2258\" data-end=\"2264\">Boro<\/em><\/a> gelene\u011finin ruhu modern estetikle bulu\u015fur.<\/p>\n<h2 data-start=\"2309\" data-end=\"2332\">\ud83e\uddfc \u0418\u043d\u0441\u0442\u0440\u0443\u043a\u0446\u0438\u0438 \u043f\u043e \u0443\u0445\u043e\u0434\u0443<\/h2>\n<ul data-start=\"2334\" data-end=\"2525\">\n<li data-start=\"2334\" data-end=\"2374\">\n<p data-start=\"2336\" data-end=\"2374\">El ile, so\u011fuk suda nazik\u00e7e y\u0131kay\u0131n\u0131z<\/p>\n<\/li>\n<li data-start=\"2375\" data-end=\"2409\">\n<p data-start=\"2377\" data-end=\"2409\">\u041d\u0435 \u0438\u0441\u043f\u043e\u043b\u044c\u0437\u0443\u0439\u0442\u0435 \u0441\u0443\u0448\u0438\u043b\u043a\u0443.<\/p>\n<\/li>\n<li data-start=\"2410\" data-end=\"2450\">\n<p data-start=\"2412\" data-end=\"2450\">A\u011fart\u0131c\u0131 i\u00e7eren \u00fcr\u00fcnlerden ka\u00e7\u0131n\u0131n\u0131z<\/p>\n<\/li>\n<li data-start=\"2451\" data-end=\"2492\">\n<p data-start=\"2453\" data-end=\"2492\">Metal zincir k\u0131sm\u0131 nemli b\u0131rakmay\u0131n\u0131z<\/p>\n<\/li>\n<li data-start=\"2493\" data-end=\"2525\">\n<p data-start=\"2495\" data-end=\"2525\">D\u00fcz zeminde, g\u00f6lgede kurutunuz<\/p>\n<\/li>\n<\/ul>\n<h2 data-start=\"2527\" data-end=\"2570\">\u2728 Neden Bu Bordo El Yap\u0131m\u0131 Omuz \u00c7antas\u0131?<\/h2>\n<p data-start=\"2572\" data-end=\"2962\">\u2705 Japon <em data-start=\"2580\" data-end=\"2586\">Boro<\/em> tekni\u011finden ilham alan \u00f6zel tasar\u0131m<br data-start=\"2622\" data-end=\"2625\" \/>\u2705 El nak\u0131\u015flar\u0131yla s\u00fcslenmi\u015f, estetik detaylar<br data-start=\"2670\" data-end=\"2673\" \/>\u2705 Ayarlanabilir zincir ask\u0131 + konforlu omuz destek par\u00e7as\u0131<br data-start=\"2731\" data-end=\"2734\" \/>\u2705 Bal k\u00f6p\u00fc\u011f\u00fc astar, i\u00e7 b\u00f6lmelerle d\u00fczenli kullan\u0131m<br data-start=\"2784\" data-end=\"2787\" \/>\u2705 Ke\u00e7e destekli alt taban \u2013 dik duru\u015f garantisi<br data-start=\"2834\" data-end=\"2837\" \/>\u2705 Hafif, sa\u011flam ve g\u00fcnl\u00fck kullan\u0131ma uygun<br data-start=\"2878\" data-end=\"2881\" \/>\u2705 %100 el yap\u0131m\u0131 \u2013 her biri e\u015fsiz<br data-start=\"2914\" data-end=\"2917\" \/>\u2705 S\u00fcrd\u00fcr\u00fclebilir \u00fcretim, s\u0131f\u0131r at\u0131k felsefesi<\/p>\n<hr data-start=\"2964\" data-end=\"2967\" \/>\n<h3 data-start=\"2969\" data-end=\"3003\"><\/h3>","protected":false},"excerpt":{"rendered":"<p data-start=\"146\" data-end=\"317\">Bordo el yap\u0131m\u0131 omuz \u00e7antas\u0131, Japon Boro tekni\u011finden ilhamla haz\u0131rlanm\u0131\u015ft\u0131r. Zincir ask\u0131l\u0131, saten astarl\u0131, el nak\u0131\u015fl\u0131 ve b\u00f6lmeli yap\u0131s\u0131yla benzersiz bir tasar\u0131m sunar.<\/p>","protected":false},"featured_media":30024,"comment_status":"open","ping_status":"closed","template":"","meta":[],"product_brand":[691],"product_cat":[724,686],"product_tag":[1605,1604,1599,1600,1601,1606,812,769,825,1603,1602,817,762,740,753,816,1116],"class_list":{"0":"post-30019","1":"product","2":"type-product","3":"status-publish","4":"has-post-thumbnail","6":"product_brand-tuffhandicraft","7":"product_cat-omuz-cantasi","8":"product_cat-canta","9":"product_tag-benzersiz-canta","10":"product_tag-benzersiz-el-yapimi-canta","11":"product_tag-bordo-el-yapimi-omuz-cantasi","12":"product_tag-boro-canta","13":"product_tag-el-nakisli-canta","14":"product_tag-el-yapimi","15":"product_tag-el-yapimi-canta","16":"product_tag-hediye-fikirleri","17":"product_tag-kadin-cantasi","18":"product_tag-kece-destekli-canta","19":"product_tag-patchwork-canta","20":"product_tag-surdurulebilir-canta","21":"product_tag-surdurulebilir-moda","22":"product_tag-tuffhandicraft","23":"product_tag-yavas-moda","24":"product_tag-yazlik-canta","25":"product_tag-zincir-askili-canta","27":"first","28":"instock","29":"sale","30":"taxable","31":"shipping-taxable","32":"purchasable","33":"product-type-simple"},"_links":{"self":[{"href":"https:\/\/tuffhandicraft.com\/ru\/wp-json\/wp\/v2\/product\/30019","targetHints":{"allow":["GET"]}}],"collection":[{"href":"https:\/\/tuffhandicraft.com\/ru\/wp-json\/wp\/v2\/product"}],"about":[{"href":"https:\/\/tuffhandicraft.com\/ru\/wp-json\/wp\/v2\/types\/product"}],"replies":[{"embeddable":true,"href":"https:\/\/tuffhandicraft.com\/ru\/wp-json\/wp\/v2\/comments?post=30019"}],"version-history":[{"count":1,"href":"https:\/\/tuffhandicraft.com\/ru\/wp-json\/wp\/v2\/product\/30019\/revisions"}],"predecessor-version":[{"id":30268,"href":"https:\/\/tuffhandicraft.com\/ru\/wp-json\/wp\/v2\/product\/30019\/revisions\/30268"}],"wp:featuredmedia":[{"embeddable":true,"href":"https:\/\/tuffhandicraft.com\/ru\/wp-json\/wp\/v2\/media\/30024"}],"wp:attachment":[{"href":"https:\/\/tuffhandicraft.com\/ru\/wp-json\/wp\/v2\/media?parent=30019"}],"wp:term":[{"taxonomy":"product_brand","embeddable":true,"href":"https:\/\/tuffhandicraft.com\/ru\/wp-json\/wp\/v2\/product_brand?post=30019"},{"taxonomy":"product_cat","embeddable":true,"href":"https:\/\/tuffhandicraft.com\/ru\/wp-json\/wp\/v2\/product_cat?post=30019"},{"taxonomy":"product_tag","embeddable":true,"href":"https:\/\/tuffhandicraft.com\/ru\/wp-json\/wp\/v2\/product_tag?post=30019"}],"curies":[{"name":"wp","href":"https:\/\/api.w.org\/{rel}","templated":true}]}}